{"id":17527,"date":"2014-05-20T07:51:11","date_gmt":"2014-05-20T05:51:11","guid":{"rendered":"https:\/\/www.marinaberdalet.com\/?page_id=17527"},"modified":"2026-02-16T11:47:31","modified_gmt":"2026-02-16T09:47:31","slug":"inicio","status":"publish","type":"page","link":"https:\/\/www.marinaberdalet.com\/es\/","title":{"rendered":"Inicio"},"content":{"rendered":"<div class=\"wpb-content-wrapper\"><p>[vc_row css_animation=\u00bb\u00bb row_type=\u00bbrow\u00bb use_row_as_full_screen_section=\u00bbno\u00bb type=\u00bbgrid\u00bb angled_section=\u00bbno\u00bb text_align=\u00bbleft\u00bb background_image_as_pattern=\u00bbwithout_pattern\u00bb padding_bottom=\u00bb0&#8243; el_class=\u00bbgallery_nav_right\u00bb z_index=\u00bb\u00bb anchor=\u00bbinici\u00bb][vc_column width=\u00bb1\/4&#8243; el_class=\u00bbls-slider-left\u00bb][vc_empty_space height=\u00bb50&#8243;][vc_column_text]<strong>La web de una pintora<\/strong>[\/vc_column_text][vc_empty_space height=\u00bb25&#8243;][vc_column_text]<\/p>\n<h1><strong>Marina<\/strong> Berdalet<\/h1>\n<p>[\/vc_column_text][vc_empty_space height=\u00bb25&#8243;][vc_column_text][\/vc_column_text][vc_empty_space height=\u00bb25&#8243;][vc_column_text]<a href=\"https:\/\/www.marinaberdalet.com\/es\/acerca-de-mi\/\">M\u00e1s sobre m\u00ed \u2192<\/a>[\/vc_column_text][vc_empty_space height=\u00bb25&#8243;][\/vc_column][vc_column width=\u00bb3\/4&#8243;][vc_gallery interval=\u00bb10&#8243; images=\u00bb16264,16268,16212,16260&#8243; img_size=\u00bbfull\u00bb onclick=\u00bb\u00bb direction_nav=\u00bbno\u00bb control_nav=\u00bbno\u00bb][\/vc_column][\/vc_row][vc_row css_animation=\u00bb\u00bb row_type=\u00bbrow\u00bb use_row_as_full_screen_section=\u00bbno\u00bb type=\u00bbgrid\u00bb angled_section=\u00bbno\u00bb text_align=\u00bbleft\u00bb background_image_as_pattern=\u00bbwithout_pattern\u00bb z_index=\u00bb\u00bb][vc_column][vc_separator type=\u00bbnormal\u00bb thickness=\u00bb3&#8243; up=\u00bb0&#8243; down=\u00bb0&#8243;][\/vc_column][\/vc_row][vc_row css_animation=\u00bb\u00bb row_type=\u00bbrow\u00bb use_row_as_full_screen_section=\u00bbno\u00bb type=\u00bbgrid\u00bb angled_section=\u00bbno\u00bb text_align=\u00bbleft\u00bb background_image_as_pattern=\u00bbwithout_pattern\u00bb padding_top=\u00bb66&#8243; padding_bottom=\u00bb13&#8243; z_index=\u00bb\u00bb][vc_column width=\u00bb1\/5&#8243;][vc_column_text]<\/p>\n<h2>Acerca de m\u00ed<\/h2>\n<p>[\/vc_column_text][vc_separator type=\u00bbsmall\u00bb position=\u00bbleft\u00bb][vc_column_text]Cuatro datos sobre mi trayectoria: desde 1989 compagino la investigaci\u00f3n art\u00edstica con la docencia -cursos de formaci\u00f3n, conferencias, talleres\u2026- y el arteterapia.<\/p>\n<p>[\/vc_column_text][vc_empty_space height=\u00bb20&#8243;][vc_column_text]<a href=\"https:\/\/www.marinaberdalet.com\/es\/acerca-de-mi\/\">Quiero saber m\u00e1s\u00a0\u2192<\/a>[\/vc_column_text][vc_separator type=\u00bbtransparent\u00bb up=\u00bb45&#8243; down=\u00bb0&#8243;][\/vc_column][vc_column width=\u00bb1\/5&#8243;][vc_column_text]<\/p>\n<h2>Series<\/h2>\n<p>[\/vc_column_text][vc_separator type=\u00bbsmall\u00bb position=\u00bbleft\u00bb][vc_column_text]Construir lentamente mi lenguaje pl\u00e1stico y simb\u00f3lico lo consigo trabajando por series. V\u00e9anse aqu\u00ed las m\u00e1s representativas.[\/vc_column_text][vc_empty_space height=\u00bb20&#8243;][vc_column_text]<a href=\"https:\/\/www.marinaberdalet.com\/es\/series\/\">Ver las series \u2192<\/a>[\/vc_column_text][vc_separator type=\u00bbtransparent\u00bb up=\u00bb45&#8243; down=\u00bb0&#8243;][\/vc_column][vc_column width=\u00bb1\/5&#8243;][vc_column_text]<\/p>\n<h2>Exposiciones<\/h2>\n<p>[\/vc_column_text][vc_separator type=\u00bbsmall\u00bb position=\u00bbleft\u00bb][vc_column_text]He realizado m\u00e1s de 50 exposiciones individuales para mostrar mi obra. A continuaci\u00f3n, una selecci\u00f3n de \u00e9stas.[\/vc_column_text][vc_empty_space height=\u00bb20&#8243;][vc_column_text]<a href=\"https:\/\/www.marinaberdalet.com\/es\/exposiciones\/\">Ver las exposiciones\u00a0\u2192<\/a>[\/vc_column_text][vc_separator type=\u00bbtransparent\u00bb up=\u00bb45&#8243; down=\u00bb0&#8243;][\/vc_column][vc_column width=\u00bb1\/5&#8243;][vc_column_text]<\/p>\n<h2>Colada<\/h2>\n<p>[\/vc_column_text][vc_separator type=\u00bbsmall\u00bb position=\u00bbleft\u00bb][vc_column_text]Y en esta secci\u00f3n, otras vertientes de mi trayectoria profesional: encargos de retratos, ilustraci\u00f3n y dise\u00f1o.[\/vc_column_text][vc_empty_space height=\u00bb20&#8243;][vc_column_text]<a href=\"https:\/\/www.marinaberdalet.com\/es\/colada\/\">Hacemos colada?\u00a0\u2192<\/a>[\/vc_column_text][vc_separator type=\u00bbtransparent\u00bb up=\u00bb45&#8243; down=\u00bb0&#8243;][\/vc_column][vc_column width=\u00bb1\/5&#8243;][vc_column_text]<\/p>\n<h2>T\u00e8menos<\/h2>\n<p>[\/vc_column_text][vc_separator type=\u00bbsmall\u00bb position=\u00bbleft\u00bb][vc_column_text]Con esta palabra defino actividades vinculadas al arteterapia y la educaci\u00f3n (talleres de arte, conferencias, charlas), entre otros.[\/vc_column_text][vc_empty_space height=\u00bb20&#8243;][vc_column_text]<a href=\"https:\/\/www.marinaberdalet.com\/es\/temenos\/\">Ir a T\u00e8menos \u2192<\/a>[\/vc_column_text][vc_separator type=\u00bbtransparent\u00bb up=\u00bb45&#8243; down=\u00bb0&#8243;][\/vc_column][\/vc_row][vc_row css_animation=\u00bb\u00bb row_type=\u00bbrow\u00bb use_row_as_full_screen_section=\u00bbno\u00bb type=\u00bbgrid\u00bb angled_section=\u00bbno\u00bb text_align=\u00bbleft\u00bb background_image_as_pattern=\u00bbwithout_pattern\u00bb z_index=\u00bb\u00bb][vc_column][vc_separator type=\u00bbnormal\u00bb][\/vc_column][\/vc_row][vc_row css_animation=\u00bb\u00bb row_type=\u00bbrow\u00bb use_row_as_full_screen_section=\u00bbno\u00bb type=\u00bbgrid\u00bb angled_section=\u00bbno\u00bb text_align=\u00bbleft\u00bb background_image_as_pattern=\u00bbwithout_pattern\u00bb padding_top=\u00bb40&#8243; padding_bottom=\u00bb50&#8243; z_index=\u00bb\u00bb][vc_column][vc_column_text]<\/p>\n<h2>Algunas noticias de actualidad\u2026<\/h2>\n<p>[\/vc_column_text][vc_separator type=\u00bbsmall\u00bb position=\u00bbleft\u00bb down=\u00bb40&#8243;][vc_column_text][\/vc_column_text][vc_row_inner row_type=\u00bbrow\u00bb type=\u00bbfull_width\u00bb text_align=\u00bbleft\u00bb css_animation=\u00bb\u00bb][vc_column_inner width=\u00bb1\/3&#8243;][vc_single_image image=\u00bb18184&#8243; img_size=\u00bbfull\u00bb alignment=\u00bbcenter\u00bb qode_css_animation=\u00bb\u00bb][vc_empty_space height=\u00bb25&#8243;][vc_column_text]<\/p>\n<div class=\"wpb_text_column wpb_content_element \">\n<div class=\"wpb_wrapper\">\n<h3><strong><em>RUTES INCERTES<\/em><\/strong><\/h3>\n<h3><strong><em>VEIG ELS HOMES, COM ARBRES QUE CAMINEN<\/em><\/strong><\/h3>\n<p>(RUTAS INCIERTAS. VEO A LOS HOMBRES, COMO \u00c1RBOLES QUE CAMINAN)<\/p>\n<h3>DEL 30 DE ENERO AL 8 DE MARZO 2026, AL TEMPLE ROM\u00c0 DE VIC<\/h3>\n<\/div>\n<\/div>\n<p>[\/vc_column_text][vc_empty_space height=\u00bb25&#8243;][vc_column_text]Exposici\u00f3n en el Temple Rom\u00e0, Vic<\/p>\n<p>Figuras errante y solitarias -com \u00e1rboles-, caminan por rutas inciertas. Oscuras sombras las anclan, en profundos paisajes irreales sin horizontes definidos.[\/vc_column_text][vc_empty_space height=\u00bb50&#8243;][\/vc_column_inner][vc_column_inner width=\u00bb1\/3&#8243;][vc_single_image image=\u00bb18118&#8243; img_size=\u00bbfull\u00bb alignment=\u00bbcenter\u00bb qode_css_animation=\u00bb\u00bb][vc_empty_space height=\u00bb25&#8243;][vc_column_text]<\/p>\n<div class=\"wpb_text_column wpb_content_element \">\n<div class=\"wpb_wrapper\">\n<h3>FLORS DE DEB\u00d2. UNA INTERPRETACI\u00d3N PL\u00c1STICA DE LA OBRA DE MERC\u00c8 RODOREDA ADQUIRIDA POR LA FUNDACI\u00d3 MERC\u00c8 RODOREDA. INSTITUT D\u2019ESTUDIS CATALANS (IEC)<\/h3>\n<\/div>\n<\/div>\n<p>[\/vc_column_text][vc_empty_space height=\u00bb25&#8243;][vc_column_text]Un libro acorde\u00f3n artesanal realizado con acuarela, l\u00e1piz grafito y tinta china sobre papel, que forma parte del espacio museogr\u00e1fico <a href=\"https:\/\/www.mercerodoreda.cat\/biografia\">Merc\u00e8 Rodoreda<\/a> (IEC)[\/vc_column_text][vc_empty_space height=\u00bb25&#8243;][\/vc_column_inner][vc_column_inner width=\u00bb1\/3&#8243;][vc_single_image image=\u00bb17894&#8243; img_size=\u00bbfull\u00bb add_caption=\u00bbyes\u00bb alignment=\u00bbcenter\u00bb qode_css_animation=\u00bb\u00bb][vc_empty_space height=\u00bb25&#8243;][vc_column_text]<\/p>\n<h3><strong>CESI\u00d3N DE TRES DIBUJOS A L\u2019INSTITUT D\u2019ESTUDIS CATALANS<\/strong><\/h3>\n<p>[\/vc_column_text][vc_empty_space height=\u00bb30&#8243;][vc_column_text]La obra \u201cDones: balada de terra i foc\u201d, realizada en el acto de commemoraci\u00f3n del D\u00eda Internacional de la Mujer, ha estado cedidad a l\u2019IEC.<\/p>\n<p>M\u00e1s info <a href=\"https:\/\/www.iec.cat\/noticia\/?id_noticia=3827\">aqu\u00ed<\/a>[\/vc_column_text][vc_empty_space height=\u00bb50&#8243;][\/vc_column_inner][\/vc_row_inner][\/vc_column][\/vc_row]<\/p>\n<\/div>","protected":false},"excerpt":{"rendered":"<p>[vc_row css_animation=\u00bb\u00bb row_type=\u00bbrow\u00bb use_row_as_full_screen_section=\u00bbno\u00bb type=\u00bbgrid\u00bb angled_section=\u00bbno\u00bb text_align=\u00bbleft\u00bb background_image_as_pattern=\u00bbwithout_pattern\u00bb padding_bottom=\u00bb0&#8243; el_class=\u00bbgallery_nav_right\u00bb z_index=\u00bb\u00bb anchor=\u00bbinici\u00bb][vc_column width=\u00bb1\/4&#8243; el_class=\u00bbls-slider-left\u00bb][vc_empty_space height=\u00bb50&#8243;][vc_column_text]La web de una pintora[\/vc_column_text][vc_empty_space height=\u00bb25&#8243;][vc_column_text] Marina Berdalet [\/vc_column_text][vc_empty_space height=\u00bb25&#8243;][vc_column_text][\/vc_column_text][vc_empty_space height=\u00bb25&#8243;][vc_column_text]M\u00e1s sobre m\u00ed \u2192[\/vc_column_text][vc_empty_space height=\u00bb25&#8243;][\/vc_column][vc_column width=\u00bb3\/4&#8243;][vc_gallery interval=\u00bb10&#8243; images=\u00bb16264,16268,16212,16260&#8243; img_size=\u00bbfull\u00bb onclick=\u00bb\u00bb direction_nav=\u00bbno\u00bb control_nav=\u00bbno\u00bb][\/vc_column][\/vc_row][vc_row css_animation=\u00bb\u00bb row_type=\u00bbrow\u00bb use_row_as_full_screen_section=\u00bbno\u00bb type=\u00bbgrid\u00bb angled_section=\u00bbno\u00bb text_align=\u00bbleft\u00bb background_image_as_pattern=\u00bbwithout_pattern\u00bb z_index=\u00bb\u00bb][vc_column][vc_separator type=\u00bbnormal\u00bb&#8230;<\/p>\n","protected":false},"author":1,"featured_media":0,"parent":0,"menu_order":0,"comment_status":"open","ping_status":"open","template":"full_width.php","meta":{"footnotes":""},"class_list":["post-17527","page","type-page","status-publish","hentry"],"_links":{"self":[{"href":"https:\/\/www.marinaberdalet.com\/es\/wp-json\/wp\/v2\/pages\/17527","targetHints":{"allow":["GET"]}}],"collection":[{"href":"https:\/\/www.marinaberdalet.com\/es\/wp-json\/wp\/v2\/pages"}],"about":[{"href":"https:\/\/www.marinaberdalet.com\/es\/wp-json\/wp\/v2\/types\/page"}],"author":[{"embeddable":true,"href":"https:\/\/www.marinaberdalet.com\/es\/wp-json\/wp\/v2\/users\/1"}],"replies":[{"embeddable":true,"href":"https:\/\/www.marinaberdalet.com\/es\/wp-json\/wp\/v2\/comments?post=17527"}],"version-history":[{"count":59,"href":"https:\/\/www.marinaberdalet.com\/es\/wp-json\/wp\/v2\/pages\/17527\/revisions"}],"predecessor-version":[{"id":18201,"href":"https:\/\/www.marinaberdalet.com\/es\/wp-json\/wp\/v2\/pages\/17527\/revisions\/18201"}],"wp:attachment":[{"href":"https:\/\/www.marinaberdalet.com\/es\/wp-json\/wp\/v2\/media?parent=17527"}],"curies":[{"name":"wp","href":"https:\/\/api.w.org\/{rel}","templated":true}]}}