{"id":17546,"date":"2024-02-19T12:51:09","date_gmt":"2024-02-19T10:51:09","guid":{"rendered":"https:\/\/www.marinaberdalet.com\/?page_id=17546"},"modified":"2024-03-25T18:39:25","modified_gmt":"2024-03-25T16:39:25","slug":"series","status":"publish","type":"page","link":"https:\/\/www.marinaberdalet.com\/es\/series\/","title":{"rendered":"Series"},"content":{"rendered":"<div class=\"wpb-content-wrapper\"><p>[vc_row css_animation=\u00bb\u00bb row_type=\u00bbrow\u00bb use_row_as_full_screen_section=\u00bbno\u00bb type=\u00bbgrid\u00bb angled_section=\u00bbno\u00bb text_align=\u00bbleft\u00bb background_image_as_pattern=\u00bbwithout_pattern\u00bb z_index=\u00bb\u00bb][vc_column][vc_column_text]<\/p>\n<p style=\"text-align: right;\"><a href=\"\/es\">Inicio<\/a> \/ Series<\/p>\n<p>[\/vc_column_text][\/vc_column][\/vc_row][vc_row css_animation=\u00bb\u00bb row_type=\u00bbrow\u00bb use_row_as_full_screen_section=\u00bbno\u00bb type=\u00bbgrid\u00bb angled_section=\u00bbno\u00bb text_align=\u00bbleft\u00bb background_image_as_pattern=\u00bbwithout_pattern\u00bb z_index=\u00bb\u00bb padding_top=\u00bb25&#8243; padding_bottom=\u00bb0&#8243;][vc_column][vc_separator type=\u00bbnormal\u00bb color=\u00bb#000000&#8243; thickness=\u00bb1&#8243; up=\u00bb0&#8243; down=\u00bb0&#8243;][\/vc_column][\/vc_row][vc_row css_animation=\u00bb\u00bb row_type=\u00bbrow\u00bb use_row_as_full_screen_section=\u00bbno\u00bb type=\u00bbfull_width\u00bb angled_section=\u00bbno\u00bb text_align=\u00bbleft\u00bb background_image_as_pattern=\u00bbwithout_pattern\u00bb z_index=\u00bb\u00bb padding_top=\u00bb0&#8243; padding_bottom=\u00bb0&#8243; anchor=\u00bbinici\u00bb][vc_column][vc_empty_space height=\u00bb50&#8243;][vc_column_text]<\/p>\n<h1>Series<\/h1>\n<p>[\/vc_column_text][vc_empty_space height=\u00bb25&#8243;][vc_column_text]Suelo trabajar por series: hay un motivo inicial (consciente o inconsciente) que dirige mi atenci\u00f3n hacia un punto. Y es entonces cuando comienza la aventura, tirando del hilo: el arte nos conecta con lo m\u00e1s \u00edntimo y desconocido de nosotros mismos y me gusta descubrir, a trav\u00e9s de la materia, m\u00e1s cosas de m\u00ed y de la creaci\u00f3n art\u00edstica.<\/p>\n<p>&nbsp;<\/p>\n<p>En el taller y sin filtro alguno, dejo que las obras vayan saliendo sin freno. M\u00e1s adelante ya vendr\u00e1 el momento de la reflexi\u00f3n (si es necesario). No trabajo en una sola obra: son muchas las telas, los papeles, los dibujos\u2026 A medida que descubro cosas nuevas voy aplic\u00e1ndolas en los distintos soportes de modo que construyo poco a poco mi lenguaje simb\u00f3lico. Empiezo una tela y otra y otra, de tama\u00f1os diferentes. Pinto por capas, tomo paciencia, velo, vuelvo a empezar, giro e invierto la tela de posici\u00f3n, la cambio de lugar. Incluso a veces la castigo una temporada de cara a la pared. Decidir cuando termino la pieza es lo m\u00e1s dif\u00edcil, pero hay que estar al acecho porque yo creo que la obra me lo acaba diciendo.<\/p>\n<p>&nbsp;<\/p>\n<p>Con el tiempo he observado que las series se entrecruzan entre s\u00ed. Curiosamente, algunas vuelven a reaparecer a\u00f1os m\u00e1s tarde, con ligeras modificaciones (formas, colores, soporte, t\u00e9cnicas\u2026) en funci\u00f3n de la investigaci\u00f3n pl\u00e1stica del momento. Por eso es dif\u00edcil a veces saber d\u00f3nde acaba una serie y empieza otra.[\/vc_column_text][vc_empty_space height=\u00bb75&#8243;][vc_row_inner row_type=\u00bbrow\u00bb type=\u00bbfull_width\u00bb text_align=\u00bbleft\u00bb css_animation=\u00bb\u00bb][vc_column_inner width=\u00bb1\/4&#8243;][vc_single_image image=\u00bb15999&#8243; img_size=\u00bb600&#215;650&#8243; onclick=\u00bbcustom_link\u00bb qode_css_animation=\u00bb\u00bb qode_hover_animation=\u00bbzoom_in\u00bb link=\u00bb\/es\/series\/weltanschauung-paseos\/\u00bb][vc_empty_space height=\u00bb25&#8243;][vc_column_text]<\/p>\n<h2>Weltanschauung \u2013 Paseos<\/h2>\n<p>[\/vc_column_text][vc_separator type=\u00bbsmall\u00bb position=\u00bbleft\u00bb color=\u00bb#000000&#8243; thickness=\u00bb1&#8243;][vc_column_text]Paisajes que emergen en el espacio interior del taller, sin m\u00e1s referente que la experiencia previa de la observaci\u00f3n y de vivencias vividas.<\/p>\n<p>&nbsp;<\/p>\n<p>\u2192 <a href=\"\/es\/series\/weltanschauung-paseos\/\">Ver la serie Weltanschauung &#8211; Paseos<\/a>[\/vc_column_text][vc_empty_space height=\u00bb75&#8243;][\/vc_column_inner][vc_column_inner width=\u00bb1\/4&#8243;][vc_single_image image=\u00bb16555&#8243; img_size=\u00bb600&#215;650&#8243; onclick=\u00bbcustom_link\u00bb qode_css_animation=\u00bb\u00bb qode_hover_animation=\u00bbzoom_in\u00bb link=\u00bb\/es\/series\/estructuras-y-trazos-del-gesto\/\u00bb][vc_empty_space height=\u00bb25&#8243;][vc_column_text]<\/p>\n<h2>Estructuras<br \/>\ny trazos del gesto<\/h2>\n<p>[\/vc_column_text][vc_separator type=\u00bbsmall\u00bb position=\u00bbleft\u00bb color=\u00bb#000000&#8243; thickness=\u00bb1&#8243;][vc_column_text]Sobre el papel, el trazo es directo, preciso, gestual, repetitivo. Estratos de grafito se esparcen por la superficie con r\u00edtmica pulsaci\u00f3n, l\u00ednea tras l\u00ednea, capa tras capa. B\u00fasqueda de la profundidad en el plano con la l\u00ednea como elemento gr\u00e1fico.<\/p>\n<p>&nbsp;<\/p>\n<p>\u2192 <a href=\"\/es\/series\/estructuras-y-trazos-del-gesto\/\">Ver la serie Estructuras y trazos del gesto<\/a>[\/vc_column_text][vc_empty_space height=\u00bb75&#8243;][\/vc_column_inner][vc_column_inner width=\u00bb1\/4&#8243;][vc_single_image image=\u00bb15770&#8243; img_size=\u00bb600&#215;650&#8243; onclick=\u00bbcustom_link\u00bb qode_css_animation=\u00bb\u00bb qode_hover_animation=\u00bbzoom_in\u00bb link=\u00bb\/es\/series\/movimientos-del-silencio\/\u00bb][vc_empty_space height=\u00bb25&#8243;][vc_column_text]<\/p>\n<h2>Movimientos<br \/>\ndel silencio<\/h2>\n<p>[\/vc_column_text][vc_separator type=\u00bbsmall\u00bb position=\u00bbleft\u00bb color=\u00bb#000000&#8243; thickness=\u00bb1&#8243;][vc_column_text]Un conjunto de aproximadamente unos 400 estudios de plantas y flores realizados entre 1997 y 2001. El ciclo vital de las plantas deja constancia de la fragilidad del paso del tiempo.<\/p>\n<p>&nbsp;<\/p>\n<p>\u2192 <a href=\"\/es\/series\/movimientos-del-silencio\/\">Ver la serie Movimientos del silencio<\/a>[\/vc_column_text][vc_empty_space height=\u00bb75&#8243;][\/vc_column_inner][vc_column_inner width=\u00bb1\/4&#8243;][vc_single_image image=\u00bb15890&#8243; img_size=\u00bb600&#215;650&#8243; onclick=\u00bbcustom_link\u00bb qode_css_animation=\u00bb\u00bb qode_hover_animation=\u00bbzoom_in\u00bb link=\u00bb\/es\/series\/tierra-agua-aire\/\u00bb][vc_empty_space height=\u00bb25&#8243;][vc_column_text]<\/p>\n<h2>Tierra,<br \/>\nagua, aire<\/h2>\n<p>[\/vc_column_text][vc_separator type=\u00bbsmall\u00bb position=\u00bbleft\u00bb color=\u00bb#000000&#8243; thickness=\u00bb1&#8243;][vc_column_text]Realizadas entre 2008 y 2010, este centenar de obras supusieron el proceso de duelo por la muerte de la madre a trav\u00e9s de la pintura.<\/p>\n<p>&nbsp;<\/p>\n<p>\u2192 <a href=\"\/es\/series\/tierra-agua-aire\/\">Ver la serie Tierra, agua, aire<\/a>[\/vc_column_text][vc_empty_space height=\u00bb75&#8243;][\/vc_column_inner][\/vc_row_inner][vc_row_inner row_type=\u00bbrow\u00bb type=\u00bbfull_width\u00bb text_align=\u00bbleft\u00bb css_animation=\u00bb\u00bb][vc_column_inner width=\u00bb1\/4&#8243;][vc_single_image image=\u00bb16608&#8243; img_size=\u00bb600&#215;650&#8243; onclick=\u00bbcustom_link\u00bb qode_css_animation=\u00bb\u00bb qode_hover_animation=\u00bbzoom_in\u00bb link=\u00bb\/es\/series\/fuego-y-humo\/\u00bb][vc_empty_space height=\u00bb25&#8243;][vc_column_text]<\/p>\n<h2>Fuego<br \/>\ny humo<\/h2>\n<p>[\/vc_column_text][vc_separator type=\u00bbsmall\u00bb position=\u00bbleft\u00bb color=\u00bb#000000&#8243; thickness=\u00bb1&#8243;][vc_column_text]Dibujos que surgen de un elemento pl\u00e1stico no mat\u00e9rico: el humo. A pesar de ser et\u00e9reo y muy dif\u00edcil de controlar, se fija y deja huella en el papel.<\/p>\n<p>&nbsp;<\/p>\n<p>\u2192 <a href=\"\/es\/series\/fuego-y-humo\/\">Ver la serie Fuego y humo<\/a>[\/vc_column_text][vc_empty_space height=\u00bb75&#8243;][\/vc_column_inner][vc_column_inner width=\u00bb1\/4&#8243;][vc_single_image image=\u00bb15569&#8243; img_size=\u00bb600&#215;650&#8243; onclick=\u00bbcustom_link\u00bb qode_css_animation=\u00bb\u00bb qode_hover_animation=\u00bbzoom_in\u00bb link=\u00bb\/es\/series\/cabezas-y-capiteles\/\u00bb][vc_empty_space height=\u00bb25&#8243;][vc_column_text]<\/p>\n<h2>Cabezas<br \/>\ny capiteles<\/h2>\n<p>[\/vc_column_text][vc_separator type=\u00bbsmall\u00bb position=\u00bbleft\u00bb color=\u00bb#000000&#8243; thickness=\u00bb1&#8243;][vc_column_text]Cabeza-cr\u00e1neo; cabeza-capitel; cabeza-piedra; cabeza de alumno; cabezas-muro de contenci\u00f3n, cabeza-lecci\u00f3n de historia\u2026 La cabeza como continente de informaci\u00f3n compleja y diversa.<\/p>\n<p>&nbsp;<\/p>\n<p>\u2192 <a href=\"\/es\/series\/cabezas-y-capiteles\/\">Ver la serie Cabezas y capiteles<\/a>[\/vc_column_text][vc_empty_space height=\u00bb75&#8243;][\/vc_column_inner][vc_column_inner width=\u00bb1\/4&#8243;][vc_single_image image=\u00bb15702&#8243; img_size=\u00bb600&#215;650&#8243; onclick=\u00bbcustom_link\u00bb qode_css_animation=\u00bb\u00bb qode_hover_animation=\u00bbzoom_in\u00bb link=\u00bb\/es\/series\/apuntes-y-obra-del-natural\/\u00bb][vc_empty_space height=\u00bb25&#8243;][vc_column_text]<\/p>\n<h2>Apuntes y obra<br \/>\ndel natural<\/h2>\n<p>[\/vc_column_text][vc_separator type=\u00bbsmall\u00bb position=\u00bbleft\u00bb color=\u00bb#000000&#8243; thickness=\u00bb1&#8243;][vc_column_text]Observar y dibujar: selecci\u00f3n de dibujos y pinturas del natural para dejar patente la importancia que esta metodolog\u00eda ha tenido y sigue teniendo en mi obra.<\/p>\n<p>&nbsp;<\/p>\n<p>\u2192 <a href=\"\/es\/series\/apuntes-y-obra-del-natural\/\">Ver la serie Apuntes y obra del natural<\/a>[\/vc_column_text][vc_empty_space height=\u00bb75&#8243;][\/vc_column_inner][vc_column_inner width=\u00bb1\/4&#8243;][vc_single_image image=\u00bb16697&#8243; img_size=\u00bb600&#215;650&#8243; onclick=\u00bbcustom_link\u00bb qode_css_animation=\u00bb\u00bb qode_hover_animation=\u00bbzoom_in\u00bb link=\u00bb\/es\/series\/libros-de-arte-sobre-obra-poetica-libros-mudos-y-hogares-heridos\/\u00bb][vc_empty_space height=\u00bb25&#8243;][vc_column_text]<\/p>\n<h2>Libros<br \/>\nde arte<\/h2>\n<p>[\/vc_column_text][vc_separator type=\u00bbsmall\u00bb position=\u00bbleft\u00bb color=\u00bb#000000&#8243; thickness=\u00bb1&#8243;][vc_column_text]Los <em>libros de arte<\/em> estan inspirados en la obra po\u00e9tica de artistas diversos. Piezas \u00fanicas, han sido realizadas artesanalmente desde el inicio hasta el final. Por similitud, se incluyen aqu\u00ed los <i>Libros mudos<\/i> y los Hogares heridos, de cierto cariz social.<\/p>\n<p>&nbsp;<\/p>\n<p>\u2192 <a href=\"\/es\/series\/libros-de-arte-sobre-obra-poetica-libros-mudos-y-hogares-heridos\/\">Ver la serie Libros de arte<\/a>[\/vc_column_text][vc_empty_space height=\u00bb75&#8243;][\/vc_column_inner][\/vc_row_inner][\/vc_column][\/vc_row]<\/p>\n<\/div>","protected":false},"excerpt":{"rendered":"<p>[vc_row css_animation=\u00bb\u00bb row_type=\u00bbrow\u00bb use_row_as_full_screen_section=\u00bbno\u00bb type=\u00bbgrid\u00bb angled_section=\u00bbno\u00bb text_align=\u00bbleft\u00bb background_image_as_pattern=\u00bbwithout_pattern\u00bb z_index=\u00bb\u00bb][vc_column][vc_column_text] Inicio \/ Series [\/vc_column_text][\/vc_column][\/vc_row][vc_row css_animation=\u00bb\u00bb row_type=\u00bbrow\u00bb use_row_as_full_screen_section=\u00bbno\u00bb type=\u00bbgrid\u00bb angled_section=\u00bbno\u00bb text_align=\u00bbleft\u00bb background_image_as_pattern=\u00bbwithout_pattern\u00bb z_index=\u00bb\u00bb padding_top=\u00bb25&#8243; padding_bottom=\u00bb0&#8243;][vc_column][vc_separator type=\u00bbnormal\u00bb color=\u00bb#000000&#8243; thickness=\u00bb1&#8243; up=\u00bb0&#8243; down=\u00bb0&#8243;][\/vc_column][\/vc_row][vc_row css_animation=\u00bb\u00bb row_type=\u00bbrow\u00bb use_row_as_full_screen_section=\u00bbno\u00bb type=\u00bbfull_width\u00bb angled_section=\u00bbno\u00bb text_align=\u00bbleft\u00bb background_image_as_pattern=\u00bbwithout_pattern\u00bb z_index=\u00bb\u00bb padding_top=\u00bb0&#8243; padding_bottom=\u00bb0&#8243; anchor=\u00bbinici\u00bb][vc_column][vc_empty_space height=\u00bb50&#8243;][vc_column_text] Series [\/vc_column_text][vc_empty_space height=\u00bb25&#8243;][vc_column_text]Suelo trabajar por&#8230;<\/p>\n","protected":false},"author":1,"featured_media":0,"parent":0,"menu_order":0,"comment_status":"open","ping_status":"open","template":"","meta":{"footnotes":""},"class_list":["post-17546","page","type-page","status-publish","hentry"],"_links":{"self":[{"href":"https:\/\/www.marinaberdalet.com\/es\/wp-json\/wp\/v2\/pages\/17546","targetHints":{"allow":["GET"]}}],"collection":[{"href":"https:\/\/www.marinaberdalet.com\/es\/wp-json\/wp\/v2\/pages"}],"about":[{"href":"https:\/\/www.marinaberdalet.com\/es\/wp-json\/wp\/v2\/types\/page"}],"author":[{"embeddable":true,"href":"https:\/\/www.marinaberdalet.com\/es\/wp-json\/wp\/v2\/users\/1"}],"replies":[{"embeddable":true,"href":"https:\/\/www.marinaberdalet.com\/es\/wp-json\/wp\/v2\/comments?post=17546"}],"version-history":[{"count":8,"href":"https:\/\/www.marinaberdalet.com\/es\/wp-json\/wp\/v2\/pages\/17546\/revisions"}],"predecessor-version":[{"id":17753,"href":"https:\/\/www.marinaberdalet.com\/es\/wp-json\/wp\/v2\/pages\/17546\/revisions\/17753"}],"wp:attachment":[{"href":"https:\/\/www.marinaberdalet.com\/es\/wp-json\/wp\/v2\/media?parent=17546"}],"curies":[{"name":"wp","href":"https:\/\/api.w.org\/{rel}","templated":true}]}}