{"id":17551,"date":"2024-02-19T13:44:11","date_gmt":"2024-02-19T11:44:11","guid":{"rendered":"https:\/\/www.marinaberdalet.com\/?page_id=17551"},"modified":"2024-03-25T18:46:37","modified_gmt":"2024-03-25T16:46:37","slug":"weltanschauung-paseos","status":"publish","type":"page","link":"https:\/\/www.marinaberdalet.com\/es\/series\/weltanschauung-paseos\/","title":{"rendered":"Weltanschauung &#8211; Paseos"},"content":{"rendered":"<div class=\"wpb-content-wrapper\"><p>[vc_row css_animation=\u00bb\u00bb row_type=\u00bbrow\u00bb use_row_as_full_screen_section=\u00bbno\u00bb type=\u00bbgrid\u00bb angled_section=\u00bbno\u00bb text_align=\u00bbleft\u00bb background_image_as_pattern=\u00bbwithout_pattern\u00bb z_index=\u00bb\u00bb][vc_column][vc_column_text]<\/p>\n<p style=\"text-align: right;\"><a href=\"\/es\">Inicio<\/a> \/ <a href=\"\/es\/series\">Series<\/a> \/ Weltanschauung paseos<\/p>\n<p>[\/vc_column_text][\/vc_column][\/vc_row][vc_row css_animation=\u00bb\u00bb row_type=\u00bbrow\u00bb use_row_as_full_screen_section=\u00bbno\u00bb type=\u00bbgrid\u00bb angled_section=\u00bbno\u00bb text_align=\u00bbleft\u00bb background_image_as_pattern=\u00bbwithout_pattern\u00bb z_index=\u00bb\u00bb padding_top=\u00bb25&#8243; padding_bottom=\u00bb0&#8243;][vc_column][vc_separator type=\u00bbnormal\u00bb color=\u00bb#000000&#8243; thickness=\u00bb1&#8243; up=\u00bb0&#8243; down=\u00bb0&#8243;][\/vc_column][\/vc_row][vc_row css_animation=\u00bb\u00bb row_type=\u00bbrow\u00bb use_row_as_full_screen_section=\u00bbno\u00bb type=\u00bbfull_width\u00bb angled_section=\u00bbno\u00bb text_align=\u00bbleft\u00bb background_image_as_pattern=\u00bbwithout_pattern\u00bb z_index=\u00bb\u00bb padding_top=\u00bb0&#8243; padding_bottom=\u00bb0&#8243; anchor=\u00bbinici\u00bb][vc_column width=\u00bb1\/2&#8243;][vc_single_image image=\u00bb15999&#8243; img_size=\u00bb600&#215;650&#8243; qode_css_animation=\u00bb\u00bb][\/vc_column][vc_column width=\u00bb1\/2&#8243;][vc_empty_space height=\u00bb50&#8243;][vc_column_text]<\/p>\n<h1>Weltanschauung &#8211; Paseos<\/h1>\n<p>[\/vc_column_text][vc_empty_space height=\u00bb25&#8243;][vc_column_text]<strong>T\u00c9CNICAS:<\/strong> Pintura, dibujo<br \/>\n<strong>A\u00d1OS:<\/strong> 1989-2024[\/vc_column_text][vc_empty_space height=\u00bb75&#8243;][vc_column_text]<\/p>\n<h2>Descripci\u00f3n<\/h2>\n<p>[\/vc_column_text][vc_separator type=\u00bbsmall\u00bb position=\u00bbleft\u00bb color=\u00bb#000000&#8243; thickness=\u00bb1&#8243; width=\u00bb50&#8243; up=\u00bb15&#8243; down=\u00bb30&#8243;][vc_column_text]Me adentro en el bosque o en la zona h\u00fameda que ocupaba el antiguo estanque del pueblo que ahora me acoge. Observo el vuelo de algunos p\u00e1jaros mientras me llega el graznido de un cuervo o de una urraca.<\/p>\n<p>&nbsp;<\/p>\n<p>Veo: los \u00e1rboles alineados de la carretera, las ramitas que sobresalen entre la blanca manta de nieve, la fantasmag\u00f3rica presencia de los espinos entre la niebla, los m\u00e1rgenes quemados de bancales y campos. Casi cada d\u00eda doy el mismo paseo y despu\u00e9s, en el espacio cerrado del taller, emergen las im\u00e1genes de la hora que me ha precedido.[\/vc_column_text][vc_empty_space height=\u00bb25&#8243;]<blockquote class=' with_quote_icon' style=''><i class='fa fa-quote-right' style=''><\/i><h5 class='blockquote-text' style=''>Para conseguir a\u00fan m\u00e1s la concentraci\u00f3n, dibujo a menudo con los ojos cerrados y atrapo tambi\u00e9n los sonidos del momento inventando un abecedario.<\/h5><\/blockquote>[vc_empty_space height=\u00bb25&#8243;][vc_column_text]La experiencia de pintar y dibujar del natural durante muchos a\u00f1os -observando el crecimiento de una flor, atrapando la luz que entra por la ventana o pintando el color de un campo en primavera-, se consolida poco a poco en unos paisajes interiores que van aflorando sin ser demasiado consciente ni conocer tampoco su significado.<\/p>\n<p>&nbsp;<\/p>\n<p>Si <em>Weltanschauung<\/em>, (expresi\u00f3n que escuch\u00e9 por primera vez del amigo Manel Pla), es la cosmovisi\u00f3n individual creada a partir de sensaciones, emociones y relaciones en una \u00e9poca concreta, me gustar\u00eda pensar que <em>WELTANSCHAUUNG \u2013 PASEOS<\/em> es la interpretaci\u00f3n de mi mundo, que con los a\u00f1os he ido construyendo a trav\u00e9s del dibujo y la pintura.[\/vc_column_text][\/vc_column][\/vc_row][vc_row css_animation=\u00bb\u00bb row_type=\u00bbrow\u00bb use_row_as_full_screen_section=\u00bbno\u00bb type=\u00bbgrid\u00bb angled_section=\u00bbno\u00bb text_align=\u00bbleft\u00bb background_image_as_pattern=\u00bbwithout_pattern\u00bb z_index=\u00bb\u00bb padding_top=\u00bb75&#8243;][vc_column][vc_separator type=\u00bbnormal\u00bb color=\u00bb#000000&#8243; thickness=\u00bb3&#8243; up=\u00bb0&#8243; down=\u00bb0&#8243;][vc_empty_space height=\u00bb50&#8243;][vc_column_text]<\/p>\n<h2>Selecci\u00f3n de obras de la serie Weltanschauung &#8211; Paseos<\/h2>\n<p>[\/vc_column_text][vc_separator type=\u00bbsmall\u00bb position=\u00bbleft\u00bb color=\u00bb#000000&#8243; thickness=\u00bb1&#8243; width=\u00bb50&#8243; up=\u00bb15&#8243; down=\u00bb50&#8243;][\/vc_column][\/vc_row][vc_row css_animation=\u00bb\u00bb row_type=\u00bbrow\u00bb use_row_as_full_screen_section=\u00bbno\u00bb type=\u00bbgrid\u00bb angled_section=\u00bbno\u00bb text_align=\u00bbleft\u00bb background_image_as_pattern=\u00bbwithout_pattern\u00bb z_index=\u00bb\u00bb][vc_column offset=\u00bbvc_hidden-xs\u00bb][vc_gallery type=\u00bbimage_grid\u00bb images=\u00bb16019,15983,15985,15963,15965,16067,16055,16065,17018,17020,17016,17022,17012,17014,17024,17028,17026,15977,15961,15979,15943,15951,15953,15955,15957,15959,15931,15937,15939,15933,15935,16501,16503,16505,15991,15967,15969,15971,15973,15975,15997,15995,15993,15989,15987,15999,16029,16025,16027,16031,15941,16063,16053,16051,16057,16059,16061,16001,16458,16460,16462,16464,17037,17041,16037,16039,16041,16043,16045,16033&#8243; column_number=\u00bb5&#8243; grayscale=\u00bbno\u00bb images_space=\u00bbgallery_with_space\u00bb][\/vc_column][\/vc_row][vc_row css_animation=\u00bb\u00bb row_type=\u00bbrow\u00bb use_row_as_full_screen_section=\u00bbno\u00bb type=\u00bbgrid\u00bb angled_section=\u00bbno\u00bb text_align=\u00bbleft\u00bb background_image_as_pattern=\u00bbwithout_pattern\u00bb z_index=\u00bb\u00bb][vc_column offset=\u00bbvc_hidden-lg vc_hidden-md vc_hidden-sm\u00bb][vc_gallery type=\u00bbflexslider_slide\u00bb interval=\u00bb0&#8243; images=\u00bb16019,15983,15985,15963,15965,15931,15937,15939,15933,15935,16067,16055,16065,17018,17020,17016,17022,17012,17014,17024,17028,17026,15977,15961,15979,15943,15947,15949,15951,15953,15955,15957,15959,15991,15967,15969,15971,15973,15975,15999,16029,16025,16027,16031,15941,16063,16053,16051,16057,16059,16061,16001,16458,16460,16462,16464,17041,17037,16037,16039,16041,16043,16045,16033&#8243; direction_nav=\u00bbyes\u00bb control_nav=\u00bbno\u00bb show_image_description=\u00bbyes\u00bb][\/vc_column][\/vc_row]<\/p>\n<\/div>","protected":false},"excerpt":{"rendered":"<p>[vc_row css_animation=\u00bb\u00bb row_type=\u00bbrow\u00bb use_row_as_full_screen_section=\u00bbno\u00bb type=\u00bbgrid\u00bb angled_section=\u00bbno\u00bb text_align=\u00bbleft\u00bb background_image_as_pattern=\u00bbwithout_pattern\u00bb z_index=\u00bb\u00bb][vc_column][vc_column_text] Inicio \/ Series \/ Weltanschauung paseos [\/vc_column_text][\/vc_column][\/vc_row][vc_row css_animation=\u00bb\u00bb row_type=\u00bbrow\u00bb use_row_as_full_screen_section=\u00bbno\u00bb type=\u00bbgrid\u00bb angled_section=\u00bbno\u00bb text_align=\u00bbleft\u00bb background_image_as_pattern=\u00bbwithout_pattern\u00bb z_index=\u00bb\u00bb padding_top=\u00bb25&#8243; padding_bottom=\u00bb0&#8243;][vc_column][vc_separator type=\u00bbnormal\u00bb color=\u00bb#000000&#8243; thickness=\u00bb1&#8243; up=\u00bb0&#8243; down=\u00bb0&#8243;][\/vc_column][\/vc_row][vc_row css_animation=\u00bb\u00bb row_type=\u00bbrow\u00bb use_row_as_full_screen_section=\u00bbno\u00bb type=\u00bbfull_width\u00bb angled_section=\u00bbno\u00bb text_align=\u00bbleft\u00bb background_image_as_pattern=\u00bbwithout_pattern\u00bb z_index=\u00bb\u00bb padding_top=\u00bb0&#8243; padding_bottom=\u00bb0&#8243; anchor=\u00bbinici\u00bb][vc_column width=\u00bb1\/2&#8243;][vc_single_image image=\u00bb15999&#8243; img_size=\u00bb600&#215;650&#8243;&#8230;<\/p>\n","protected":false},"author":1,"featured_media":0,"parent":17546,"menu_order":0,"comment_status":"open","ping_status":"open","template":"","meta":{"footnotes":""},"class_list":["post-17551","page","type-page","status-publish","hentry"],"_links":{"self":[{"href":"https:\/\/www.marinaberdalet.com\/es\/wp-json\/wp\/v2\/pages\/17551","targetHints":{"allow":["GET"]}}],"collection":[{"href":"https:\/\/www.marinaberdalet.com\/es\/wp-json\/wp\/v2\/pages"}],"about":[{"href":"https:\/\/www.marinaberdalet.com\/es\/wp-json\/wp\/v2\/types\/page"}],"author":[{"embeddable":true,"href":"https:\/\/www.marinaberdalet.com\/es\/wp-json\/wp\/v2\/users\/1"}],"replies":[{"embeddable":true,"href":"https:\/\/www.marinaberdalet.com\/es\/wp-json\/wp\/v2\/comments?post=17551"}],"version-history":[{"count":6,"href":"https:\/\/www.marinaberdalet.com\/es\/wp-json\/wp\/v2\/pages\/17551\/revisions"}],"predecessor-version":[{"id":17733,"href":"https:\/\/www.marinaberdalet.com\/es\/wp-json\/wp\/v2\/pages\/17551\/revisions\/17733"}],"up":[{"embeddable":true,"href":"https:\/\/www.marinaberdalet.com\/es\/wp-json\/wp\/v2\/pages\/17546"}],"wp:attachment":[{"href":"https:\/\/www.marinaberdalet.com\/es\/wp-json\/wp\/v2\/media?parent=17551"}],"curies":[{"name":"wp","href":"https:\/\/api.w.org\/{rel}","templated":true}]}}