{"id":17563,"date":"2024-02-19T13:36:48","date_gmt":"2024-02-19T11:36:48","guid":{"rendered":"https:\/\/www.marinaberdalet.com\/?page_id=17563"},"modified":"2024-03-25T18:45:37","modified_gmt":"2024-03-25T16:45:37","slug":"tierra-agua-aire","status":"publish","type":"page","link":"https:\/\/www.marinaberdalet.com\/es\/series\/tierra-agua-aire\/","title":{"rendered":"Tierra, agua, aire"},"content":{"rendered":"<div class=\"wpb-content-wrapper\"><p>[vc_row css_animation=\u00bb\u00bb row_type=\u00bbrow\u00bb use_row_as_full_screen_section=\u00bbno\u00bb type=\u00bbgrid\u00bb angled_section=\u00bbno\u00bb text_align=\u00bbleft\u00bb background_image_as_pattern=\u00bbwithout_pattern\u00bb z_index=\u00bb\u00bb][vc_column][vc_column_text]<\/p>\n<p style=\"text-align: right;\"><a href=\"\/es\">Inicio<\/a> \/ <a href=\"\/es\/series\">Series<\/a> \/ Tierra, agua, aire<\/p>\n<p>[\/vc_column_text][\/vc_column][\/vc_row][vc_row css_animation=\u00bb\u00bb row_type=\u00bbrow\u00bb use_row_as_full_screen_section=\u00bbno\u00bb type=\u00bbgrid\u00bb angled_section=\u00bbno\u00bb text_align=\u00bbleft\u00bb background_image_as_pattern=\u00bbwithout_pattern\u00bb z_index=\u00bb\u00bb padding_top=\u00bb25&#8243; padding_bottom=\u00bb0&#8243;][vc_column][vc_separator type=\u00bbnormal\u00bb color=\u00bb#000000&#8243; thickness=\u00bb1&#8243; up=\u00bb0&#8243; down=\u00bb0&#8243;][\/vc_column][\/vc_row][vc_row css_animation=\u00bb\u00bb row_type=\u00bbrow\u00bb use_row_as_full_screen_section=\u00bbno\u00bb type=\u00bbfull_width\u00bb angled_section=\u00bbno\u00bb text_align=\u00bbleft\u00bb background_image_as_pattern=\u00bbwithout_pattern\u00bb z_index=\u00bb\u00bb padding_top=\u00bb0&#8243; padding_bottom=\u00bb0&#8243; anchor=\u00bbinici\u00bb][vc_column width=\u00bb1\/2&#8243;][vc_single_image image=\u00bb15890&#8243; img_size=\u00bb600&#215;650&#8243; qode_css_animation=\u00bb\u00bb][\/vc_column][vc_column width=\u00bb1\/2&#8243;][vc_empty_space height=\u00bb50&#8243;][vc_column_text]<\/p>\n<h1>Tierra, agua, aire<\/h1>\n<p>[\/vc_column_text][vc_empty_space height=\u00bb25&#8243;][vc_column_text]<strong>T\u00c9CNICAS:<\/strong> Pintura y dibujo<br \/>\n<strong>A\u00d1OS:<\/strong> 2008, 2009, 2010[\/vc_column_text][vc_empty_space height=\u00bb75&#8243;][vc_column_text]<\/p>\n<h2>Descripci\u00f3n<\/h2>\n<p>[\/vc_column_text][vc_separator type=\u00bbsmall\u00bb position=\u00bbleft\u00bb color=\u00bb#000000&#8243; thickness=\u00bb1&#8243; width=\u00bb50&#8243; up=\u00bb15&#8243; down=\u00bb30&#8243;]<blockquote class=' with_quote_icon' style=''><i class='fa fa-quote-right' style=''><\/i><h5 class='blockquote-text' style=''>La serie TIERRA, AGUA, AIRE realizada entre 2008 y 2010, es un homenaje a mi madre, muerta el 5 de octubre de 2008. Un centenar de obras componen la serie, piezas que supusieron mi proceso de duelo realizado a trav\u00e9s de la pintura.<\/h5><\/blockquote>[vc_empty_space height=\u00bb25&#8243;][vc_column_text]<em>\u201cEl vientre de la tierra\u201d, pintada en homenaje a su madre desaparecida recientemente, prolonga con gravedad el deseo de memoria y de signos de amor. En esta serie la intenci\u00f3n se hace m\u00e1s sombr\u00eda, la tinta imita las l\u00e1grimas, la tierra pesa y el espacio espera la luz, el \u00e1rbol -aislado o en grupo ordenado- afirma la permanencia de lo que vive. Aqu\u00ed, como en la serie de paisajes, el dibujo no es discursivo, abandona la graf\u00eda y se afirma como pintura. El gesto est\u00e1 vivo, libre o ebrio, se siente una urgencia, una impaciencia por retener el tiempo y amasar la tierra madre, aquella en la que todo se origina.<\/em><\/p>\n<p>&nbsp;<\/p>\n<p><em>As\u00ed, el artista reinterpreta incansablemente de obra en obra la escena originaria, queriendo retener la estimaci\u00f3n de lo que huye.\u00bb<\/em><\/p>\n<p>&nbsp;<\/p>\n<p style=\"text-align: right;\"><strong>MAURICE MAILLARD, pintor y grabador, 2009<\/strong><br \/>\nFragmento del texto escrito para el cat\u00e1logo de la exposici\u00f3n CAHIER DE NATURE, Maison des Arts, EVREUX<\/p>\n<p>&nbsp;<\/p>\n<p style=\"text-align: right;\"><em>\u00ab&#8230;Otras veces la pintura regurgita de m\u00ed como un v\u00f3mito. El origen es la pena, la tristeza, el dolor producido por la p\u00e9rdida o el miedo a ella, no s\u00e9 cu\u00e1l ser\u00e1 el resultado final, ni me importa, s\u00f3lo s\u00e9 que surge de una necesidad interior. Aunque puede que resulte cat\u00e1rtico -y quiz\u00e1s lo sea en ciertos momentos- la serie evoluciona de la misma manera: una pieza conduce a la otra. Repetici\u00f3n con variaciones. Peque\u00f1os cambios emocionales que coinciden con peque\u00f1as modificaciones en la obra y viceversa, hasta que de nuevo, la serie se agota por s\u00ed misma. Poco despu\u00e9s comprend\u00ed que \u00e9sta es precisamente la base del arteterapia: la creaci\u00f3n como proceso de transformaci\u00f3n, y observ\u00e9 c\u00f3mo el trabajo que realic\u00e9 entre 2008 y 2010 debido a la muerte de mi madre hab\u00eda sido, posiblemente, un proceso arteterap\u00e9utico: una peque\u00f1a transformaci\u00f3n en la obra significaba un peque\u00f1o cambio an\u00edmico. Me sorprendieron mis trabajos: tierra, agua, peces y cielo, por este orden. Sin decidir de antemano lo que iba a pintar, las obras fluyeron de m\u00ed como el paso del tiempo. Y poco a poco, de la soledad negra de la noche, apunt\u00f3 t\u00edmidamente una peque\u00f1a franja de luz entre cielo y tierra: Ahora, amanece\u00bb.<\/em><\/p>\n<p>&nbsp;<\/p>\n<p style=\"text-align: right;\"><strong>MARINA BERDALET ANDR\u00c9S<\/strong><\/p>\n<p>[\/vc_column_text][\/vc_column][\/vc_row][vc_row css_animation=\u00bb\u00bb row_type=\u00bbrow\u00bb use_row_as_full_screen_section=\u00bbno\u00bb type=\u00bbgrid\u00bb angled_section=\u00bbno\u00bb text_align=\u00bbleft\u00bb background_image_as_pattern=\u00bbwithout_pattern\u00bb z_index=\u00bb\u00bb padding_top=\u00bb75&#8243;][vc_column][vc_separator type=\u00bbnormal\u00bb color=\u00bb#000000&#8243; thickness=\u00bb3&#8243; up=\u00bb0&#8243; down=\u00bb0&#8243;][vc_empty_space height=\u00bb50&#8243;][vc_column_text]<\/p>\n<h2>Selecci\u00f3n de obras de la serie Tierra, agua, aire<\/h2>\n<p>[\/vc_column_text][vc_separator type=\u00bbsmall\u00bb position=\u00bbleft\u00bb color=\u00bb#000000&#8243; thickness=\u00bb1&#8243; width=\u00bb50&#8243; up=\u00bb15&#8243; down=\u00bb50&#8243;][\/vc_column][\/vc_row][vc_row css_animation=\u00bb\u00bb row_type=\u00bbrow\u00bb use_row_as_full_screen_section=\u00bbno\u00bb type=\u00bbgrid\u00bb angled_section=\u00bbno\u00bb text_align=\u00bbleft\u00bb background_image_as_pattern=\u00bbwithout_pattern\u00bb z_index=\u00bb\u00bb][vc_column offset=\u00bbvc_hidden-xs\u00bb][vc_gallery type=\u00bbimage_grid\u00bb images=\u00bb15892,15904,15920,15906,15900,15922,15914,15916,15918,15902,15894,15847,15851,15849,15858,15860,15864,15845,15862,15870,15856,15866,15868,15876,15878,15882,15886,15888,15874,15884,15853,15872,15890,15880,15924,15926&#8243; column_number=\u00bb5&#8243; grayscale=\u00bbno\u00bb images_space=\u00bbgallery_with_space\u00bb][\/vc_column][\/vc_row][vc_row css_animation=\u00bb\u00bb row_type=\u00bbrow\u00bb use_row_as_full_screen_section=\u00bbno\u00bb type=\u00bbgrid\u00bb angled_section=\u00bbno\u00bb text_align=\u00bbleft\u00bb background_image_as_pattern=\u00bbwithout_pattern\u00bb z_index=\u00bb\u00bb][vc_column offset=\u00bbvc_hidden-lg vc_hidden-md vc_hidden-sm\u00bb][vc_gallery type=\u00bbflexslider_slide\u00bb interval=\u00bb0&#8243; images=\u00bb15892,15904,15920,15906,15900,15922,15914,15916,15918,15902,15894,15847,15851,15849,15858,15860,15864,15845,15862,15870,15856,15866,15868,15876,15878,15882,15886,15888,15874,15884,15853,15872,15890,15880,15924,15926&#8243; direction_nav=\u00bbyes\u00bb control_nav=\u00bbno\u00bb show_image_description=\u00bbyes\u00bb][\/vc_column][\/vc_row]<\/p>\n<\/div>","protected":false},"excerpt":{"rendered":"<p>[vc_row css_animation=\u00bb\u00bb row_type=\u00bbrow\u00bb use_row_as_full_screen_section=\u00bbno\u00bb type=\u00bbgrid\u00bb angled_section=\u00bbno\u00bb text_align=\u00bbleft\u00bb background_image_as_pattern=\u00bbwithout_pattern\u00bb z_index=\u00bb\u00bb][vc_column][vc_column_text] Inicio \/ Series \/ Tierra, agua, aire [\/vc_column_text][\/vc_column][\/vc_row][vc_row css_animation=\u00bb\u00bb row_type=\u00bbrow\u00bb use_row_as_full_screen_section=\u00bbno\u00bb type=\u00bbgrid\u00bb angled_section=\u00bbno\u00bb text_align=\u00bbleft\u00bb background_image_as_pattern=\u00bbwithout_pattern\u00bb z_index=\u00bb\u00bb padding_top=\u00bb25&#8243; padding_bottom=\u00bb0&#8243;][vc_column][vc_separator type=\u00bbnormal\u00bb color=\u00bb#000000&#8243; thickness=\u00bb1&#8243; up=\u00bb0&#8243; down=\u00bb0&#8243;][\/vc_column][\/vc_row][vc_row css_animation=\u00bb\u00bb row_type=\u00bbrow\u00bb use_row_as_full_screen_section=\u00bbno\u00bb type=\u00bbfull_width\u00bb angled_section=\u00bbno\u00bb text_align=\u00bbleft\u00bb background_image_as_pattern=\u00bbwithout_pattern\u00bb z_index=\u00bb\u00bb padding_top=\u00bb0&#8243; padding_bottom=\u00bb0&#8243; anchor=\u00bbinici\u00bb][vc_column width=\u00bb1\/2&#8243;][vc_single_image image=\u00bb15890&#8243;&#8230;<\/p>\n","protected":false},"author":1,"featured_media":0,"parent":17546,"menu_order":0,"comment_status":"open","ping_status":"open","template":"","meta":{"footnotes":""},"class_list":["post-17563","page","type-page","status-publish","hentry"],"_links":{"self":[{"href":"https:\/\/www.marinaberdalet.com\/es\/wp-json\/wp\/v2\/pages\/17563","targetHints":{"allow":["GET"]}}],"collection":[{"href":"https:\/\/www.marinaberdalet.com\/es\/wp-json\/wp\/v2\/pages"}],"about":[{"href":"https:\/\/www.marinaberdalet.com\/es\/wp-json\/wp\/v2\/types\/page"}],"author":[{"embeddable":true,"href":"https:\/\/www.marinaberdalet.com\/es\/wp-json\/wp\/v2\/users\/1"}],"replies":[{"embeddable":true,"href":"https:\/\/www.marinaberdalet.com\/es\/wp-json\/wp\/v2\/comments?post=17563"}],"version-history":[{"count":3,"href":"https:\/\/www.marinaberdalet.com\/es\/wp-json\/wp\/v2\/pages\/17563\/revisions"}],"predecessor-version":[{"id":17741,"href":"https:\/\/www.marinaberdalet.com\/es\/wp-json\/wp\/v2\/pages\/17563\/revisions\/17741"}],"up":[{"embeddable":true,"href":"https:\/\/www.marinaberdalet.com\/es\/wp-json\/wp\/v2\/pages\/17546"}],"wp:attachment":[{"href":"https:\/\/www.marinaberdalet.com\/es\/wp-json\/wp\/v2\/media?parent=17563"}],"curies":[{"name":"wp","href":"https:\/\/api.w.org\/{rel}","templated":true}]}}