{"id":17569,"date":"2015-04-17T08:18:48","date_gmt":"2015-04-17T06:18:48","guid":{"rendered":"https:\/\/www.marinaberdalet.com\/?page_id=17569"},"modified":"2024-03-25T18:40:54","modified_gmt":"2024-03-25T16:40:54","slug":"cabezas-y-capiteles","status":"publish","type":"page","link":"https:\/\/www.marinaberdalet.com\/es\/series\/cabezas-y-capiteles\/","title":{"rendered":"Cabezas y capiteles"},"content":{"rendered":"<div class=\"wpb-content-wrapper\"><p>[vc_row css_animation=\u00bb\u00bb row_type=\u00bbrow\u00bb use_row_as_full_screen_section=\u00bbno\u00bb type=\u00bbgrid\u00bb angled_section=\u00bbno\u00bb text_align=\u00bbleft\u00bb background_image_as_pattern=\u00bbwithout_pattern\u00bb z_index=\u00bb\u00bb][vc_column][vc_column_text]<\/p>\n<p style=\"text-align: right;\"><a href=\"\/es\">Inicio<\/a> \/ <a href=\"\/es\/series\">Series<\/a> \/ Cabezas y capiteles<\/p>\n<p>[\/vc_column_text][\/vc_column][\/vc_row][vc_row css_animation=\u00bb\u00bb row_type=\u00bbrow\u00bb use_row_as_full_screen_section=\u00bbno\u00bb type=\u00bbgrid\u00bb angled_section=\u00bbno\u00bb text_align=\u00bbleft\u00bb background_image_as_pattern=\u00bbwithout_pattern\u00bb z_index=\u00bb\u00bb padding_top=\u00bb25&#8243; padding_bottom=\u00bb0&#8243;][vc_column][vc_separator type=\u00bbnormal\u00bb color=\u00bb#000000&#8243; thickness=\u00bb1&#8243; up=\u00bb0&#8243; down=\u00bb0&#8243;][\/vc_column][\/vc_row][vc_row css_animation=\u00bb\u00bb row_type=\u00bbrow\u00bb use_row_as_full_screen_section=\u00bbno\u00bb type=\u00bbfull_width\u00bb angled_section=\u00bbno\u00bb text_align=\u00bbleft\u00bb background_image_as_pattern=\u00bbwithout_pattern\u00bb z_index=\u00bb\u00bb padding_top=\u00bb0&#8243; padding_bottom=\u00bb0&#8243; anchor=\u00bbinici\u00bb][vc_column width=\u00bb1\/2&#8243;][vc_single_image image=\u00bb15569&#8243; img_size=\u00bb600&#215;650&#8243; qode_css_animation=\u00bb\u00bb][\/vc_column][vc_column width=\u00bb1\/2&#8243;][vc_empty_space height=\u00bb50&#8243;][vc_column_text]<\/p>\n<h1>Cabezas y capiteles<\/h1>\n<p>[\/vc_column_text][vc_empty_space height=\u00bb25&#8243;][vc_column_text]<strong>T\u00c9CNICAS:<\/strong> Pintura, dibujo, vidrio soplado, plastilina, barro<br \/>\n<strong>A\u00d1OS:<\/strong> 1990-2023[\/vc_column_text][vc_empty_space height=\u00bb75&#8243;][vc_column_text]<\/p>\n<h2>Descripci\u00f3n<\/h2>\n<p>[\/vc_column_text][vc_separator type=\u00bbsmall\u00bb position=\u00bbleft\u00bb color=\u00bb#000000&#8243; thickness=\u00bb1&#8243; width=\u00bb50&#8243; up=\u00bb15&#8243; down=\u00bb30&#8243;][vc_column_text]CABEZAS Y CAPITELES es un ejemplo de serie, cuyo contenido, ha ido apareciendo a lo largo de diferentes d\u00e9cadas.<\/p>\n<p>&nbsp;<\/p>\n<p>Las primeras obras aparecen a mediados del 90 con <i>CABEZAS DE ALUMNO, <\/i>donde dibujos, estructuras de plastilinas, \u00f3leos y piezas de vidrio soplado nos hablan de la cabeza como continente de informaci\u00f3n compleja y diversa.<\/p>\n<p>&nbsp;<\/p>\n<p>Tambi\u00e9n la <i>CABEZA-PIEDRA<\/i>, formaci\u00f3n rocosa, dura infranqueable a la vez que fr\u00e1gil. <i>CABEZA-CR\u00c1NEO-CALAVERA<\/i> nos remite a la historia de la humanidad: hallados en fosas comunes o invisibles que continuan bajo los arcenes de las carreteras. V\u00edctimas de las guerras, esperanzados que \u00a0\u201cquisieron cruzar el desierto\u201d para encontrar un lugar mejor donde vivir. Muertos \u201c<i>porque s\u00ed\u201d<\/i>, o \u201c<i>porque eran d\u00e9biles\u201d <\/i>a ojos de los m\u00e1s fuertes: hacinamientos de esferas abolladuras, que sirven de muros de contenci\u00f3n al patrimonio de los poderosos.[\/vc_column_text][vc_empty_space height=\u00bb25&#8243;]<blockquote class=' with_quote_icon' style=''><i class='fa fa-quote-right' style=''><\/i><h5 class='blockquote-text' style=''>CAPITELES-CABEZAS que sostienen las columnas del claustro del monasterio del Santa Mar\u00eda del Estany\u2026 Compuestos de cr\u00e1neos imaginados.<\/h5><\/blockquote>[vc_empty_space height=\u00bb25&#8243;][vc_column_text]<span style=\"font-weight: 400;\">CABEZAS Y CAPITELES, una lecci\u00f3n de historia por desgracia plenamente vigente en nuestros d\u00edas.\u00a0<\/span>[\/vc_column_text][\/vc_column][\/vc_row][vc_row css_animation=\u00bb\u00bb row_type=\u00bbrow\u00bb use_row_as_full_screen_section=\u00bbno\u00bb type=\u00bbgrid\u00bb angled_section=\u00bbno\u00bb text_align=\u00bbleft\u00bb background_image_as_pattern=\u00bbwithout_pattern\u00bb z_index=\u00bb\u00bb padding_top=\u00bb75&#8243;][vc_column][vc_separator type=\u00bbnormal\u00bb color=\u00bb#000000&#8243; thickness=\u00bb3&#8243; up=\u00bb0&#8243; down=\u00bb0&#8243;][vc_empty_space height=\u00bb50&#8243;][vc_column_text]<\/p>\n<h2>Selecci\u00f3n de obras de la serie Cabezas y capiteles<\/h2>\n<p>[\/vc_column_text][vc_separator type=\u00bbsmall\u00bb position=\u00bbleft\u00bb color=\u00bb#000000&#8243; thickness=\u00bb1&#8243; width=\u00bb50&#8243; up=\u00bb15&#8243; down=\u00bb50&#8243;][\/vc_column][\/vc_row][vc_row css_animation=\u00bb\u00bb row_type=\u00bbrow\u00bb use_row_as_full_screen_section=\u00bbno\u00bb type=\u00bbgrid\u00bb angled_section=\u00bbno\u00bb text_align=\u00bbleft\u00bb background_image_as_pattern=\u00bbwithout_pattern\u00bb z_index=\u00bb\u00bb][vc_column offset=\u00bbvc_hidden-xs\u00bb][vc_gallery type=\u00bbimage_grid\u00bb images=\u00bb15547,15549,15551,15559,15561,15545,15543,15533,15591,15595,15537,15539,15541,15535,15593,15553,15563,15557,16479,15581,15555,15565,15567,15569,15571,15573,15577,15579,15583,15575,15597,16469,16467,16473,16471,16475,16477,15589,15587&#8243; column_number=\u00bb5&#8243; grayscale=\u00bbno\u00bb images_space=\u00bbgallery_with_space\u00bb][\/vc_column][\/vc_row][vc_row css_animation=\u00bb\u00bb row_type=\u00bbrow\u00bb use_row_as_full_screen_section=\u00bbno\u00bb type=\u00bbgrid\u00bb angled_section=\u00bbno\u00bb text_align=\u00bbleft\u00bb background_image_as_pattern=\u00bbwithout_pattern\u00bb z_index=\u00bb\u00bb][vc_column offset=\u00bbvc_hidden-lg vc_hidden-md vc_hidden-sm\u00bb][vc_gallery type=\u00bbflexslider_slide\u00bb interval=\u00bb0&#8243; images=\u00bb15547,15549,15551,15559,15561,15545,15543,15533,15591,15595,15537,15539,15541,15535,15593,15553,15563,15557,16479,15581,15555,15565,15567,15569,15571,15573,15577,15579,15583,15575,15597,16469,16467,16473,16471,16475,16477,15589,15587&#8243; direction_nav=\u00bbyes\u00bb control_nav=\u00bbno\u00bb show_image_description=\u00bbyes\u00bb][\/vc_column][\/vc_row]<\/p>\n<\/div>","protected":false},"excerpt":{"rendered":"<p>[vc_row css_animation=\u00bb\u00bb row_type=\u00bbrow\u00bb use_row_as_full_screen_section=\u00bbno\u00bb type=\u00bbgrid\u00bb angled_section=\u00bbno\u00bb text_align=\u00bbleft\u00bb background_image_as_pattern=\u00bbwithout_pattern\u00bb z_index=\u00bb\u00bb][vc_column][vc_column_text] Inicio \/ Series \/ Cabezas y capiteles [\/vc_column_text][\/vc_column][\/vc_row][vc_row css_animation=\u00bb\u00bb row_type=\u00bbrow\u00bb use_row_as_full_screen_section=\u00bbno\u00bb type=\u00bbgrid\u00bb angled_section=\u00bbno\u00bb text_align=\u00bbleft\u00bb background_image_as_pattern=\u00bbwithout_pattern\u00bb z_index=\u00bb\u00bb padding_top=\u00bb25&#8243; padding_bottom=\u00bb0&#8243;][vc_column][vc_separator type=\u00bbnormal\u00bb color=\u00bb#000000&#8243; thickness=\u00bb1&#8243; up=\u00bb0&#8243; down=\u00bb0&#8243;][\/vc_column][\/vc_row][vc_row css_animation=\u00bb\u00bb row_type=\u00bbrow\u00bb use_row_as_full_screen_section=\u00bbno\u00bb type=\u00bbfull_width\u00bb angled_section=\u00bbno\u00bb text_align=\u00bbleft\u00bb background_image_as_pattern=\u00bbwithout_pattern\u00bb z_index=\u00bb\u00bb padding_top=\u00bb0&#8243; padding_bottom=\u00bb0&#8243; anchor=\u00bbinici\u00bb][vc_column width=\u00bb1\/2&#8243;][vc_single_image image=\u00bb15569&#8243;&#8230;<\/p>\n","protected":false},"author":1,"featured_media":0,"parent":17546,"menu_order":0,"comment_status":"open","ping_status":"open","template":"","meta":{"footnotes":""},"class_list":["post-17569","page","type-page","status-publish","hentry"],"_links":{"self":[{"href":"https:\/\/www.marinaberdalet.com\/es\/wp-json\/wp\/v2\/pages\/17569","targetHints":{"allow":["GET"]}}],"collection":[{"href":"https:\/\/www.marinaberdalet.com\/es\/wp-json\/wp\/v2\/pages"}],"about":[{"href":"https:\/\/www.marinaberdalet.com\/es\/wp-json\/wp\/v2\/types\/page"}],"author":[{"embeddable":true,"href":"https:\/\/www.marinaberdalet.com\/es\/wp-json\/wp\/v2\/users\/1"}],"replies":[{"embeddable":true,"href":"https:\/\/www.marinaberdalet.com\/es\/wp-json\/wp\/v2\/comments?post=17569"}],"version-history":[{"count":4,"href":"https:\/\/www.marinaberdalet.com\/es\/wp-json\/wp\/v2\/pages\/17569\/revisions"}],"predecessor-version":[{"id":17761,"href":"https:\/\/www.marinaberdalet.com\/es\/wp-json\/wp\/v2\/pages\/17569\/revisions\/17761"}],"up":[{"embeddable":true,"href":"https:\/\/www.marinaberdalet.com\/es\/wp-json\/wp\/v2\/pages\/17546"}],"wp:attachment":[{"href":"https:\/\/www.marinaberdalet.com\/es\/wp-json\/wp\/v2\/media?parent=17569"}],"curies":[{"name":"wp","href":"https:\/\/api.w.org\/{rel}","templated":true}]}}