{"id":17575,"date":"2024-02-27T14:20:57","date_gmt":"2024-02-27T12:20:57","guid":{"rendered":"https:\/\/www.marinaberdalet.com\/?page_id=17575"},"modified":"2025-06-09T11:21:32","modified_gmt":"2025-06-09T09:21:32","slug":"libros-de-arte-sobre-obra-poetica-libros-mudos-y-hogares-heridos","status":"publish","type":"page","link":"https:\/\/www.marinaberdalet.com\/es\/series\/libros-de-arte-sobre-obra-poetica-libros-mudos-y-hogares-heridos\/","title":{"rendered":"Libros de arte sobre obra po\u00e9tica, Libros mudos y Hogares heridos"},"content":{"rendered":"<div class=\"wpb-content-wrapper\"><p>[vc_row css_animation=\u00bb\u00bb row_type=\u00bbrow\u00bb use_row_as_full_screen_section=\u00bbno\u00bb type=\u00bbgrid\u00bb angled_section=\u00bbno\u00bb text_align=\u00bbleft\u00bb background_image_as_pattern=\u00bbwithout_pattern\u00bb z_index=\u00bb\u00bb][vc_column][vc_column_text]<\/p>\n<p style=\"text-align: right;\"><a href=\"\/es\">Inicio<\/a> \/ <a href=\"https:\/\/www.marinaberdalet.com\/es\/series\/\">Series<\/a> \/ Libros de arte sobre obra po\u00e9tica, Libros mudos y Hogares heridos<\/p>\n<p>[\/vc_column_text][\/vc_column][\/vc_row][vc_row css_animation=\u00bb\u00bb row_type=\u00bbrow\u00bb use_row_as_full_screen_section=\u00bbno\u00bb type=\u00bbgrid\u00bb angled_section=\u00bbno\u00bb text_align=\u00bbleft\u00bb background_image_as_pattern=\u00bbwithout_pattern\u00bb z_index=\u00bb\u00bb padding_top=\u00bb25&#8243; padding_bottom=\u00bb0&#8243;][vc_column][vc_separator type=\u00bbnormal\u00bb color=\u00bb#000000&#8243; thickness=\u00bb1&#8243; up=\u00bb0&#8243; down=\u00bb0&#8243;][\/vc_column][\/vc_row][vc_row css_animation=\u00bb\u00bb row_type=\u00bbrow\u00bb use_row_as_full_screen_section=\u00bbno\u00bb type=\u00bbfull_width\u00bb angled_section=\u00bbno\u00bb text_align=\u00bbleft\u00bb background_image_as_pattern=\u00bbwithout_pattern\u00bb z_index=\u00bb\u00bb padding_top=\u00bb0&#8243; padding_bottom=\u00bb0&#8243; anchor=\u00bbinici\u00bb][vc_column width=\u00bb1\/2&#8243;][vc_single_image image=\u00bb16697&#8243; img_size=\u00bb600&#215;650&#8243; qode_css_animation=\u00bb\u00bb][\/vc_column][vc_column width=\u00bb1\/2&#8243;][vc_empty_space height=\u00bb50&#8243;][vc_column_text]<\/p>\n<h1>Libros de arte sobre obra po\u00e9tica, Libros mudos y Hogares heridos<\/h1>\n<p>[\/vc_column_text][vc_empty_space height=\u00bb25&#8243;][vc_column_text]<strong>T\u00c9CNICAS:<\/strong> Pintura, dibujo y t\u00e9cnica mixta<br \/>\n<strong>A\u00d1OS:<\/strong> 2003-2024[\/vc_column_text][vc_empty_space height=\u00bb75&#8243;][vc_column_text]<\/p>\n<h2>Descripci\u00f3n<\/h2>\n<p>[\/vc_column_text][vc_separator type=\u00bbsmall\u00bb position=\u00bbleft\u00bb color=\u00bb#000000&#8243; thickness=\u00bb1&#8243; width=\u00bb50&#8243; up=\u00bb15&#8243; down=\u00bb30&#8243;][vc_column_text]Los <strong>LIBROS ARTE<\/strong> est\u00e1n inspirados en la obra po\u00e9tica de autores y autoras diversos. Se trata de piezas \u00fanicas realizadas manualmente desde el inicio hasta el final.<\/p>\n<p>&nbsp;<\/p>\n<p>Selecci\u00f3n de libros arte, obras y autores:<\/p>\n<p>&nbsp;<\/p>\n<p><strong>SALVADOR ESPRIU<\/strong><br \/>\n<em><strong>Knowles el colgado, lo mira a cinco palmos de la rama<\/strong><\/em><br \/>\n<em><strong>Canciones de la rueda del tiempo<\/strong><\/em><br \/>\n<em><strong>Ciclo Espriu<\/strong><\/em> (interpretaci\u00f3n de la obra)<\/p>\n<p>&nbsp;<\/p>\n<p><strong>ALDA MERINI<\/strong><br \/>\nDos libros arte inspirados en el libro de poemas <em><strong>La carne de los \u00e1ngeles<\/strong><\/em><\/p>\n<p>&nbsp;<\/p>\n<p><strong>J.V.FOIX<\/strong><br \/>\n<em><strong>Balada de los cinco marineros exclusivos y el timonel que era yo<\/strong><\/em><br \/>\n<em><strong>Once Navidades y un fin de a\u00f1o<\/strong><\/em><\/p>\n<p>&nbsp;<\/p>\n<p><strong>MARIA \u00c0NGELS ANGLADA<\/strong><br \/>\n<em><strong>Claridad<\/strong><\/em><br \/>\n<em><strong>Sax\u00edfraga<\/strong><\/em><br \/>\n<em><strong>Infancia<\/strong><\/em><\/p>\n<p>&nbsp;<\/p>\n<p><strong>PERE CALDERS<\/strong><br \/>\n<em><strong>Los m\u00e1rgenes de la memoria<\/strong><\/em> (interpretaci\u00f3n de la obra de Calders y cuento <em><strong>El fin<\/strong><\/em>)<\/p>\n<p>&nbsp;<\/p>\n<p><strong>AGUST\u00cd BARTRA<\/strong><br \/>\n<em><strong>Himno de Ulises en la tierra<\/strong><\/em><\/p>\n<p>&nbsp;<\/p>\n<p><strong>MERC\u00c8 RODOREDA<\/strong><br \/>\n<em><strong>Flors de deb\u00f2<\/strong><\/em><\/p>\n<p>&nbsp;<\/p>\n<p>En este espacio incluyo una serie de piezas que han sido creadas para participar en exposiciones colectivas sobre dramas e injusticias sociales que nos resuenan cotidianamente: <strong>LIBROS MUDOS<\/strong> y <strong>HOGARES HERIDOS<\/strong>. Es a trav\u00e9s del volumen y materia que puedo expresar m\u00e1s cosas.<\/p>\n<p>&nbsp;<\/p>\n<p><strong>HOGARES HERIDOS<\/strong>, es una serie que reflexiona sobre la violencia de g\u00e9nero.<\/p>\n<p>&nbsp;<\/p>\n<p>La serie <strong>LIBROS MUDOS<\/strong> est\u00e1 dedicada:<\/p>\n<p>&nbsp;<\/p>\n<p style=\"padding-left: 80px;\">A quien no tiene voz<br \/>\nA quien no puede hablar<br \/>\nA quien se le obliga a callar<br \/>\nA quien no se le permite leer<br \/>\nA quien no se le permite hablar<br \/>\nA quien no se siente <em>nadie<\/em><br \/>\nA qui\u00e9n no puede decir <em>yo<\/em><\/p>\n<p>&nbsp;<\/p>\n<p style=\"padding-left: 160px;\">A todas aquellas vidas que lo han intentado pero se han quedado en el camino<br \/>\nA todas aquellas vidas que no podremos leer<\/p>\n<p>[\/vc_column_text][\/vc_column][\/vc_row][vc_row css_animation=\u00bb\u00bb row_type=\u00bbrow\u00bb use_row_as_full_screen_section=\u00bbno\u00bb type=\u00bbgrid\u00bb angled_section=\u00bbno\u00bb text_align=\u00bbleft\u00bb background_image_as_pattern=\u00bbwithout_pattern\u00bb z_index=\u00bb\u00bb padding_top=\u00bb75&#8243;][vc_column][vc_separator type=\u00bbnormal\u00bb color=\u00bb#000000&#8243; thickness=\u00bb3&#8243; up=\u00bb0&#8243; down=\u00bb0&#8243;][vc_empty_space height=\u00bb50&#8243;][vc_column_text]<\/p>\n<h2>Selecci\u00f3n de obras de la serie Libros de arte sobre obra po\u00e9tica, Libros mudos y Hogares heridos<\/h2>\n<p>[\/vc_column_text][vc_separator type=\u00bbsmall\u00bb position=\u00bbleft\u00bb color=\u00bb#000000&#8243; thickness=\u00bb1&#8243; width=\u00bb50&#8243; up=\u00bb15&#8243; down=\u00bb50&#8243;][\/vc_column][\/vc_row][vc_row css_animation=\u00bb\u00bb row_type=\u00bbrow\u00bb use_row_as_full_screen_section=\u00bbno\u00bb type=\u00bbgrid\u00bb angled_section=\u00bbno\u00bb text_align=\u00bbleft\u00bb background_image_as_pattern=\u00bbwithout_pattern\u00bb z_index=\u00bb\u00bb][vc_column offset=\u00bbvc_hidden-xs\u00bb][vc_gallery type=\u00bbimage_grid\u00bb images=\u00bb16669,16667,16671,16673,16675,16677,16679,16681,16683,16685,16657,16659,16661,16663,16665,16649,16655,16653,16647,16651,16687,16689,16691,16693,16695,16697,16699,16701,16703,16705,16727,16729,16731,16733,16735,16743,16745,16737,16741,16739,16757,16761,16763,16759,16765,16747,16751,16749,16753,16755,16711,16709,16713,16715,16707,16719,16723,16721,16725,16717,18123,18125,18127,18129,18131&#8243; column_number=\u00bb5&#8243; grayscale=\u00bbno\u00bb images_space=\u00bbgallery_with_space\u00bb][\/vc_column][\/vc_row][vc_row css_animation=\u00bb\u00bb row_type=\u00bbrow\u00bb use_row_as_full_screen_section=\u00bbno\u00bb type=\u00bbgrid\u00bb angled_section=\u00bbno\u00bb text_align=\u00bbleft\u00bb background_image_as_pattern=\u00bbwithout_pattern\u00bb z_index=\u00bb\u00bb][vc_column offset=\u00bbvc_hidden-lg vc_hidden-md vc_hidden-sm\u00bb][vc_gallery type=\u00bbflexslider_slide\u00bb interval=\u00bb0&#8243; images=\u00bb16669,16667,16671,16673,16675,16677,16679,16681,16683,16685,16657,16659,16661,16663,16665,16649,16655,16653,16647,16651,16687,16689,16691,16693,16695,16697,16699,16701,16703,16705,16727,16729,16731,16733,16735,16743,16745,16737,16741,16739,16757,16761,16763,16759,16765,16747,16751,16749,16753,16755,16711,16709,16713,16715,16707,16719,16723,16721,16725,16717&#8243; direction_nav=\u00bbyes\u00bb control_nav=\u00bbno\u00bb show_image_description=\u00bbyes\u00bb][\/vc_column][\/vc_row]<\/p>\n<\/div>","protected":false},"excerpt":{"rendered":"<p>[vc_row css_animation=\u00bb\u00bb row_type=\u00bbrow\u00bb use_row_as_full_screen_section=\u00bbno\u00bb type=\u00bbgrid\u00bb angled_section=\u00bbno\u00bb text_align=\u00bbleft\u00bb background_image_as_pattern=\u00bbwithout_pattern\u00bb z_index=\u00bb\u00bb][vc_column][vc_column_text] Inicio \/ Series \/ Libros de arte sobre obra po\u00e9tica, Libros mudos y Hogares heridos [\/vc_column_text][\/vc_column][\/vc_row][vc_row css_animation=\u00bb\u00bb row_type=\u00bbrow\u00bb use_row_as_full_screen_section=\u00bbno\u00bb type=\u00bbgrid\u00bb angled_section=\u00bbno\u00bb text_align=\u00bbleft\u00bb background_image_as_pattern=\u00bbwithout_pattern\u00bb z_index=\u00bb\u00bb padding_top=\u00bb25&#8243; padding_bottom=\u00bb0&#8243;][vc_column][vc_separator type=\u00bbnormal\u00bb color=\u00bb#000000&#8243; thickness=\u00bb1&#8243; up=\u00bb0&#8243; down=\u00bb0&#8243;][\/vc_column][\/vc_row][vc_row css_animation=\u00bb\u00bb row_type=\u00bbrow\u00bb use_row_as_full_screen_section=\u00bbno\u00bb type=\u00bbfull_width\u00bb angled_section=\u00bbno\u00bb&#8230;<\/p>\n","protected":false},"author":1,"featured_media":0,"parent":17546,"menu_order":0,"comment_status":"open","ping_status":"open","template":"","meta":{"footnotes":""},"class_list":["post-17575","page","type-page","status-publish","hentry"],"_links":{"self":[{"href":"https:\/\/www.marinaberdalet.com\/es\/wp-json\/wp\/v2\/pages\/17575","targetHints":{"allow":["GET"]}}],"collection":[{"href":"https:\/\/www.marinaberdalet.com\/es\/wp-json\/wp\/v2\/pages"}],"about":[{"href":"https:\/\/www.marinaberdalet.com\/es\/wp-json\/wp\/v2\/types\/page"}],"author":[{"embeddable":true,"href":"https:\/\/www.marinaberdalet.com\/es\/wp-json\/wp\/v2\/users\/1"}],"replies":[{"embeddable":true,"href":"https:\/\/www.marinaberdalet.com\/es\/wp-json\/wp\/v2\/comments?post=17575"}],"version-history":[{"count":7,"href":"https:\/\/www.marinaberdalet.com\/es\/wp-json\/wp\/v2\/pages\/17575\/revisions"}],"predecessor-version":[{"id":18133,"href":"https:\/\/www.marinaberdalet.com\/es\/wp-json\/wp\/v2\/pages\/17575\/revisions\/18133"}],"up":[{"embeddable":true,"href":"https:\/\/www.marinaberdalet.com\/es\/wp-json\/wp\/v2\/pages\/17546"}],"wp:attachment":[{"href":"https:\/\/www.marinaberdalet.com\/es\/wp-json\/wp\/v2\/media?parent=17575"}],"curies":[{"name":"wp","href":"https:\/\/api.w.org\/{rel}","templated":true}]}}