{"id":17586,"date":"2024-03-01T17:32:23","date_gmt":"2024-03-01T15:32:23","guid":{"rendered":"https:\/\/www.marinaberdalet.com\/?page_id=17586"},"modified":"2024-03-25T17:00:05","modified_gmt":"2024-03-25T15:00:05","slug":"contemplacion-cielo-mar-tierra","status":"publish","type":"page","link":"https:\/\/www.marinaberdalet.com\/es\/exposiciones\/contemplacion-cielo-mar-tierra\/","title":{"rendered":"Contemplaci\u00f3n: cielo, mar, tierra"},"content":{"rendered":"<div class=\"wpb-content-wrapper\"><p>[vc_row css_animation=\u00bb\u00bb row_type=\u00bbrow\u00bb use_row_as_full_screen_section=\u00bbno\u00bb type=\u00bbgrid\u00bb angled_section=\u00bbno\u00bb text_align=\u00bbleft\u00bb background_image_as_pattern=\u00bbwithout_pattern\u00bb z_index=\u00bb\u00bb][vc_column][vc_column_text]<\/p>\n<p style=\"text-align: right;\"><a href=\"\/es\">Inicio<\/a> \/ <a href=\"\/es\/exposiciones\">Exposiciones<\/a> \/ Contemplaci\u00f3n: cielo, mar, tierra<\/p>\n<p>[\/vc_column_text][\/vc_column][\/vc_row][vc_row css_animation=\u00bb\u00bb row_type=\u00bbrow\u00bb use_row_as_full_screen_section=\u00bbno\u00bb type=\u00bbgrid\u00bb angled_section=\u00bbno\u00bb text_align=\u00bbleft\u00bb background_image_as_pattern=\u00bbwithout_pattern\u00bb z_index=\u00bb\u00bb padding_top=\u00bb25&#8243; padding_bottom=\u00bb0&#8243;][vc_column][vc_separator type=\u00bbnormal\u00bb color=\u00bb#000000&#8243; thickness=\u00bb1&#8243; up=\u00bb0&#8243; down=\u00bb0&#8243;][\/vc_column][\/vc_row][vc_row css_animation=\u00bb\u00bb row_type=\u00bbrow\u00bb use_row_as_full_screen_section=\u00bbno\u00bb type=\u00bbfull_width\u00bb angled_section=\u00bbno\u00bb text_align=\u00bbleft\u00bb background_image_as_pattern=\u00bbwithout_pattern\u00bb z_index=\u00bb\u00bb padding_top=\u00bb0&#8243; padding_bottom=\u00bb0&#8243; anchor=\u00bbinici\u00bb][vc_column width=\u00bb1\/2&#8243;][vc_single_image image=\u00bb16964&#8243; img_size=\u00bbfull\u00bb qode_css_animation=\u00bb\u00bb][\/vc_column][vc_column width=\u00bb1\/2&#8243;][vc_empty_space height=\u00bb50&#8243;][vc_column_text]<\/p>\n<h1>Contemplaci\u00f3n: cielo, mar, tierra<\/h1>\n<p>[\/vc_column_text][vc_empty_space height=\u00bb25&#8243;][vc_column_text]Marina Berdalet<br \/>\nDel 16 de julio al 2 de agosto de 1999<br \/>\nSala de exposiciones<br \/>\nL&#8217;Escala[\/vc_column_text][vc_empty_space height=\u00bb75&#8243;][vc_column_text]<\/p>\n<h2>Descripci\u00f3n<\/h2>\n<p>[\/vc_column_text][vc_separator type=\u00bbsmall\u00bb position=\u00bbleft\u00bb color=\u00bb#000000&#8243; thickness=\u00bb1&#8243; width=\u00bb50&#8243; up=\u00bb15&#8243; down=\u00bb30&#8243;][vc_column_text]I Beca de la primavera. L&#8217;Escala (Girona).<\/p>\n<p>&nbsp;<\/p>\n<p>Una estancia de tres meses en la Casa Forestal de Sant Mart\u00ed de Emp\u00faries durante la primavera de 1999, me permiti\u00f3 trabajar frente al mar. El contacto tan preciado con la naturaleza signific\u00f3 para m\u00ed el reencuentro con la pintura de forma libre y sin prejuicios. De ah\u00ed surgi\u00f3 la exposici\u00f3n <em>Contemplaci\u00f3n: cielo, mar, tierra.<\/em>[\/vc_column_text][\/vc_column][\/vc_row][vc_row css_animation=\u00bb\u00bb row_type=\u00bbrow\u00bb use_row_as_full_screen_section=\u00bbno\u00bb type=\u00bbgrid\u00bb angled_section=\u00bbno\u00bb text_align=\u00bbleft\u00bb background_image_as_pattern=\u00bbwithout_pattern\u00bb z_index=\u00bb\u00bb padding_top=\u00bb75&#8243;][vc_column][vc_separator type=\u00bbnormal\u00bb color=\u00bb#000000&#8243; thickness=\u00bb3&#8243; up=\u00bb0&#8243; down=\u00bb0&#8243;][vc_empty_space height=\u00bb50&#8243;][vc_column_text]<\/p>\n<h2>Im\u00e1genes de la exposici\u00f3n<\/h2>\n<p>[\/vc_column_text][vc_separator type=\u00bbsmall\u00bb position=\u00bbleft\u00bb color=\u00bb#000000&#8243; thickness=\u00bb1&#8243; width=\u00bb50&#8243; up=\u00bb15&#8243; down=\u00bb50&#8243;][\/vc_column][\/vc_row][vc_row css_animation=\u00bb\u00bb row_type=\u00bbrow\u00bb use_row_as_full_screen_section=\u00bbno\u00bb type=\u00bbgrid\u00bb angled_section=\u00bbno\u00bb text_align=\u00bbleft\u00bb background_image_as_pattern=\u00bbwithout_pattern\u00bb z_index=\u00bb\u00bb][vc_column][vc_gallery type=\u00bbimage_grid\u00bb images=\u00bb16954,16956,16958,16960&#8243; img_size=\u00bbfull\u00bb column_number=\u00bb4&#8243; grayscale=\u00bbno\u00bb images_space=\u00bbgallery_with_space\u00bb][vc_empty_space height=\u00bb25&#8243;][\/vc_column][\/vc_row]<\/p>\n<\/div>","protected":false},"excerpt":{"rendered":"<p>[vc_row css_animation=\u00bb\u00bb row_type=\u00bbrow\u00bb use_row_as_full_screen_section=\u00bbno\u00bb type=\u00bbgrid\u00bb angled_section=\u00bbno\u00bb text_align=\u00bbleft\u00bb background_image_as_pattern=\u00bbwithout_pattern\u00bb z_index=\u00bb\u00bb][vc_column][vc_column_text] Inicio \/ Exposiciones \/ Contemplaci\u00f3n: cielo, mar, tierra [\/vc_column_text][\/vc_column][\/vc_row][vc_row css_animation=\u00bb\u00bb row_type=\u00bbrow\u00bb use_row_as_full_screen_section=\u00bbno\u00bb type=\u00bbgrid\u00bb angled_section=\u00bbno\u00bb text_align=\u00bbleft\u00bb background_image_as_pattern=\u00bbwithout_pattern\u00bb z_index=\u00bb\u00bb padding_top=\u00bb25&#8243; padding_bottom=\u00bb0&#8243;][vc_column][vc_separator type=\u00bbnormal\u00bb color=\u00bb#000000&#8243; thickness=\u00bb1&#8243; up=\u00bb0&#8243; down=\u00bb0&#8243;][\/vc_column][\/vc_row][vc_row css_animation=\u00bb\u00bb row_type=\u00bbrow\u00bb use_row_as_full_screen_section=\u00bbno\u00bb type=\u00bbfull_width\u00bb angled_section=\u00bbno\u00bb text_align=\u00bbleft\u00bb background_image_as_pattern=\u00bbwithout_pattern\u00bb z_index=\u00bb\u00bb padding_top=\u00bb0&#8243; padding_bottom=\u00bb0&#8243; anchor=\u00bbinici\u00bb][vc_column width=\u00bb1\/2&#8243;][vc_single_image&#8230;<\/p>\n","protected":false},"author":1,"featured_media":0,"parent":17578,"menu_order":0,"comment_status":"open","ping_status":"open","template":"","meta":{"footnotes":""},"class_list":["post-17586","page","type-page","status-publish","hentry"],"_links":{"self":[{"href":"https:\/\/www.marinaberdalet.com\/es\/wp-json\/wp\/v2\/pages\/17586","targetHints":{"allow":["GET"]}}],"collection":[{"href":"https:\/\/www.marinaberdalet.com\/es\/wp-json\/wp\/v2\/pages"}],"about":[{"href":"https:\/\/www.marinaberdalet.com\/es\/wp-json\/wp\/v2\/types\/page"}],"author":[{"embeddable":true,"href":"https:\/\/www.marinaberdalet.com\/es\/wp-json\/wp\/v2\/users\/1"}],"replies":[{"embeddable":true,"href":"https:\/\/www.marinaberdalet.com\/es\/wp-json\/wp\/v2\/comments?post=17586"}],"version-history":[{"count":2,"href":"https:\/\/www.marinaberdalet.com\/es\/wp-json\/wp\/v2\/pages\/17586\/revisions"}],"predecessor-version":[{"id":17784,"href":"https:\/\/www.marinaberdalet.com\/es\/wp-json\/wp\/v2\/pages\/17586\/revisions\/17784"}],"up":[{"embeddable":true,"href":"https:\/\/www.marinaberdalet.com\/es\/wp-json\/wp\/v2\/pages\/17578"}],"wp:attachment":[{"href":"https:\/\/www.marinaberdalet.com\/es\/wp-json\/wp\/v2\/media?parent=17586"}],"curies":[{"name":"wp","href":"https:\/\/api.w.org\/{rel}","templated":true}]}}