{"id":17595,"date":"2024-02-26T11:26:03","date_gmt":"2024-02-26T09:26:03","guid":{"rendered":"https:\/\/www.marinaberdalet.com\/?page_id=17595"},"modified":"2024-03-25T17:24:14","modified_gmt":"2024-03-25T15:24:14","slug":"en-proceso","status":"publish","type":"page","link":"https:\/\/www.marinaberdalet.com\/es\/exposiciones\/en-proceso\/","title":{"rendered":"En proceso"},"content":{"rendered":"<div class=\"wpb-content-wrapper\"><p>[vc_row css_animation=\u00bb\u00bb row_type=\u00bbrow\u00bb use_row_as_full_screen_section=\u00bbno\u00bb type=\u00bbgrid\u00bb angled_section=\u00bbno\u00bb text_align=\u00bbleft\u00bb background_image_as_pattern=\u00bbwithout_pattern\u00bb z_index=\u00bb\u00bb][vc_column][vc_column_text]<\/p>\n<p style=\"text-align: right;\"><a href=\"\/es\">Inicio<\/a> \/ <a href=\"\/es\/exposiciones\">Exposiciones<\/a> \/ En proceso<\/p>\n<p>[\/vc_column_text][\/vc_column][\/vc_row][vc_row css_animation=\u00bb\u00bb row_type=\u00bbrow\u00bb use_row_as_full_screen_section=\u00bbno\u00bb type=\u00bbgrid\u00bb angled_section=\u00bbno\u00bb text_align=\u00bbleft\u00bb background_image_as_pattern=\u00bbwithout_pattern\u00bb z_index=\u00bb\u00bb padding_top=\u00bb25&#8243; padding_bottom=\u00bb0&#8243;][vc_column][vc_separator type=\u00bbnormal\u00bb color=\u00bb#000000&#8243; thickness=\u00bb1&#8243; up=\u00bb0&#8243; down=\u00bb0&#8243;][\/vc_column][\/vc_row][vc_row css_animation=\u00bb\u00bb row_type=\u00bbrow\u00bb use_row_as_full_screen_section=\u00bbno\u00bb type=\u00bbfull_width\u00bb angled_section=\u00bbno\u00bb text_align=\u00bbleft\u00bb background_image_as_pattern=\u00bbwithout_pattern\u00bb z_index=\u00bb\u00bb padding_top=\u00bb0&#8243; padding_bottom=\u00bb0&#8243; anchor=\u00bbinici\u00bb][vc_column width=\u00bb1\/2&#8243;][vc_single_image image=\u00bb16384&#8243; img_size=\u00bbfull\u00bb qode_css_animation=\u00bb\u00bb][\/vc_column][vc_column width=\u00bb1\/2&#8243;][vc_empty_space height=\u00bb50&#8243;][vc_column_text]<\/p>\n<h1>En proceso<\/h1>\n<p>[\/vc_column_text][vc_empty_space height=\u00bb25&#8243;][vc_column_text]Marina Berdalet<br \/>\nDel 15 al 30 de octubre de 2022<br \/>\nCal Ros Espacio de Arte<br \/>\nMonistrol de Calders[\/vc_column_text][vc_empty_space height=\u00bb75&#8243;][vc_column_text]<\/p>\n<h2>Descripci\u00f3n<\/h2>\n<p>[\/vc_column_text][vc_separator type=\u00bbsmall\u00bb position=\u00bbleft\u00bb color=\u00bb#000000&#8243; thickness=\u00bb1&#8243; width=\u00bb50&#8243; up=\u00bb15&#8243; down=\u00bb30&#8243;][vc_column_text]Esta exposici\u00f3n tiene el deseo de visibilizar el proceso creativo y el lugar donde se realiza la obra: el taller. Pinceles, paleta, botes y tubos de pintura, aguarr\u00e1s, libros, libretas, papeles, caballetes, bastidores, objetos de todo tipo, batas y mono de trabajo, tetera, taza, infusiones&#8230; El taller es invisible a los ojos de la gente, es como la parte posterior del escenario o como un laboratorio. Para m\u00ed, es emocionante abrir la puerta y atravesar el umbral que separa al mundo exterior de mi intimidad. Aqu\u00ed el tiempo se detiene y la reconciliaci\u00f3n con la existencia es casi total. Olores, materia, colores&#8230; Me lo permito todo, sin filtro alguno, sin escuchar otra voz: s\u00f3lo estoy yo, mi trabajo y a veces la m\u00fasica.<\/p>\n<p>&nbsp;<\/p>\n<p>Suelo trabajar por series: hay un motivo inicial (consciente o inconsciente) que dirige mi atenci\u00f3n hacia un punto. Y es entonces cuando comienza la aventura, tirando del hilo: el arte nos conecta con lo m\u00e1s \u00edntimo y desconocido de nosotros mismos ya m\u00ed me gusta descubrir, a trav\u00e9s de la materia, m\u00e1s cosas de m\u00ed y de la creaci\u00f3n art\u00edstica .[\/vc_column_text][vc_empty_space height=\u00bb25&#8243;]<blockquote class=' with_quote_icon' style=''><i class='fa fa-quote-right' style=''><\/i><h5 class='blockquote-text' style=''>La pintura -la creaci\u00f3n art\u00edstica- es un trabajo silencioso que requiere tes\u00f3n, compromiso, rutina, disciplina. La satisfacci\u00f3n (o no) que hay detr\u00e1s de cada obra terminada tambi\u00e9n est\u00e1 presente. Y por encima de todo, y utilizando las palabras de Paul Valery, me gusta pensar que, pintando, \u201cpresto mi cuerpo en el mundo para transformar el mundo en pintura\u201d.<\/h5><\/blockquote>[vc_empty_space height=\u00bb25&#8243;][vc_column_text]Despu\u00e9s de unos meses largos trabajando con fuego y humo, el rojo ha empezado a te\u00f1ir telas y papeles y al no ser un color que abunde en mi obra (que considero m\u00e1s bien austera y de un color matizado por grises, ocres , blancos y azules), puedo asegurar que me ha sorprendido. Por tanto, sin ning\u00fan filtro y como quien destapa una botella de cava habi\u00e9ndola sacudido antes fuerte, dejo que las obras vayan saliendo sin freno. M\u00e1s adelante ya vendr\u00e1 el momento de la reflexi\u00f3n, quiz\u00e1s. No es una sola obra en la que trabajo: son muchas las telas, los papeles, los dibujos&#8230; A medida que descubro cosas nuevas voy aplic\u00e1ndolas en los distintos soportes de modo que construyo poco a poco mi lenguaje simb\u00f3lico. Empiezo una tela y otra y otra, de tama\u00f1os diferentes. Pinto por capas, tomo paciencia, borro, vuelvo a empezar, giro y invierto la tela, la cambio de sitio. Incluso a veces la castigo una temporada de cara a la pared. Decidir cuando termino la pieza es lo m\u00e1s dif\u00edcil, pero hay que estar al acecho porque yo creo que la obra me lo acaba diciendo.<\/p>\n<p>&nbsp;<\/p>\n<p>Hoy, en Cal Ros, he trasladado un rinc\u00f3n de mi taller.<\/p>\n<p>&nbsp;<\/p>\n<p style=\"texto-align: right;\">Cal Ros, 15 de octubre 2022<\/p>\n<p style=\"texto-align: right;\">Marina Berdalet Andr\u00e9s<\/p>\n<p>&nbsp;<\/p>\n<p>\u2192\u00a0<a href=\"https:\/\/www.youtube.com\/watch?v=Fx7FwyYXZQE\" target=\"_blank\" rel=\"noopener\">Ver v\u00eddeo de la exposici\u00f3n<\/a>[\/vc_column_text][\/vc_column][\/vc_row][vc_row css_animation=\u00bb\u00bb row_type=\u00bbrow\u00bb use_row_as_full_screen_section=\u00bbno\u00bb type=\u00bbgrid\u00bb angled_section=\u00bbno\u00bb text_align=\u00bbleft\u00bb background_image_as_pattern=\u00bbwithout_pattern\u00bb z_index=\u00bb\u00bb padding_top=\u00bb75&#8243;][vc_column][vc_separator type=\u00bbnormal\u00bb color=\u00bb#000000&#8243; thickness=\u00bb3&#8243; up=\u00bb0&#8243; down=\u00bb0&#8243;][vc_empty_space height=\u00bb50&#8243;][vc_column_text]<\/p>\n<h2>Im\u00e1genes de la exposici\u00f3n<\/h2>\n<p>[\/vc_column_text][vc_separator type=\u00bbsmall\u00bb position=\u00bbleft\u00bb color=\u00bb#000000&#8243; thickness=\u00bb1&#8243; width=\u00bb50&#8243; up=\u00bb15&#8243; down=\u00bb50&#8243;][\/vc_column][\/vc_row][vc_row css_animation=\u00bb\u00bb row_type=\u00bbrow\u00bb use_row_as_full_screen_section=\u00bbno\u00bb type=\u00bbgrid\u00bb angled_section=\u00bbno\u00bb text_align=\u00bbleft\u00bb background_image_as_pattern=\u00bbwithout_pattern\u00bb z_index=\u00bb\u00bb][vc_column][vc_gallery type=\u00bbimage_grid\u00bb images=\u00bb16387,16393,16391,16389&#8243; img_size=\u00bbfull\u00bb column_number=\u00bb4&#8243; grayscale=\u00bbno\u00bb images_space=\u00bbgallery_with_space\u00bb][vc_empty_space height=\u00bb25&#8243;][\/vc_column][\/vc_row]<\/p>\n<\/div>","protected":false},"excerpt":{"rendered":"<p>[vc_row css_animation=\u00bb\u00bb row_type=\u00bbrow\u00bb use_row_as_full_screen_section=\u00bbno\u00bb type=\u00bbgrid\u00bb angled_section=\u00bbno\u00bb text_align=\u00bbleft\u00bb background_image_as_pattern=\u00bbwithout_pattern\u00bb z_index=\u00bb\u00bb][vc_column][vc_column_text] Inicio \/ Exposiciones \/ En proceso [\/vc_column_text][\/vc_column][\/vc_row][vc_row css_animation=\u00bb\u00bb row_type=\u00bbrow\u00bb use_row_as_full_screen_section=\u00bbno\u00bb type=\u00bbgrid\u00bb angled_section=\u00bbno\u00bb text_align=\u00bbleft\u00bb background_image_as_pattern=\u00bbwithout_pattern\u00bb z_index=\u00bb\u00bb padding_top=\u00bb25&#8243; padding_bottom=\u00bb0&#8243;][vc_column][vc_separator type=\u00bbnormal\u00bb color=\u00bb#000000&#8243; thickness=\u00bb1&#8243; up=\u00bb0&#8243; down=\u00bb0&#8243;][\/vc_column][\/vc_row][vc_row css_animation=\u00bb\u00bb row_type=\u00bbrow\u00bb use_row_as_full_screen_section=\u00bbno\u00bb type=\u00bbfull_width\u00bb angled_section=\u00bbno\u00bb text_align=\u00bbleft\u00bb background_image_as_pattern=\u00bbwithout_pattern\u00bb z_index=\u00bb\u00bb padding_top=\u00bb0&#8243; padding_bottom=\u00bb0&#8243; anchor=\u00bbinici\u00bb][vc_column width=\u00bb1\/2&#8243;][vc_single_image image=\u00bb16384&#8243; img_size=\u00bbfull\u00bb&#8230;<\/p>\n","protected":false},"author":1,"featured_media":0,"parent":17578,"menu_order":0,"comment_status":"open","ping_status":"open","template":"","meta":{"footnotes":""},"class_list":["post-17595","page","type-page","status-publish","hentry"],"_links":{"self":[{"href":"https:\/\/www.marinaberdalet.com\/es\/wp-json\/wp\/v2\/pages\/17595","targetHints":{"allow":["GET"]}}],"collection":[{"href":"https:\/\/www.marinaberdalet.com\/es\/wp-json\/wp\/v2\/pages"}],"about":[{"href":"https:\/\/www.marinaberdalet.com\/es\/wp-json\/wp\/v2\/types\/page"}],"author":[{"embeddable":true,"href":"https:\/\/www.marinaberdalet.com\/es\/wp-json\/wp\/v2\/users\/1"}],"replies":[{"embeddable":true,"href":"https:\/\/www.marinaberdalet.com\/es\/wp-json\/wp\/v2\/comments?post=17595"}],"version-history":[{"count":3,"href":"https:\/\/www.marinaberdalet.com\/es\/wp-json\/wp\/v2\/pages\/17595\/revisions"}],"predecessor-version":[{"id":17835,"href":"https:\/\/www.marinaberdalet.com\/es\/wp-json\/wp\/v2\/pages\/17595\/revisions\/17835"}],"up":[{"embeddable":true,"href":"https:\/\/www.marinaberdalet.com\/es\/wp-json\/wp\/v2\/pages\/17578"}],"wp:attachment":[{"href":"https:\/\/www.marinaberdalet.com\/es\/wp-json\/wp\/v2\/media?parent=17595"}],"curies":[{"name":"wp","href":"https:\/\/api.w.org\/{rel}","templated":true}]}}