{"id":17598,"date":"2024-03-04T19:28:27","date_gmt":"2024-03-04T17:28:27","guid":{"rendered":"https:\/\/www.marinaberdalet.com\/?page_id=17598"},"modified":"2024-09-09T17:25:39","modified_gmt":"2024-09-09T15:25:39","slug":"escalo-las-torres-sonoras","status":"publish","type":"page","link":"https:\/\/www.marinaberdalet.com\/es\/exposiciones\/escalo-las-torres-sonoras\/","title":{"rendered":"Escalo las torres sonoras"},"content":{"rendered":"<div class=\"wpb-content-wrapper\"><p>[vc_row css_animation=\u00bb\u00bb row_type=\u00bbrow\u00bb use_row_as_full_screen_section=\u00bbno\u00bb type=\u00bbgrid\u00bb angled_section=\u00bbno\u00bb text_align=\u00bbleft\u00bb background_image_as_pattern=\u00bbwithout_pattern\u00bb z_index=\u00bb\u00bb][vc_column][vc_column_text]<\/p>\n<p style=\"text-align: right;\"><a href=\"\/es\">Inicio<\/a> \/ <a href=\"\/es\/exposiciones\">Exposiciones<\/a> \/ Escalo las torres sonoras<\/p>\n<p>[\/vc_column_text][\/vc_column][\/vc_row][vc_row css_animation=\u00bb\u00bb row_type=\u00bbrow\u00bb use_row_as_full_screen_section=\u00bbno\u00bb type=\u00bbgrid\u00bb angled_section=\u00bbno\u00bb text_align=\u00bbleft\u00bb background_image_as_pattern=\u00bbwithout_pattern\u00bb z_index=\u00bb\u00bb padding_top=\u00bb25&#8243; padding_bottom=\u00bb0&#8243;][vc_column][vc_separator type=\u00bbnormal\u00bb color=\u00bb#000000&#8243; thickness=\u00bb1&#8243; up=\u00bb0&#8243; down=\u00bb0&#8243;][\/vc_column][\/vc_row][vc_row css_animation=\u00bb\u00bb row_type=\u00bbrow\u00bb use_row_as_full_screen_section=\u00bbno\u00bb type=\u00bbfull_width\u00bb angled_section=\u00bbno\u00bb text_align=\u00bbleft\u00bb background_image_as_pattern=\u00bbwithout_pattern\u00bb z_index=\u00bb\u00bb padding_top=\u00bb0&#8243; padding_bottom=\u00bb0&#8243; anchor=\u00bbinici\u00bb][vc_column width=\u00bb1\/2&#8243;][vc_single_image image=\u00bb17255&#8243; img_size=\u00bbfull\u00bb qode_css_animation=\u00bb\u00bb][\/vc_column][vc_column width=\u00bb1\/2&#8243;][vc_empty_space height=\u00bb50&#8243;][vc_column_text]<\/p>\n<h1>Escalo las torres sonoras<\/h1>\n<p>[\/vc_column_text][vc_empty_space height=\u00bb25&#8243;][vc_column_text]Marina Berdalet<br \/>\nDel 20 de septiembre al 20 de noviembre de 2020<br \/>\nLa Alberguer\u00eda<br \/>\nVic[\/vc_column_text][vc_empty_space height=\u00bb75&#8243;][vc_column_text]<\/p>\n<h2>Descripci\u00f3n<\/h2>\n<p>[\/vc_column_text][vc_separator type=\u00bbsmall\u00bb position=\u00bbleft\u00bb color=\u00bb#000000&#8243; thickness=\u00bb1&#8243; width=\u00bb50&#8243; up=\u00bb15&#8243; down=\u00bb30&#8243;][vc_column_text]La cerilla hace una peque\u00f1a y ef\u00edmera llama rojiza. La mu\u00f1eca repite una y otra vez el mismo gesto sencillo, y m\u00e1s cerillas se encienden y arden y humean.<\/p>\n<p>&nbsp;<\/p>\n<p>Olor a azufre<br \/>\nlucecita<br \/>\ncalor que, si me descuido, quema<br \/>\n[<em>FUEGO: Desprendimiento de calor y de luz producido por la combusti\u00f3n de un cuerpo]<\/em><br \/>\nLa espiral de FUM gira subiendo hacia arriba<br \/>\n<em>[HUMO: resultado de la combusti\u00f3n del fuego, vela o brasa. Sistema disperso de un gas en el que existen part\u00edculas s\u00f3lidas].<\/em><\/p>\n<p>&nbsp;<\/p>\n<p>Y resuena entretanto el poema de Agust\u00ed Bartra, Himno de Ulises en la tierra.<\/p>\n<p>&nbsp;<\/p>\n<p><em>Madre dif\u00edcil de tantas auroras, <\/em><br \/>\n<em>tierra de todos, barro estremecido de estrella: <\/em><br \/>\n<em>cant\u00e1ndote escalo las torres sonoras <\/em><br \/>\n<em>donde el esp\u00edritu rasga tu duro velo. <\/em><\/p>\n<p>So\u00f1\u00e1ndote, fr\u00e1gil y fuerte, Madre Tierra, te veo en todas tus dimensiones.<\/p>\n<p>&nbsp;<\/p>\n<p>Y presente la naturaleza en el verso, pienso en el fuego: <em>Destrucci\u00f3n. Supervivencia. Comunidad. Vida.<\/em><\/p>\n<p>&nbsp;<\/p>\n<p>Fuego que crea humo. Humo, grises y ocres que el papel retiene y transportan al origen de los tiempos: roca, vida, huella.<\/p>\n<p>[y ciudades negras de humo negro]<\/p>\n<p>Y sobre el papel, gesto, azar y dibujo.<br \/>\nDificultad para dominar la llama.<\/p>\n<p>&nbsp;<\/p>\n<p>Azar en el movimiento que dibuja.<br \/>\nVela, barritas de incienso de espesores, olores y texturas diversas, ra\u00edz de palosanto, brasas de la chimenea; carboncillo\u2026 investigo las posibilidades pl\u00e1sticas de cada uno de los materiales.<\/p>\n<p>&nbsp;<\/p>\n<p><em>Oh, deja que me adentre en las nieblas que levantas: <\/em><br \/>\n<em>as\u00ed podr\u00e9 tocar todas tus hebras.<\/em><br \/>\n<em>Ext\u00e9nme bajo tus lluvias descalzas: <\/em><br \/>\n<em>as\u00ed podr\u00e9 besarte m\u00e1s adentro. <\/em><br \/>\n<em>Siembrame al viento, at\u00e1me a las tormentas, <\/em><br \/>\n<em>t\u00farzame al fuego, s\u00fabeme a los congestos: <\/em><br \/>\n<em>quiero la gran paz clavado en tus destinos.<\/em><\/p>\n<p>&nbsp;<\/p>\n<p style=\"text-align: right;\"><em>FUEGO Y <\/em><em>HUMO<\/em><\/p>\n<p style=\"text-align: right;\">Marina Berdalet Andr\u00e9s<\/p>\n<p>&nbsp;<\/p>\n<p>CICLO TRES MURMULLOS DE TI<\/p>\n<p>&nbsp;<\/p>\n<p>\u2192 <a href=\"https:\/\/www.youtube.com\/watch?v=0v8kx_pHKPQ\" target=\"_blank\" rel=\"noopener\">L&#8217;Albergueria, Vic<\/a><\/p>\n<p>\u2192 <a href=\"https:\/\/www.youtube.com\/watch?v=cBcutMeg9Nk\" target=\"_blank\" rel=\"noopener\">Escalo las torres sonoras<\/a><\/p>\n<p>\u2192 <a href=\"https:\/\/lalbergueriavic.cat\/project\/cicle-2020\/\">Tres murmullos de ti<\/a><\/p>\n<p>\u2192 <a href=\"https:\/\/www.nuvol.com\/art\/pintar-amb-foc-i-fum-125485\">Pintar con fuego y humo.<\/a> Art\u00edculo de Sergi Ch\u00e0fer. Revista N\u00favol<\/p>\n<p>\u2192 <a href=\"https:\/\/www.elpou.cat\/noticia\/3770\/marina-berdalet-viatge-al-fons-quadre\">Viaje al fondo de un cuadro.<\/a> Art\u00edculo de Laura Serrat. Revista El Pou de la Gallina[\/vc_column_text][\/vc_column][\/vc_row][vc_row css_animation=\u00bb\u00bb row_type=\u00bbrow\u00bb use_row_as_full_screen_section=\u00bbno\u00bb type=\u00bbgrid\u00bb angled_section=\u00bbno\u00bb text_align=\u00bbleft\u00bb background_image_as_pattern=\u00bbwithout_pattern\u00bb z_index=\u00bb\u00bb padding_top=\u00bb75&#8243;][vc_column][vc_separator type=\u00bbnormal\u00bb color=\u00bb#000000&#8243; thickness=\u00bb3&#8243; up=\u00bb0&#8243; down=\u00bb0&#8243;][vc_empty_space height=\u00bb50&#8243;][vc_column_text]<\/p>\n<h2>Im\u00e1genes de la exposici\u00f3n<\/h2>\n<p>[\/vc_column_text][vc_separator type=\u00bbsmall\u00bb position=\u00bbleft\u00bb color=\u00bb#000000&#8243; thickness=\u00bb1&#8243; width=\u00bb50&#8243; up=\u00bb15&#8243; down=\u00bb50&#8243;][\/vc_column][\/vc_row][vc_row css_animation=\u00bb\u00bb row_type=\u00bbrow\u00bb use_row_as_full_screen_section=\u00bbno\u00bb type=\u00bbgrid\u00bb angled_section=\u00bbno\u00bb text_align=\u00bbleft\u00bb background_image_as_pattern=\u00bbwithout_pattern\u00bb z_index=\u00bb\u00bb][vc_column][vc_gallery type=\u00bbimage_grid\u00bb images=\u00bb17257,17259,17263,17261&#8243; img_size=\u00bbfull\u00bb column_number=\u00bb4&#8243; grayscale=\u00bbno\u00bb images_space=\u00bbgallery_with_space\u00bb][vc_empty_space height=\u00bb25&#8243;][\/vc_column][\/vc_row]<\/p>\n<\/div>","protected":false},"excerpt":{"rendered":"<p>[vc_row css_animation=\u00bb\u00bb row_type=\u00bbrow\u00bb use_row_as_full_screen_section=\u00bbno\u00bb type=\u00bbgrid\u00bb angled_section=\u00bbno\u00bb text_align=\u00bbleft\u00bb background_image_as_pattern=\u00bbwithout_pattern\u00bb z_index=\u00bb\u00bb][vc_column][vc_column_text] Inicio \/ Exposiciones \/ Escalo las torres sonoras [\/vc_column_text][\/vc_column][\/vc_row][vc_row css_animation=\u00bb\u00bb row_type=\u00bbrow\u00bb use_row_as_full_screen_section=\u00bbno\u00bb type=\u00bbgrid\u00bb angled_section=\u00bbno\u00bb text_align=\u00bbleft\u00bb background_image_as_pattern=\u00bbwithout_pattern\u00bb z_index=\u00bb\u00bb padding_top=\u00bb25&#8243; padding_bottom=\u00bb0&#8243;][vc_column][vc_separator type=\u00bbnormal\u00bb color=\u00bb#000000&#8243; thickness=\u00bb1&#8243; up=\u00bb0&#8243; down=\u00bb0&#8243;][\/vc_column][\/vc_row][vc_row css_animation=\u00bb\u00bb row_type=\u00bbrow\u00bb use_row_as_full_screen_section=\u00bbno\u00bb type=\u00bbfull_width\u00bb angled_section=\u00bbno\u00bb text_align=\u00bbleft\u00bb background_image_as_pattern=\u00bbwithout_pattern\u00bb z_index=\u00bb\u00bb padding_top=\u00bb0&#8243; padding_bottom=\u00bb0&#8243; anchor=\u00bbinici\u00bb][vc_column width=\u00bb1\/2&#8243;][vc_single_image&#8230;<\/p>\n","protected":false},"author":1,"featured_media":0,"parent":17578,"menu_order":0,"comment_status":"open","ping_status":"open","template":"","meta":{"footnotes":""},"class_list":["post-17598","page","type-page","status-publish","hentry"],"_links":{"self":[{"href":"https:\/\/www.marinaberdalet.com\/es\/wp-json\/wp\/v2\/pages\/17598","targetHints":{"allow":["GET"]}}],"collection":[{"href":"https:\/\/www.marinaberdalet.com\/es\/wp-json\/wp\/v2\/pages"}],"about":[{"href":"https:\/\/www.marinaberdalet.com\/es\/wp-json\/wp\/v2\/types\/page"}],"author":[{"embeddable":true,"href":"https:\/\/www.marinaberdalet.com\/es\/wp-json\/wp\/v2\/users\/1"}],"replies":[{"embeddable":true,"href":"https:\/\/www.marinaberdalet.com\/es\/wp-json\/wp\/v2\/comments?post=17598"}],"version-history":[{"count":5,"href":"https:\/\/www.marinaberdalet.com\/es\/wp-json\/wp\/v2\/pages\/17598\/revisions"}],"predecessor-version":[{"id":18015,"href":"https:\/\/www.marinaberdalet.com\/es\/wp-json\/wp\/v2\/pages\/17598\/revisions\/18015"}],"up":[{"embeddable":true,"href":"https:\/\/www.marinaberdalet.com\/es\/wp-json\/wp\/v2\/pages\/17578"}],"wp:attachment":[{"href":"https:\/\/www.marinaberdalet.com\/es\/wp-json\/wp\/v2\/media?parent=17598"}],"curies":[{"name":"wp","href":"https:\/\/api.w.org\/{rel}","templated":true}]}}