{"id":17601,"date":"2024-02-26T19:01:03","date_gmt":"2024-02-26T17:01:03","guid":{"rendered":"https:\/\/www.marinaberdalet.com\/?page_id=17601"},"modified":"2024-03-25T17:25:45","modified_gmt":"2024-03-25T15:25:45","slug":"el-origen-del-trazo","status":"publish","type":"page","link":"https:\/\/www.marinaberdalet.com\/es\/exposiciones\/el-origen-del-trazo\/","title":{"rendered":"El origen del trazo"},"content":{"rendered":"<div class=\"wpb-content-wrapper\"><p>[vc_row css_animation=\u00bb\u00bb row_type=\u00bbrow\u00bb use_row_as_full_screen_section=\u00bbno\u00bb type=\u00bbgrid\u00bb angled_section=\u00bbno\u00bb text_align=\u00bbleft\u00bb background_image_as_pattern=\u00bbwithout_pattern\u00bb z_index=\u00bb\u00bb][vc_column][vc_column_text]<\/p>\n<p style=\"text-align: right;\"><a href=\"\/es\">Inicio<\/a> \/ <a href=\"\/es\/exposiciones\">Exposiciones<\/a> \/ El origen del trazo<\/p>\n<p>[\/vc_column_text][\/vc_column][\/vc_row][vc_row css_animation=\u00bb\u00bb row_type=\u00bbrow\u00bb use_row_as_full_screen_section=\u00bbno\u00bb type=\u00bbgrid\u00bb angled_section=\u00bbno\u00bb text_align=\u00bbleft\u00bb background_image_as_pattern=\u00bbwithout_pattern\u00bb z_index=\u00bb\u00bb padding_top=\u00bb25&#8243; padding_bottom=\u00bb0&#8243;][vc_column][vc_separator type=\u00bbnormal\u00bb color=\u00bb#000000&#8243; thickness=\u00bb1&#8243; up=\u00bb0&#8243; down=\u00bb0&#8243;][\/vc_column][\/vc_row][vc_row css_animation=\u00bb\u00bb row_type=\u00bbrow\u00bb use_row_as_full_screen_section=\u00bbno\u00bb type=\u00bbfull_width\u00bb angled_section=\u00bbno\u00bb text_align=\u00bbleft\u00bb background_image_as_pattern=\u00bbwithout_pattern\u00bb z_index=\u00bb\u00bb padding_top=\u00bb0&#8243; padding_bottom=\u00bb0&#8243; anchor=\u00bbinici\u00bb][vc_column width=\u00bb1\/2&#8243; css=\u00bb.vc_custom_1709029334069{margin-top: -1px !important;}\u00bb][vc_single_image image=\u00bb16417&#8243; img_size=\u00bbfull\u00bb qode_css_animation=\u00bb\u00bb][\/vc_column][vc_column width=\u00bb1\/2&#8243;][vc_empty_space height=\u00bb50&#8243;][vc_column_text]<\/p>\n<h1>El origen del trazo<\/h1>\n<p>[\/vc_column_text][vc_empty_space height=\u00bb25&#8243;][vc_column_text]Marina Berdalet<br \/>\nDel 18 de noviembre al 31 de diciembre de 2022<br \/>\nArtemisia Art &amp; Tendencias<br \/>\nBarcelona[\/vc_column_text][vc_empty_space height=\u00bb75&#8243;][vc_column_text]<\/p>\n<h2>Descripci\u00f3n<\/h2>\n<p>[\/vc_column_text][vc_separator type=\u00bbsmall\u00bb position=\u00bbleft\u00bb color=\u00bb#000000&#8243; thickness=\u00bb1&#8243; width=\u00bb50&#8243; up=\u00bb15&#8243; down=\u00bb30&#8243;][vc_column_text]En esta exposici\u00f3n presentamos la serie \u201cEl origen del trazo\u201d complementada con la muestra de algunas obras de la serie \u201cPaseos\u201d; tres aguafuertes de la serie \u201cP\u00e1jaros\u201d; y obras en peque\u00f1o formato que responden a la serie \u00abEstructura del gesto\u00bb. El papel es el elemento que cohesiona las tres series, pero sobre todo, el impulso y la libertad expresiva del trazo unen todas las piezas de la exposici\u00f3n.<\/p>\n<p>&nbsp;<\/p>\n<p>\u201cEl origen del trazo\u201d recoge obras de diferentes formatos que empez\u00f3 a realizar en 2013, y que contin\u00faa el d\u00eda de hoy. Una serie que es una constante en la obra de Berdalet. En \u00e9sta, el l\u00e1piz de grafito toma el protagonismo. Un primer trazo, al azar, gestual, marca el ritmo de la obra. Alrededor de \u00e9l, m\u00faltiples nuevas l\u00edneas. De forma lenta, repetitiva, constante, nuevos trazos que se van conectando, pretenden una profundidad en el plano, pero con los m\u00ednimos recursos, hasta crear una composici\u00f3n armoniosa y llena de ritmo, que evoca sin duda la naturaleza. Escribi\u00f3 sobre esta serie el artista Maurice Maillard \u201cLos blancos preservados del papel son respiraci\u00f3n y aliento, reposo y poes\u00eda. Grafito, pero tambi\u00e9n tinta y pincel. La graf\u00eda se hace m\u00e1s densa, el contraste del negro y el blanco tiende a dramatizar la intenci\u00f3n y inscribirla en una historia del arte que tiene en cuenta la experiencia de maestros modernos. El paisaje nace de las relaciones de l\u00edneas, de manchas y de superficies, m\u00e1s que de una voluntad descriptiva que tender\u00eda hacia la an\u00e9cdota\u201d.<\/p>\n<p>&nbsp;<\/p>\n<p>\u201cPaseos\u201d \u00d3leos sobre papeles que remiten a paisajes cercanos de L\u2019Estany, territorio de acogida de la pintora, donde lleg\u00f3 en 2001 de la mano de Pep Sindreu Portabella. Paisajes que reflejan estados emocionales por los que transita Marina Berdalet. Formas org\u00e1nicas con notas de colores que se convierten en los indicadores del sentimiento que pretende compartir la artista. Paseos, un ritual naturalizado, su primer paso para llegar al taller.<\/p>\n<p>&nbsp;<\/p>\n<p>\u201cP\u00e1jaros\u201d aguafuertes donde se puede apreciar su dominio de la t\u00e9cnica y, como dice el cr\u00edtico Aleix Matar\u00f3, su capacidad de \u201cresolver po\u00e9tica y est\u00e9ticamente las obras\u201d.<\/p>\n<p>&nbsp;<\/p>\n<p>\u201cEstructura del gesto\u201d Obras peque\u00f1as sobre papel, que se adentran en una nueva exploraci\u00f3n del origen del trazo desde el micro movimiento. No se trata de dibujar un fragmento de una obra mayor, se trata de reducir la escalera, lo que a\u00f1ade dificultad a la ejecuci\u00f3n.[\/vc_column_text][vc_empty_space height=\u00bb25&#8243;]<blockquote class=' with_quote_icon' style=''><i class='fa fa-quote-right' style=''><\/i><h5 class='blockquote-text' style=''>En un espacio tan peque\u00f1o no hay sitio para el error.<\/h5><\/blockquote>[vc_empty_space height=\u00bb25&#8243;][vc_column_text]Todas ellas, obras sobre papel, con pocos o nulos contrastes crom\u00e1ticos, donde la intensidad del trazo marca el ritmo vital de todas y cada una de las obras.<\/p>\n<p>&nbsp;<\/p>\n<p style=\"text-align: right;\">Cristina Requena<\/p>\n<p style=\"text-align: right;\"><a href=\"https:\/\/www.artemisiacultura.com\/artemisia\">Galerista Artemisia Art &amp; Tendencias<\/a><\/p>\n<p>&nbsp;<\/p>\n<p>\u2192\u00a0<a href=\"https:\/\/www.youtube.com\/watch?v=32nA_Mh_egM\" target=\"_blank\" rel=\"noopener\">Ver v\u00eddeo de la exposici\u00f3n<\/a>[\/vc_column_text][\/vc_column][\/vc_row][vc_row css_animation=\u00bb\u00bb row_type=\u00bbrow\u00bb use_row_as_full_screen_section=\u00bbno\u00bb type=\u00bbgrid\u00bb angled_section=\u00bbno\u00bb text_align=\u00bbleft\u00bb background_image_as_pattern=\u00bbwithout_pattern\u00bb z_index=\u00bb\u00bb padding_top=\u00bb75&#8243;][vc_column][vc_separator type=\u00bbnormal\u00bb color=\u00bb#000000&#8243; thickness=\u00bb3&#8243; up=\u00bb0&#8243; down=\u00bb0&#8243;][vc_empty_space height=\u00bb50&#8243;][vc_column_text]<\/p>\n<h2>Imatges de l&#8217;exposici\u00f3<\/h2>\n<p>[\/vc_column_text][vc_separator type=\u00bbsmall\u00bb position=\u00bbleft\u00bb color=\u00bb#000000&#8243; thickness=\u00bb1&#8243; width=\u00bb50&#8243; up=\u00bb15&#8243; down=\u00bb50&#8243;][\/vc_column][\/vc_row][vc_row css_animation=\u00bb\u00bb row_type=\u00bbrow\u00bb use_row_as_full_screen_section=\u00bbno\u00bb type=\u00bbgrid\u00bb angled_section=\u00bbno\u00bb text_align=\u00bbleft\u00bb background_image_as_pattern=\u00bbwithout_pattern\u00bb z_index=\u00bb\u00bb][vc_column][vc_gallery type=\u00bbimage_grid\u00bb images=\u00bb16405,16407,16409,16411&#8243; img_size=\u00bbfull\u00bb column_number=\u00bb4&#8243; grayscale=\u00bbno\u00bb images_space=\u00bbgallery_with_space\u00bb][vc_empty_space height=\u00bb25&#8243;][\/vc_column][\/vc_row]<\/p>\n<\/div>","protected":false},"excerpt":{"rendered":"<p>[vc_row css_animation=\u00bb\u00bb row_type=\u00bbrow\u00bb use_row_as_full_screen_section=\u00bbno\u00bb type=\u00bbgrid\u00bb angled_section=\u00bbno\u00bb text_align=\u00bbleft\u00bb background_image_as_pattern=\u00bbwithout_pattern\u00bb z_index=\u00bb\u00bb][vc_column][vc_column_text] Inicio \/ Exposiciones \/ El origen del trazo [\/vc_column_text][\/vc_column][\/vc_row][vc_row css_animation=\u00bb\u00bb row_type=\u00bbrow\u00bb use_row_as_full_screen_section=\u00bbno\u00bb type=\u00bbgrid\u00bb angled_section=\u00bbno\u00bb text_align=\u00bbleft\u00bb background_image_as_pattern=\u00bbwithout_pattern\u00bb z_index=\u00bb\u00bb padding_top=\u00bb25&#8243; padding_bottom=\u00bb0&#8243;][vc_column][vc_separator type=\u00bbnormal\u00bb color=\u00bb#000000&#8243; thickness=\u00bb1&#8243; up=\u00bb0&#8243; down=\u00bb0&#8243;][\/vc_column][\/vc_row][vc_row css_animation=\u00bb\u00bb row_type=\u00bbrow\u00bb use_row_as_full_screen_section=\u00bbno\u00bb type=\u00bbfull_width\u00bb angled_section=\u00bbno\u00bb text_align=\u00bbleft\u00bb background_image_as_pattern=\u00bbwithout_pattern\u00bb z_index=\u00bb\u00bb padding_top=\u00bb0&#8243; padding_bottom=\u00bb0&#8243; anchor=\u00bbinici\u00bb][vc_column width=\u00bb1\/2&#8243;&#8230;<\/p>\n","protected":false},"author":1,"featured_media":0,"parent":17578,"menu_order":0,"comment_status":"open","ping_status":"open","template":"","meta":{"footnotes":""},"class_list":["post-17601","page","type-page","status-publish","hentry"],"_links":{"self":[{"href":"https:\/\/www.marinaberdalet.com\/es\/wp-json\/wp\/v2\/pages\/17601","targetHints":{"allow":["GET"]}}],"collection":[{"href":"https:\/\/www.marinaberdalet.com\/es\/wp-json\/wp\/v2\/pages"}],"about":[{"href":"https:\/\/www.marinaberdalet.com\/es\/wp-json\/wp\/v2\/types\/page"}],"author":[{"embeddable":true,"href":"https:\/\/www.marinaberdalet.com\/es\/wp-json\/wp\/v2\/users\/1"}],"replies":[{"embeddable":true,"href":"https:\/\/www.marinaberdalet.com\/es\/wp-json\/wp\/v2\/comments?post=17601"}],"version-history":[{"count":3,"href":"https:\/\/www.marinaberdalet.com\/es\/wp-json\/wp\/v2\/pages\/17601\/revisions"}],"predecessor-version":[{"id":17838,"href":"https:\/\/www.marinaberdalet.com\/es\/wp-json\/wp\/v2\/pages\/17601\/revisions\/17838"}],"up":[{"embeddable":true,"href":"https:\/\/www.marinaberdalet.com\/es\/wp-json\/wp\/v2\/pages\/17578"}],"wp:attachment":[{"href":"https:\/\/www.marinaberdalet.com\/es\/wp-json\/wp\/v2\/media?parent=17601"}],"curies":[{"name":"wp","href":"https:\/\/api.w.org\/{rel}","templated":true}]}}