{"id":17604,"date":"2024-03-04T19:10:02","date_gmt":"2024-03-04T17:10:02","guid":{"rendered":"https:\/\/www.marinaberdalet.com\/?page_id=17604"},"modified":"2024-03-25T17:31:15","modified_gmt":"2024-03-25T15:31:15","slug":"lapizs-sobre-papel","status":"publish","type":"page","link":"https:\/\/www.marinaberdalet.com\/es\/exposiciones\/lapizs-sobre-papel\/","title":{"rendered":"L\u00e1piz sobre papel"},"content":{"rendered":"<div class=\"wpb-content-wrapper\"><p>[vc_row css_animation=\u00bb\u00bb row_type=\u00bbrow\u00bb use_row_as_full_screen_section=\u00bbno\u00bb type=\u00bbgrid\u00bb angled_section=\u00bbno\u00bb text_align=\u00bbleft\u00bb background_image_as_pattern=\u00bbwithout_pattern\u00bb z_index=\u00bb\u00bb][vc_column][vc_column_text]<\/p>\n<p style=\"text-align: right;\"><a href=\"\/es\/\">Inicio<\/a> \/ <a href=\"\/es\/exposiciones\">Exposiciones<\/a> \/ L\u00e1piz sobre papel<\/p>\n<p>[\/vc_column_text][\/vc_column][\/vc_row][vc_row css_animation=\u00bb\u00bb row_type=\u00bbrow\u00bb use_row_as_full_screen_section=\u00bbno\u00bb type=\u00bbgrid\u00bb angled_section=\u00bbno\u00bb text_align=\u00bbleft\u00bb background_image_as_pattern=\u00bbwithout_pattern\u00bb z_index=\u00bb\u00bb padding_top=\u00bb25&#8243; padding_bottom=\u00bb0&#8243;][vc_column][vc_separator type=\u00bbnormal\u00bb color=\u00bb#000000&#8243; thickness=\u00bb1&#8243; up=\u00bb0&#8243; down=\u00bb0&#8243;][\/vc_column][\/vc_row][vc_row css_animation=\u00bb\u00bb row_type=\u00bbrow\u00bb use_row_as_full_screen_section=\u00bbno\u00bb type=\u00bbfull_width\u00bb angled_section=\u00bbno\u00bb text_align=\u00bbleft\u00bb background_image_as_pattern=\u00bbwithout_pattern\u00bb z_index=\u00bb\u00bb padding_top=\u00bb0&#8243; padding_bottom=\u00bb0&#8243; anchor=\u00bbinici\u00bb][vc_column width=\u00bb1\/2&#8243;][vc_single_image image=\u00bb17223&#8243; img_size=\u00bbfull\u00bb qode_css_animation=\u00bb\u00bb][\/vc_column][vc_column width=\u00bb1\/2&#8243;][vc_empty_space height=\u00bb50&#8243;][vc_column_text]<\/p>\n<h1>L\u00e1piz sobre papel<\/h1>\n<p>[\/vc_column_text][vc_empty_space height=\u00bb25&#8243;][vc_column_text]Marina Berdalet<br \/>\nDel 2 de marzo al 9 de mayo de 2013<br \/>\nCACIS<br \/>\nCalders[\/vc_column_text][vc_empty_space height=\u00bb75&#8243;][vc_column_text]<\/p>\n<h2>Descripci\u00f3n<\/h2>\n<p>[\/vc_column_text][vc_separator type=\u00bbsmall\u00bb position=\u00bbleft\u00bb color=\u00bb#000000&#8243; thickness=\u00bb1&#8243; width=\u00bb50&#8243; up=\u00bb15&#8243; down=\u00bb30&#8243;][vc_column_text]La artista pl\u00e1stica Marina Berdalet (Barcelona, 1965), residente en la localidad bagenca del Estany desde hace una docena de a\u00f1os, ya est\u00e1 instalada desde ayer en el Cacis, Centro de Arte Contempor\u00e1neo y Sostenibilidad- El Horno de la Cal de Calders, donde expondr\u00e1 L\u00e1piz sobre papel hasta el 9 de mayo. La inauguraci\u00f3n de la muestra, que incluye la creaci\u00f3n de una obra en directo, ser\u00e1 a las 6 de la tarde de hoy.<\/p>\n<p>&nbsp;<\/p>\n<p>Ayer, en un papel sobre madera de 1,5 metros de alto por 2 de ancho colgado en la pared, ya empez\u00f3 el nuevo dibujo. Con un l\u00e1piz de grafito crea \u00aba partir de una l\u00ednea trazada al azar, y el dibujo va creciendo imitando el crecimiento de la naturaleza. Una l\u00ednea lleva a otra y los trazos, repetitivos, se extienden por todo lo papel\u00bb. Es una creaci\u00f3n de la serie llamada estructura del gesto.[\/vc_column_text][vc_column_text][\/vc_column_text][vc_empty_space height=\u00bb25&#8243;]<blockquote class='' style=''><h5 class='blockquote-text' style=''>Berdalet, ganadora de la primera edici\u00f3n del Premio Tendencias otorgado por Regi\u00f37 y Televisi\u00f3 de Manresa, enfrenta su creaci\u00f3n a una secuencia de dibujos naturalistas que comenz\u00f3 el 29 de noviembre de 1999 y termin\u00f3 el 27 de junio de 2000. Los dibujos siguen desde la plantaci\u00f3n de un bulbo de un narciso hasta la muerte de la flor. Todo un contraste: ``la figuraci\u00f3n cient\u00edfica frente a la abstracci\u00f3n del gran dibujo que estoy haciendo``.<\/h5><\/blockquote>[vc_empty_space height=\u00bb25&#8243;][vc_column_text]Los dibujos de la evoluci\u00f3n del narciso forman parte de unos 400 dibujos estrictamente cient\u00edficos que el artista realiz\u00f3 durante dos a\u00f1os, que pas\u00f3 \u00abs\u00f3lo observando c\u00f3mo crec\u00edan las plantas que cultivaba en casa\u00bb. La observaci\u00f3n le ha llevado a la estructura del gesto: \u00abcon un mismo gesto, sea de la mu\u00f1eca, del codo o de todo el cuerpo, se van buscando estructuras que recuerdan al vegetal. La observaci\u00f3n de la naturaleza me dio pie a la libertad de actuaci\u00f3n en dibujos mucho mayores\u00bb.<\/p>\n<p>&nbsp;<\/p>\n<p>La exposici\u00f3n de Marina Berdalet encaja perfectamente en Cacis, un centro que potencia la vinculaci\u00f3n entre el arte y la naturaleza y que, de hecho, est\u00e1 instalado en un antiguo horno de cal en una zona plenamente rural.<\/p>\n<p>&nbsp;<\/p>\n<p>PEPA MA\u00d1\u00c9, Regi\u00f37, 2 de marzo 2013<\/p>\n<p>Comisaria de la exposici\u00f3n: ROSER ODUBER MUNTANYOLA, artista y directora del CACIS[\/vc_column_text][\/vc_column][\/vc_row][vc_row css_animation=\u00bb\u00bb row_type=\u00bbrow\u00bb use_row_as_full_screen_section=\u00bbno\u00bb type=\u00bbgrid\u00bb angled_section=\u00bbno\u00bb text_align=\u00bbleft\u00bb background_image_as_pattern=\u00bbwithout_pattern\u00bb z_index=\u00bb\u00bb padding_top=\u00bb75&#8243;][vc_column][vc_separator type=\u00bbnormal\u00bb color=\u00bb#000000&#8243; thickness=\u00bb3&#8243; up=\u00bb0&#8243; down=\u00bb0&#8243;][vc_empty_space height=\u00bb50&#8243;][vc_column_text]<\/p>\n<h2>Im\u00e1genes de la exposici\u00f3n<\/h2>\n<p>[\/vc_column_text][vc_separator type=\u00bbsmall\u00bb position=\u00bbleft\u00bb color=\u00bb#000000&#8243; thickness=\u00bb1&#8243; width=\u00bb50&#8243; up=\u00bb15&#8243; down=\u00bb50&#8243;][\/vc_column][\/vc_row][vc_row css_animation=\u00bb\u00bb row_type=\u00bbrow\u00bb use_row_as_full_screen_section=\u00bbno\u00bb type=\u00bbgrid\u00bb angled_section=\u00bbno\u00bb text_align=\u00bbleft\u00bb background_image_as_pattern=\u00bbwithout_pattern\u00bb z_index=\u00bb\u00bb][vc_column][vc_gallery type=\u00bbimage_grid\u00bb images=\u00bb17225,17227,17229,17231&#8243; img_size=\u00bbfull\u00bb column_number=\u00bb4&#8243; grayscale=\u00bbno\u00bb images_space=\u00bbgallery_with_space\u00bb][vc_empty_space height=\u00bb25&#8243;][\/vc_column][\/vc_row]<\/p>\n<\/div>","protected":false},"excerpt":{"rendered":"<p>[vc_row css_animation=\u00bb\u00bb row_type=\u00bbrow\u00bb use_row_as_full_screen_section=\u00bbno\u00bb type=\u00bbgrid\u00bb angled_section=\u00bbno\u00bb text_align=\u00bbleft\u00bb background_image_as_pattern=\u00bbwithout_pattern\u00bb z_index=\u00bb\u00bb][vc_column][vc_column_text] Inicio \/ Exposiciones \/ L\u00e1piz sobre papel [\/vc_column_text][\/vc_column][\/vc_row][vc_row css_animation=\u00bb\u00bb row_type=\u00bbrow\u00bb use_row_as_full_screen_section=\u00bbno\u00bb type=\u00bbgrid\u00bb angled_section=\u00bbno\u00bb text_align=\u00bbleft\u00bb background_image_as_pattern=\u00bbwithout_pattern\u00bb z_index=\u00bb\u00bb padding_top=\u00bb25&#8243; padding_bottom=\u00bb0&#8243;][vc_column][vc_separator type=\u00bbnormal\u00bb color=\u00bb#000000&#8243; thickness=\u00bb1&#8243; up=\u00bb0&#8243; down=\u00bb0&#8243;][\/vc_column][\/vc_row][vc_row css_animation=\u00bb\u00bb row_type=\u00bbrow\u00bb use_row_as_full_screen_section=\u00bbno\u00bb type=\u00bbfull_width\u00bb angled_section=\u00bbno\u00bb text_align=\u00bbleft\u00bb background_image_as_pattern=\u00bbwithout_pattern\u00bb z_index=\u00bb\u00bb padding_top=\u00bb0&#8243; padding_bottom=\u00bb0&#8243; anchor=\u00bbinici\u00bb][vc_column width=\u00bb1\/2&#8243;][vc_single_image image=\u00bb17223&#8243;&#8230;<\/p>\n","protected":false},"author":1,"featured_media":0,"parent":17578,"menu_order":0,"comment_status":"open","ping_status":"open","template":"","meta":{"footnotes":""},"class_list":["post-17604","page","type-page","status-publish","hentry"],"_links":{"self":[{"href":"https:\/\/www.marinaberdalet.com\/es\/wp-json\/wp\/v2\/pages\/17604","targetHints":{"allow":["GET"]}}],"collection":[{"href":"https:\/\/www.marinaberdalet.com\/es\/wp-json\/wp\/v2\/pages"}],"about":[{"href":"https:\/\/www.marinaberdalet.com\/es\/wp-json\/wp\/v2\/types\/page"}],"author":[{"embeddable":true,"href":"https:\/\/www.marinaberdalet.com\/es\/wp-json\/wp\/v2\/users\/1"}],"replies":[{"embeddable":true,"href":"https:\/\/www.marinaberdalet.com\/es\/wp-json\/wp\/v2\/comments?post=17604"}],"version-history":[{"count":3,"href":"https:\/\/www.marinaberdalet.com\/es\/wp-json\/wp\/v2\/pages\/17604\/revisions"}],"predecessor-version":[{"id":17822,"href":"https:\/\/www.marinaberdalet.com\/es\/wp-json\/wp\/v2\/pages\/17604\/revisions\/17822"}],"up":[{"embeddable":true,"href":"https:\/\/www.marinaberdalet.com\/es\/wp-json\/wp\/v2\/pages\/17578"}],"wp:attachment":[{"href":"https:\/\/www.marinaberdalet.com\/es\/wp-json\/wp\/v2\/media?parent=17604"}],"curies":[{"name":"wp","href":"https:\/\/api.w.org\/{rel}","templated":true}]}}