{"id":17610,"date":"2024-02-27T12:49:58","date_gmt":"2024-02-27T10:49:58","guid":{"rendered":"https:\/\/www.marinaberdalet.com\/?page_id=17610"},"modified":"2024-03-25T17:33:27","modified_gmt":"2024-03-25T15:33:27","slug":"muda","status":"publish","type":"page","link":"https:\/\/www.marinaberdalet.com\/es\/exposiciones\/muda\/","title":{"rendered":"Muda"},"content":{"rendered":"<div class=\"wpb-content-wrapper\"><p>[vc_row css_animation=\u00bb\u00bb row_type=\u00bbrow\u00bb use_row_as_full_screen_section=\u00bbno\u00bb type=\u00bbgrid\u00bb angled_section=\u00bbno\u00bb text_align=\u00bbleft\u00bb background_image_as_pattern=\u00bbwithout_pattern\u00bb z_index=\u00bb\u00bb][vc_column][vc_column_text]<\/p>\n<p style=\"text-align: right;\"><a href=\"\/es\">Inicio<\/a> \/ <a href=\"\/es\/exposiciones\">Exposiciones<\/a> \/ Muda<\/p>\n<p>[\/vc_column_text][\/vc_column][\/vc_row][vc_row css_animation=\u00bb\u00bb row_type=\u00bbrow\u00bb use_row_as_full_screen_section=\u00bbno\u00bb type=\u00bbgrid\u00bb angled_section=\u00bbno\u00bb text_align=\u00bbleft\u00bb background_image_as_pattern=\u00bbwithout_pattern\u00bb z_index=\u00bb\u00bb padding_top=\u00bb25&#8243; padding_bottom=\u00bb0&#8243;][vc_column][vc_separator type=\u00bbnormal\u00bb color=\u00bb#000000&#8243; thickness=\u00bb1&#8243; up=\u00bb0&#8243; down=\u00bb0&#8243;][\/vc_column][\/vc_row][vc_row css_animation=\u00bb\u00bb row_type=\u00bbrow\u00bb use_row_as_full_screen_section=\u00bbno\u00bb type=\u00bbfull_width\u00bb angled_section=\u00bbno\u00bb text_align=\u00bbleft\u00bb background_image_as_pattern=\u00bbwithout_pattern\u00bb z_index=\u00bb\u00bb padding_top=\u00bb0&#8243; padding_bottom=\u00bb0&#8243; anchor=\u00bbinici\u00bb][vc_column width=\u00bb1\/2&#8243;][vc_single_image image=\u00bb16450&#8243; img_size=\u00bbfull\u00bb qode_css_animation=\u00bb\u00bb][\/vc_column][vc_column width=\u00bb1\/2&#8243;][vc_empty_space height=\u00bb50&#8243;][vc_column_text]<\/p>\n<h1>Muda<\/h1>\n<p>[\/vc_column_text][vc_empty_space height=\u00bb25&#8243;][vc_column_text]Marina Berdalet<br \/>\nDel 27 de octubre al 3 de diciembre de 2023<br \/>\nCentro de Arte El Mar\u00e7\u00f3 Vell<br \/>\nCentelles[\/vc_column_text][vc_empty_space height=\u00bb75&#8243;][vc_column_text]<\/p>\n<h2>Descripci\u00f3n<\/h2>\n<p>[\/vc_column_text][vc_separator type=\u00bbsmall\u00bb position=\u00bbleft\u00bb color=\u00bb#000000&#8243; thickness=\u00bb1&#8243; width=\u00bb50&#8243; up=\u00bb15&#8243; down=\u00bb30&#8243;][vc_column_text]\u201cLa pintura es el lenguaje de la p\u00e9rdida. Se raspan capas de pintura una y otra vez, se reconstruye y se pierde de nuevo. A la esperanza le sigue el des\u00e1nimo y despu\u00e9s la esperanza. \u00bfSe puede elaborar el vac\u00edo de una p\u00e9rdida por medio de este proceso de pintar, que se estructura por encima de todo, en torno a la p\u00e9rdida?\u201d.<\/p>\n<p style=\"text-align: right;\">Celia Paul. Autorretrato.<\/p>\n<p>[\/vc_column_text][vc_empty_space height=\u00bb25&#8243;]<blockquote class=' with_quote_icon' style=''><i class='fa fa-quote-right' style=''><\/i><h5 class='blockquote-text' style=''>Una de las ventajas de realizar una mudanza es que no hay palmo de casa que quede libre de ser revisado, recolocado o eliminado. Si quien hace la muda es artista pl\u00e1stico los palmos, rincones y rincones se multiplican hasta el infinito.<\/h5><\/blockquote>[vc_empty_space height=\u00bb25&#8243;][vc_column_text]Esta (re)movida f\u00edsica, mental y emocional, tambi\u00e9n me ha permitido revisar la obra hecha hasta ahora, reencontr\u00e1ndome con piezas que ten\u00eda olvidadas. Observo una serie de elementos gr\u00e1ficos, formas, t\u00e9cnicas, materiales, gestos, colores&#8230; que se van repitiendo a lo largo de los a\u00f1os y que han ido construyendo mi universo simb\u00f3lico.<\/p>\n<p>&nbsp;<\/p>\n<p>Asimismo, una de las tem\u00e1ticas que emerge con cierta periodicidad es precisamente la MUDA que, seg\u00fan el momento vital concreto, adapta uno de los m\u00faltiples \u00a0significados que tiene la palabra y, en consecuencia, la representaci\u00f3n pl\u00e1stica tambi\u00e9n var\u00eda:<\/p>\n<p>&nbsp;<\/p>\n<p>MUDA, de silencios provocados por la incapacidad de hablar;<br \/>\nMUDA, que no tiene sonido, como el dibujo y la pintura;<br \/>\nMUDA, lo que existe pero no puedes contar;<br \/>\nMUDA, como el que experimentan algunos animales y tambi\u00e9n los \u00e1rboles, cambiando o renov\u00e1ndola pluma, el pelo, la piel, los cuernos, la corteza. Mudar para seguir viviendo;<br \/>\nMUDA, acci\u00f3n de cambiarnos de ropa, por sucia, vieja o para celebrar algo. Renovaci\u00f3n;<br \/>\nMUDA, de mudanza. F\u00edsica, mental o emocional.<\/p>\n<p>&nbsp;<\/p>\n<p>La diversidad de piezas escogidas para esta muestra van de finales de los a\u00f1os 80 hasta ahora. Sin respetar un orden cronol\u00f3gico, naturaleza y paisajes interiores, silencios y grumos, trazos, mudas y libros mudos, dibujos a ciegas&#8230; se entrelazan entre ellas cosiendo un hilo de silencios.<\/p>\n<p>&nbsp;<\/p>\n<p>Agradezco la oportunidad que el Mar\u00e7\u00f3 Vell me ha dado, haciendo de la MUDA, revisi\u00f3n y cierre (o no) de etapa.<\/p>\n<p>&nbsp;<\/p>\n<p style=\"text-align: right;\">Marina Berdalet Andr\u00e9s<\/p>\n<p>&nbsp;<\/p>\n<p>\u2192\u00a0<a href=\"https:\/\/www.youtube.com\/watch?v=qfvz9lz6ROI\" target=\"_blank\" rel=\"noopener\">Ver v\u00eddeo de la exposici\u00f3n<\/a>[\/vc_column_text][\/vc_column][\/vc_row][vc_row css_animation=\u00bb\u00bb row_type=\u00bbrow\u00bb use_row_as_full_screen_section=\u00bbno\u00bb type=\u00bbgrid\u00bb angled_section=\u00bbno\u00bb text_align=\u00bbleft\u00bb background_image_as_pattern=\u00bbwithout_pattern\u00bb z_index=\u00bb\u00bb padding_top=\u00bb75&#8243;][vc_column][vc_separator type=\u00bbnormal\u00bb color=\u00bb#000000&#8243; thickness=\u00bb3&#8243; up=\u00bb0&#8243; down=\u00bb0&#8243;][vc_empty_space height=\u00bb50&#8243;][vc_column_text]<\/p>\n<h2>Im\u00e1genes de la exposici\u00f3n<\/h2>\n<p>[\/vc_column_text][vc_separator type=\u00bbsmall\u00bb position=\u00bbleft\u00bb color=\u00bb#000000&#8243; thickness=\u00bb1&#8243; width=\u00bb50&#8243; up=\u00bb15&#8243; down=\u00bb50&#8243;][\/vc_column][\/vc_row][vc_row css_animation=\u00bb\u00bb row_type=\u00bbrow\u00bb use_row_as_full_screen_section=\u00bbno\u00bb type=\u00bbgrid\u00bb angled_section=\u00bbno\u00bb text_align=\u00bbleft\u00bb background_image_as_pattern=\u00bbwithout_pattern\u00bb z_index=\u00bb\u00bb][vc_column][vc_gallery type=\u00bbimage_grid\u00bb images=\u00bb16440,16442,16444,16446&#8243; img_size=\u00bbfull\u00bb column_number=\u00bb4&#8243; grayscale=\u00bbno\u00bb images_space=\u00bbgallery_with_space\u00bb][vc_empty_space height=\u00bb25&#8243;][\/vc_column][\/vc_row]<\/p>\n<\/div>","protected":false},"excerpt":{"rendered":"<p>[vc_row css_animation=\u00bb\u00bb row_type=\u00bbrow\u00bb use_row_as_full_screen_section=\u00bbno\u00bb type=\u00bbgrid\u00bb angled_section=\u00bbno\u00bb text_align=\u00bbleft\u00bb background_image_as_pattern=\u00bbwithout_pattern\u00bb z_index=\u00bb\u00bb][vc_column][vc_column_text] Inicio \/ Exposiciones \/ Muda [\/vc_column_text][\/vc_column][\/vc_row][vc_row css_animation=\u00bb\u00bb row_type=\u00bbrow\u00bb use_row_as_full_screen_section=\u00bbno\u00bb type=\u00bbgrid\u00bb angled_section=\u00bbno\u00bb text_align=\u00bbleft\u00bb background_image_as_pattern=\u00bbwithout_pattern\u00bb z_index=\u00bb\u00bb padding_top=\u00bb25&#8243; padding_bottom=\u00bb0&#8243;][vc_column][vc_separator type=\u00bbnormal\u00bb color=\u00bb#000000&#8243; thickness=\u00bb1&#8243; up=\u00bb0&#8243; down=\u00bb0&#8243;][\/vc_column][\/vc_row][vc_row css_animation=\u00bb\u00bb row_type=\u00bbrow\u00bb use_row_as_full_screen_section=\u00bbno\u00bb type=\u00bbfull_width\u00bb angled_section=\u00bbno\u00bb text_align=\u00bbleft\u00bb background_image_as_pattern=\u00bbwithout_pattern\u00bb z_index=\u00bb\u00bb padding_top=\u00bb0&#8243; padding_bottom=\u00bb0&#8243; anchor=\u00bbinici\u00bb][vc_column width=\u00bb1\/2&#8243;][vc_single_image image=\u00bb16450&#8243; img_size=\u00bbfull\u00bb qode_css_animation=\u00bb\u00bb][\/vc_column][vc_column&#8230;<\/p>\n","protected":false},"author":1,"featured_media":0,"parent":17578,"menu_order":0,"comment_status":"open","ping_status":"open","template":"","meta":{"footnotes":""},"class_list":["post-17610","page","type-page","status-publish","hentry"],"_links":{"self":[{"href":"https:\/\/www.marinaberdalet.com\/es\/wp-json\/wp\/v2\/pages\/17610","targetHints":{"allow":["GET"]}}],"collection":[{"href":"https:\/\/www.marinaberdalet.com\/es\/wp-json\/wp\/v2\/pages"}],"about":[{"href":"https:\/\/www.marinaberdalet.com\/es\/wp-json\/wp\/v2\/types\/page"}],"author":[{"embeddable":true,"href":"https:\/\/www.marinaberdalet.com\/es\/wp-json\/wp\/v2\/users\/1"}],"replies":[{"embeddable":true,"href":"https:\/\/www.marinaberdalet.com\/es\/wp-json\/wp\/v2\/comments?post=17610"}],"version-history":[{"count":4,"href":"https:\/\/www.marinaberdalet.com\/es\/wp-json\/wp\/v2\/pages\/17610\/revisions"}],"predecessor-version":[{"id":17842,"href":"https:\/\/www.marinaberdalet.com\/es\/wp-json\/wp\/v2\/pages\/17610\/revisions\/17842"}],"up":[{"embeddable":true,"href":"https:\/\/www.marinaberdalet.com\/es\/wp-json\/wp\/v2\/pages\/17578"}],"wp:attachment":[{"href":"https:\/\/www.marinaberdalet.com\/es\/wp-json\/wp\/v2\/media?parent=17610"}],"curies":[{"name":"wp","href":"https:\/\/api.w.org\/{rel}","templated":true}]}}