{"id":17616,"date":"2024-03-04T19:45:14","date_gmt":"2024-03-04T17:45:14","guid":{"rendered":"https:\/\/www.marinaberdalet.com\/?page_id=17616"},"modified":"2024-03-25T17:35:06","modified_gmt":"2024-03-25T15:35:06","slug":"notas-de-gris-humo-y-palo-santo","status":"publish","type":"page","link":"https:\/\/www.marinaberdalet.com\/es\/exposiciones\/notas-de-gris-humo-y-palo-santo\/","title":{"rendered":"Notas [de gris, humo y palo-santo]"},"content":{"rendered":"<div class=\"wpb-content-wrapper\"><p>[vc_row css_animation=\u00bb\u00bb row_type=\u00bbrow\u00bb use_row_as_full_screen_section=\u00bbno\u00bb type=\u00bbgrid\u00bb angled_section=\u00bbno\u00bb text_align=\u00bbleft\u00bb background_image_as_pattern=\u00bbwithout_pattern\u00bb z_index=\u00bb\u00bb][vc_column][vc_column_text]<\/p>\n<p style=\"text-align: right;\"><a href=\"\/es\">Inicio<\/a> \/ <a href=\"\/es\/exposiciones\">Exposiciones<\/a> \/ Notas [de gris, humo y palo-santo]<\/p>\n<p>[\/vc_column_text][\/vc_column][\/vc_row][vc_row css_animation=\u00bb\u00bb row_type=\u00bbrow\u00bb use_row_as_full_screen_section=\u00bbno\u00bb type=\u00bbgrid\u00bb angled_section=\u00bbno\u00bb text_align=\u00bbleft\u00bb background_image_as_pattern=\u00bbwithout_pattern\u00bb z_index=\u00bb\u00bb padding_top=\u00bb25&#8243; padding_bottom=\u00bb0&#8243;][vc_column][vc_separator type=\u00bbnormal\u00bb color=\u00bb#000000&#8243; thickness=\u00bb1&#8243; up=\u00bb0&#8243; down=\u00bb0&#8243;][\/vc_column][\/vc_row][vc_row css_animation=\u00bb\u00bb row_type=\u00bbrow\u00bb use_row_as_full_screen_section=\u00bbno\u00bb type=\u00bbfull_width\u00bb angled_section=\u00bbno\u00bb text_align=\u00bbleft\u00bb background_image_as_pattern=\u00bbwithout_pattern\u00bb z_index=\u00bb\u00bb padding_top=\u00bb0&#8243; padding_bottom=\u00bb0&#8243; anchor=\u00bbinici\u00bb][vc_column width=\u00bb1\/2&#8243;][vc_single_image image=\u00bb17270&#8243; img_size=\u00bbfull\u00bb qode_css_animation=\u00bb\u00bb][\/vc_column][vc_column width=\u00bb1\/2&#8243;][vc_empty_space height=\u00bb50&#8243;][vc_column_text]<\/p>\n<h1>Notas [de gris, humo y palo-santo]<\/h1>\n<p>[\/vc_column_text][vc_empty_space height=\u00bb25&#8243;][vc_column_text]Marina Berdalet<br \/>\nDel 18 al 27 de marzo de 2022<br \/>\nPalacio Falguera<br \/>\nSant Feliu de Llobregat[\/vc_column_text][vc_empty_space height=\u00bb75&#8243;][vc_column_text]<\/p>\n<h2>Descripci\u00f3n<\/h2>\n<p>[\/vc_column_text][vc_separator type=\u00bbsmall\u00bb position=\u00bbleft\u00bb color=\u00bb#000000&#8243; thickness=\u00bb1&#8243; width=\u00bb50&#8243; up=\u00bb15&#8243; down=\u00bb30&#8243;][vc_column_text]<strong>NOTAS [DE GRIS, HUMO Y PALO-SANTO] <\/strong>es una selecci\u00f3n de obras realizadas con humo, pintura y grafito, que tienen como tem\u00e1tica com\u00fan el paisaje interior. En la obra pl\u00e1stica, la materia es parte de la creaci\u00f3n. Utilizar una t\u00e9cnica u otra, escoger uno u otro material, es esencial a la hora de trabajar. Pero a veces me veo a m\u00ed misma como un agente pasivo: la materia pl\u00e1stica es la que me elige a m\u00ed y me gu\u00eda en el proceso creativo. El caso de las obras realizadas con fuego y humo es un claro ejemplo. Anteriormente, ya hab\u00eda utilizado ese material de forma espor\u00e1dica, pero volvi\u00f3 a aparecer durante el tiempo de pandemia, coincidiendo con la grave enfermedad de mi pareja. No recuerdo c\u00f3mo empez\u00f3 todo, pero me encontr\u00e9, sin ser muy consciente de ello, dibujando con un elemento pl\u00e1stico <em>no mat\u00e9rico<\/em>: <strong>el humo, <\/strong>originado por el fuego de una vela, cerilla o madera de palo-santo. Pese a ser et\u00e9reo y muy dif\u00edcil de controlar, el humo se fija y deja huella en el papel.[\/vc_column_text][vc_empty_space height=\u00bb25&#8243;]<blockquote class=' with_quote_icon' style=''><i class='fa fa-quote-right' style=''><\/i><h5 class='blockquote-text' style=''>El fuego es un s\u00edmbolo universal: es el origen de la humanidad, act\u00faa como met\u00e1fora de regeneraci\u00f3n, calienta, da vida\u2026 y tambi\u00e9n destruye. La materia pl\u00e1stica nos habla de la naturaleza de la pintura o el dibujo y tiene la capacidad -como el Arte- de conectarnos tambi\u00e9n con aspectos de la propia naturaleza humana: con la fragilidad, la fuerza, el azar, la incertidumbre ,\u2026 El dibujo de fuego y humo refleja una de las pocas verdades de nuestra existencia: la no permanencia.<\/h5><\/blockquote>[vc_empty_space height=\u00bb25&#8243;][vc_column_text]Aun sabiendo que el destino de la Humanidad es este, la <em>no permanencia<\/em>, nos aferramos desde nuestros or\u00edgenes para dejar una huella de nuestro paso por el mundo, la mayor\u00eda de las veces en positivo (aunque en estos momentos nos sea dif\u00edcil de creer). Y la creaci\u00f3n art\u00edstica -capacidad que todos tenemos desde que nacemos- es una preciosa, valiosa y necesaria manera de hacerlo, en un planeta que cada vez lo tenemos m\u00e1s malherido.<\/p>\n<p>&nbsp;<\/p>\n<p style=\"text-align: right;\">Marina Berdalet Andr\u00e9s<\/p>\n<p style=\"text-align: right;\">Palau Falguera, Sant Feliu de Llobregat<\/p>\n<p style=\"text-align: right;\">Marzo 2022<\/p>\n<p>[\/vc_column_text][\/vc_column][\/vc_row][vc_row css_animation=\u00bb\u00bb row_type=\u00bbrow\u00bb use_row_as_full_screen_section=\u00bbno\u00bb type=\u00bbgrid\u00bb angled_section=\u00bbno\u00bb text_align=\u00bbleft\u00bb background_image_as_pattern=\u00bbwithout_pattern\u00bb z_index=\u00bb\u00bb padding_top=\u00bb75&#8243;][vc_column][vc_separator type=\u00bbnormal\u00bb color=\u00bb#000000&#8243; thickness=\u00bb3&#8243; up=\u00bb0&#8243; down=\u00bb0&#8243;][vc_empty_space height=\u00bb50&#8243;][vc_column_text]<\/p>\n<h2>Im\u00e1genes de la exposici\u00f3n<\/h2>\n<p>[\/vc_column_text][vc_separator type=\u00bbsmall\u00bb position=\u00bbleft\u00bb color=\u00bb#000000&#8243; thickness=\u00bb1&#8243; width=\u00bb50&#8243; up=\u00bb15&#8243; down=\u00bb50&#8243;][\/vc_column][\/vc_row][vc_row css_animation=\u00bb\u00bb row_type=\u00bbrow\u00bb use_row_as_full_screen_section=\u00bbno\u00bb type=\u00bbgrid\u00bb angled_section=\u00bbno\u00bb text_align=\u00bbleft\u00bb background_image_as_pattern=\u00bbwithout_pattern\u00bb z_index=\u00bb\u00bb][vc_column][vc_gallery type=\u00bbimage_grid\u00bb images=\u00bb17272,17274,17276,17278&#8243; img_size=\u00bbfull\u00bb column_number=\u00bb4&#8243; grayscale=\u00bbno\u00bb images_space=\u00bbgallery_with_space\u00bb][vc_empty_space height=\u00bb25&#8243;][\/vc_column][\/vc_row]<\/p>\n<\/div>","protected":false},"excerpt":{"rendered":"<p>[vc_row css_animation=\u00bb\u00bb row_type=\u00bbrow\u00bb use_row_as_full_screen_section=\u00bbno\u00bb type=\u00bbgrid\u00bb angled_section=\u00bbno\u00bb text_align=\u00bbleft\u00bb background_image_as_pattern=\u00bbwithout_pattern\u00bb z_index=\u00bb\u00bb][vc_column][vc_column_text] Inicio \/ Exposiciones \/ Notas [de gris, humo y palo-santo] [\/vc_column_text][\/vc_column][\/vc_row][vc_row css_animation=\u00bb\u00bb row_type=\u00bbrow\u00bb use_row_as_full_screen_section=\u00bbno\u00bb type=\u00bbgrid\u00bb angled_section=\u00bbno\u00bb text_align=\u00bbleft\u00bb background_image_as_pattern=\u00bbwithout_pattern\u00bb z_index=\u00bb\u00bb padding_top=\u00bb25&#8243; padding_bottom=\u00bb0&#8243;][vc_column][vc_separator type=\u00bbnormal\u00bb color=\u00bb#000000&#8243; thickness=\u00bb1&#8243; up=\u00bb0&#8243; down=\u00bb0&#8243;][\/vc_column][\/vc_row][vc_row css_animation=\u00bb\u00bb row_type=\u00bbrow\u00bb use_row_as_full_screen_section=\u00bbno\u00bb type=\u00bbfull_width\u00bb angled_section=\u00bbno\u00bb text_align=\u00bbleft\u00bb background_image_as_pattern=\u00bbwithout_pattern\u00bb z_index=\u00bb\u00bb padding_top=\u00bb0&#8243; padding_bottom=\u00bb0&#8243;&#8230;<\/p>\n","protected":false},"author":1,"featured_media":0,"parent":17578,"menu_order":0,"comment_status":"open","ping_status":"open","template":"","meta":{"footnotes":""},"class_list":["post-17616","page","type-page","status-publish","hentry"],"_links":{"self":[{"href":"https:\/\/www.marinaberdalet.com\/es\/wp-json\/wp\/v2\/pages\/17616","targetHints":{"allow":["GET"]}}],"collection":[{"href":"https:\/\/www.marinaberdalet.com\/es\/wp-json\/wp\/v2\/pages"}],"about":[{"href":"https:\/\/www.marinaberdalet.com\/es\/wp-json\/wp\/v2\/types\/page"}],"author":[{"embeddable":true,"href":"https:\/\/www.marinaberdalet.com\/es\/wp-json\/wp\/v2\/users\/1"}],"replies":[{"embeddable":true,"href":"https:\/\/www.marinaberdalet.com\/es\/wp-json\/wp\/v2\/comments?post=17616"}],"version-history":[{"count":1,"href":"https:\/\/www.marinaberdalet.com\/es\/wp-json\/wp\/v2\/pages\/17616\/revisions"}],"predecessor-version":[{"id":17617,"href":"https:\/\/www.marinaberdalet.com\/es\/wp-json\/wp\/v2\/pages\/17616\/revisions\/17617"}],"up":[{"embeddable":true,"href":"https:\/\/www.marinaberdalet.com\/es\/wp-json\/wp\/v2\/pages\/17578"}],"wp:attachment":[{"href":"https:\/\/www.marinaberdalet.com\/es\/wp-json\/wp\/v2\/media?parent=17616"}],"curies":[{"name":"wp","href":"https:\/\/api.w.org\/{rel}","templated":true}]}}