{"id":17622,"date":"2024-03-04T19:55:01","date_gmt":"2024-03-04T17:55:01","guid":{"rendered":"https:\/\/www.marinaberdalet.com\/?page_id=17622"},"modified":"2024-03-25T17:36:28","modified_gmt":"2024-03-25T15:36:28","slug":"respira-el-arbol","status":"publish","type":"page","link":"https:\/\/www.marinaberdalet.com\/es\/exposiciones\/respira-el-arbol\/","title":{"rendered":"Respira el \u00e1rbol"},"content":{"rendered":"<div class=\"wpb-content-wrapper\"><p>[vc_row css_animation=\u00bb\u00bb row_type=\u00bbrow\u00bb use_row_as_full_screen_section=\u00bbno\u00bb type=\u00bbgrid\u00bb angled_section=\u00bbno\u00bb text_align=\u00bbleft\u00bb background_image_as_pattern=\u00bbwithout_pattern\u00bb z_index=\u00bb\u00bb][vc_column][vc_column_text]<\/p>\n<p style=\"text-align: right;\"><a href=\"\/es\">Inicio<\/a> \/ <a href=\"\/es\/exposiciones\">Exposiciones<\/a> \/ Respira el \u00e1rbol<\/p>\n<p>[\/vc_column_text][\/vc_column][\/vc_row][vc_row css_animation=\u00bb\u00bb row_type=\u00bbrow\u00bb use_row_as_full_screen_section=\u00bbno\u00bb type=\u00bbgrid\u00bb angled_section=\u00bbno\u00bb text_align=\u00bbleft\u00bb background_image_as_pattern=\u00bbwithout_pattern\u00bb z_index=\u00bb\u00bb padding_top=\u00bb25&#8243; padding_bottom=\u00bb0&#8243;][vc_column][vc_separator type=\u00bbnormal\u00bb color=\u00bb#000000&#8243; thickness=\u00bb1&#8243; up=\u00bb0&#8243; down=\u00bb0&#8243;][\/vc_column][\/vc_row][vc_row css_animation=\u00bb\u00bb row_type=\u00bbrow\u00bb use_row_as_full_screen_section=\u00bbno\u00bb type=\u00bbfull_width\u00bb angled_section=\u00bbno\u00bb text_align=\u00bbleft\u00bb background_image_as_pattern=\u00bbwithout_pattern\u00bb z_index=\u00bb\u00bb padding_top=\u00bb0&#8243; padding_bottom=\u00bb0&#8243; anchor=\u00bbinici\u00bb][vc_column width=\u00bb1\/2&#8243;][vc_single_image image=\u00bb17302&#8243; img_size=\u00bbfull\u00bb qode_css_animation=\u00bb\u00bb][\/vc_column][vc_column width=\u00bb1\/2&#8243;][vc_empty_space height=\u00bb50&#8243;][vc_column_text]<\/p>\n<h1>Respira el \u00e1rbol<\/h1>\n<p>[\/vc_column_text][vc_empty_space height=\u00bb25&#8243;][vc_column_text]Marina Berdalet<br \/>\nDel 12 de mayo al 11 de junio de 2023<br \/>\nFestival Espurnes barroques<br \/>\nSolsona[\/vc_column_text][vc_empty_space height=\u00bb75&#8243;][vc_column_text]<\/p>\n<h2>Descripci\u00f3n<\/h2>\n<p>[\/vc_column_text][vc_separator type=\u00bbsmall\u00bb position=\u00bbleft\u00bb color=\u00bb#000000&#8243; thickness=\u00bb1&#8243; width=\u00bb50&#8243; up=\u00bb15&#8243; down=\u00bb30&#8243;][vc_column_text]<b><i>RESPIRA EL \u00c1RBOL<\/i><\/b><\/p>\n<p>&nbsp;<\/p>\n<p>La instalaci\u00f3n <i> Respira el \u00e1rbol<\/i> quiere ser un paseo simb\u00f3lico entre \u00e1rboles donde la m\u00fasica, la pintura, el dibujo, la poes\u00eda y las esencias arom\u00e1ticas, trenzan caminos y dialogan entre s\u00ed para tejer complicidades. Dibujos de humo, carboncillo, grafito, tinta china y \u00f3leo sobre lienzo, de la pintora <b>Marina Berdalet <\/b>se combinan con peque\u00f1os gestos musicales y po\u00e9ticos de la violonchelista <b>Frances Bartlett<\/b> y los aromas puros de los \u00e1rboles destilados por <b> EsenciasCat.<\/b><\/p>\n<p>&nbsp;<\/p>\n<p>Ambas artistas llevan a\u00f1os investigando los \u00e1rboles en el terreno profesional de las artes pl\u00e1sticas, la m\u00fasica y la fabricaci\u00f3n artesanal de aceites esenciales.<\/p>\n<p>&nbsp;<\/p>\n<p>Cofundadora de la destiler\u00eda artesanal de EsenciasCat, Frances Bartlett utiliza el lenguaje y simbolismo de la m\u00fasica barroca para acercarnos al movimiento energ\u00e9tico y medicinal de los \u00e1rboles, m\u00e1s concretamente lo que Frances llama \u201cLos tres \u00e1rboles sabios\u201d: el cipr\u00e9s, el pino y el enebro, \u00e1rboles caracter\u00edsticos de nuestro paisaje.[\/vc_column_text][vc_empty_space height=\u00bb25&#8243;]<blockquote class='' style=''><h5 class='blockquote-text' style=''>En la obra de Marina Berdalet, la naturaleza suele ser el eje vertebrador. La observaci\u00f3n y el an\u00e1lisis de formas vegetales, materializadas con el dibujo y la pintura del natural, son el punto de partida de un proceso creativo que va y viene entre la representaci\u00f3n de la realidad, la esencializaci\u00f3n de estructuras naturales y los paisajes interiores. Su trabajo juega con el equilibrio entre el vac\u00edo y el pleno, la profundidad en el plano con los m\u00ednimos elementos y las variaciones del gesto corporal seg\u00fan las t\u00e9cnicas utilizadas y las dimensiones de la obra.<\/h5><\/blockquote>[vc_empty_space height=\u00bb25&#8243;][vc_column_text]Ahora, el festival <em>Espurnes<\/em><i> Barroques<\/i> ha dado la oportunidad de encontrar un punto de confluencia entre los diferentes lenguajes art\u00edsticos. Sin embargo, ambas artistas siempre han trabajado para acercar las artes a la comunidad, y a las escuelas. Por eso han querido compartir esta investigaci\u00f3n <i>Respira el \u00e1rbol<\/i> con los ni\u00f1os y ni\u00f1as de Solsona. Del mismo modo, el p\u00fablico tambi\u00e9n podr\u00e1 interactuar y experimentar de forma inmersiva en el espacio ofrecido por el Consejo Comarcal durante la Feria de San Isidro.<\/p>\n<p>&nbsp;<\/p>\n<p>Todo el mundo es invitado a experimentar qu\u00e9 pasa entre los \u00e1rboles destilados por Ess\u00e8nciesCat, las obras de Marina Berdalet y la m\u00fasica de Frances Bartlett.<\/p>\n<p>&nbsp;<\/p>\n<p>\u2192<a href=\"https:\/\/youtu.be\/uQ5RZCvzZXg?si=uQ-v3EUkACdPFi9y\"> Ver v\u00eddeo de la exposici\u00f3n<\/a>[\/vc_column_text][\/vc_column][\/vc_row][vc_row css_animation=\u00bb\u00bb row_type=\u00bbrow\u00bb use_row_as_full_screen_section=\u00bbno\u00bb type=\u00bbgrid\u00bb angled_section=\u00bbno\u00bb text_align=\u00bbleft\u00bb background_image_as_pattern=\u00bbwithout_pattern\u00bb z_index=\u00bb\u00bb padding_top=\u00bb75&#8243;][vc_column][vc_separator type=\u00bbnormal\u00bb color=\u00bb#000000&#8243; thickness=\u00bb3&#8243; up=\u00bb0&#8243; down=\u00bb0&#8243;][vc_empty_space height=\u00bb50&#8243;][vc_column_text]<\/p>\n<h2>Im\u00e1genes de la exposici\u00f3n<\/h2>\n<p>[\/vc_column_text][vc_separator type=\u00bbsmall\u00bb position=\u00bbleft\u00bb color=\u00bb#000000&#8243; thickness=\u00bb1&#8243; width=\u00bb50&#8243; up=\u00bb15&#8243; down=\u00bb50&#8243;][\/vc_column][\/vc_row][vc_row css_animation=\u00bb\u00bb row_type=\u00bbrow\u00bb use_row_as_full_screen_section=\u00bbno\u00bb type=\u00bbgrid\u00bb angled_section=\u00bbno\u00bb text_align=\u00bbleft\u00bb background_image_as_pattern=\u00bbwithout_pattern\u00bb z_index=\u00bb\u00bb][vc_column][vc_gallery type=\u00bbimage_grid\u00bb images=\u00bb17304,17306,17308,17310&#8243; img_size=\u00bbfull\u00bb column_number=\u00bb4&#8243; grayscale=\u00bbno\u00bb images_space=\u00bbgallery_with_space\u00bb][vc_empty_space height=\u00bb25&#8243;][\/vc_column][\/vc_row]<\/p>\n<\/div>","protected":false},"excerpt":{"rendered":"<p>[vc_row css_animation=\u00bb\u00bb row_type=\u00bbrow\u00bb use_row_as_full_screen_section=\u00bbno\u00bb type=\u00bbgrid\u00bb angled_section=\u00bbno\u00bb text_align=\u00bbleft\u00bb background_image_as_pattern=\u00bbwithout_pattern\u00bb z_index=\u00bb\u00bb][vc_column][vc_column_text] Inicio \/ Exposiciones \/ Respira el \u00e1rbol [\/vc_column_text][\/vc_column][\/vc_row][vc_row css_animation=\u00bb\u00bb row_type=\u00bbrow\u00bb use_row_as_full_screen_section=\u00bbno\u00bb type=\u00bbgrid\u00bb angled_section=\u00bbno\u00bb text_align=\u00bbleft\u00bb background_image_as_pattern=\u00bbwithout_pattern\u00bb z_index=\u00bb\u00bb padding_top=\u00bb25&#8243; padding_bottom=\u00bb0&#8243;][vc_column][vc_separator type=\u00bbnormal\u00bb color=\u00bb#000000&#8243; thickness=\u00bb1&#8243; up=\u00bb0&#8243; down=\u00bb0&#8243;][\/vc_column][\/vc_row][vc_row css_animation=\u00bb\u00bb row_type=\u00bbrow\u00bb use_row_as_full_screen_section=\u00bbno\u00bb type=\u00bbfull_width\u00bb angled_section=\u00bbno\u00bb text_align=\u00bbleft\u00bb background_image_as_pattern=\u00bbwithout_pattern\u00bb z_index=\u00bb\u00bb padding_top=\u00bb0&#8243; padding_bottom=\u00bb0&#8243; anchor=\u00bbinici\u00bb][vc_column width=\u00bb1\/2&#8243;][vc_single_image image=\u00bb17302&#8243;&#8230;<\/p>\n","protected":false},"author":1,"featured_media":0,"parent":17578,"menu_order":0,"comment_status":"open","ping_status":"open","template":"","meta":{"footnotes":""},"class_list":["post-17622","page","type-page","status-publish","hentry"],"_links":{"self":[{"href":"https:\/\/www.marinaberdalet.com\/es\/wp-json\/wp\/v2\/pages\/17622","targetHints":{"allow":["GET"]}}],"collection":[{"href":"https:\/\/www.marinaberdalet.com\/es\/wp-json\/wp\/v2\/pages"}],"about":[{"href":"https:\/\/www.marinaberdalet.com\/es\/wp-json\/wp\/v2\/types\/page"}],"author":[{"embeddable":true,"href":"https:\/\/www.marinaberdalet.com\/es\/wp-json\/wp\/v2\/users\/1"}],"replies":[{"embeddable":true,"href":"https:\/\/www.marinaberdalet.com\/es\/wp-json\/wp\/v2\/comments?post=17622"}],"version-history":[{"count":5,"href":"https:\/\/www.marinaberdalet.com\/es\/wp-json\/wp\/v2\/pages\/17622\/revisions"}],"predecessor-version":[{"id":17839,"href":"https:\/\/www.marinaberdalet.com\/es\/wp-json\/wp\/v2\/pages\/17622\/revisions\/17839"}],"up":[{"embeddable":true,"href":"https:\/\/www.marinaberdalet.com\/es\/wp-json\/wp\/v2\/pages\/17578"}],"wp:attachment":[{"href":"https:\/\/www.marinaberdalet.com\/es\/wp-json\/wp\/v2\/media?parent=17622"}],"curies":[{"name":"wp","href":"https:\/\/api.w.org\/{rel}","templated":true}]}}