{"id":17628,"date":"2024-03-01T17:41:26","date_gmt":"2024-03-01T15:41:26","guid":{"rendered":"https:\/\/www.marinaberdalet.com\/?page_id=17628"},"modified":"2024-03-25T17:37:10","modified_gmt":"2024-03-25T15:37:10","slug":"silencios","status":"publish","type":"page","link":"https:\/\/www.marinaberdalet.com\/es\/exposiciones\/silencios\/","title":{"rendered":"Silencios"},"content":{"rendered":"<div class=\"wpb-content-wrapper\"><p>[vc_row css_animation=\u00bb\u00bb row_type=\u00bbrow\u00bb use_row_as_full_screen_section=\u00bbno\u00bb type=\u00bbgrid\u00bb angled_section=\u00bbno\u00bb text_align=\u00bbleft\u00bb background_image_as_pattern=\u00bbwithout_pattern\u00bb z_index=\u00bb\u00bb][vc_column][vc_column_text]<\/p>\n<p style=\"text-align: right;\"><a href=\"\/es\">Inicio<\/a> \/ <a href=\"\/es\/exposiciones\">Exposiciones<\/a> \/ Silencios<\/p>\n<p>[\/vc_column_text][\/vc_column][\/vc_row][vc_row css_animation=\u00bb\u00bb row_type=\u00bbrow\u00bb use_row_as_full_screen_section=\u00bbno\u00bb type=\u00bbgrid\u00bb angled_section=\u00bbno\u00bb text_align=\u00bbleft\u00bb background_image_as_pattern=\u00bbwithout_pattern\u00bb z_index=\u00bb\u00bb padding_top=\u00bb25&#8243; padding_bottom=\u00bb0&#8243;][vc_column][vc_separator type=\u00bbnormal\u00bb color=\u00bb#000000&#8243; thickness=\u00bb1&#8243; up=\u00bb0&#8243; down=\u00bb0&#8243;][\/vc_column][\/vc_row][vc_row css_animation=\u00bb\u00bb row_type=\u00bbrow\u00bb use_row_as_full_screen_section=\u00bbno\u00bb type=\u00bbfull_width\u00bb angled_section=\u00bbno\u00bb text_align=\u00bbleft\u00bb background_image_as_pattern=\u00bbwithout_pattern\u00bb z_index=\u00bb\u00bb padding_top=\u00bb0&#8243; padding_bottom=\u00bb0&#8243; anchor=\u00bbinici\u00bb][vc_column width=\u00bb1\/2&#8243;][vc_single_image image=\u00bb16979&#8243; img_size=\u00bbfull\u00bb qode_css_animation=\u00bb\u00bb][\/vc_column][vc_column width=\u00bb1\/2&#8243;][vc_empty_space height=\u00bb50&#8243;][vc_column_text]<\/p>\n<h1>Silencios<\/h1>\n<p>[\/vc_column_text][vc_empty_space height=\u00bb25&#8243;][vc_column_text]Marina Berdalet<br \/>\n2003<br \/>\nForo Berger Balaguer<br \/>\nVilafranca del Pened\u00e8s[\/vc_column_text][vc_empty_space height=\u00bb75&#8243;][vc_column_text]<\/p>\n<h2>Descripci\u00f3n<\/h2>\n<p>[\/vc_column_text][vc_separator type=\u00bbsmall\u00bb position=\u00bbleft\u00bb color=\u00bb#000000&#8243; thickness=\u00bb1&#8243; width=\u00bb50&#8243; up=\u00bb15&#8243; down=\u00bb30&#8243;][vc_column_text]<em>Simplicidad carnal<\/em><\/p>\n<p>&nbsp;<\/p>\n<p>\u00bfPor qu\u00e9 estos dibujos? \u00bfA qu\u00e9 responde su extra\u00f1a \u2013inquietante\u2013 belleza? Lo cierto es que la belleza debe permanecer inexplicada si no quiere convertirse en algo simplemente bonito. Ahora bien, lo simplemente bonito nunca llega a interesarnos \u2013no es, de hecho, digno de inter\u00e9s-. S\u00f3lo lo interesante es capaz de detenernos. Probablemente, s\u00f3lo nos interese lo que nos invita \u2013o, \u00bfm\u00e1s bien, deber\u00edamos decir obliga?\u2013 a escuchar. Hay belleza donde se nos convoca a una especie de silencio elocuente. Y hay que decirlo: hay belleza en estos dibujos de Marina Berdalet. Su cadencia nos obliga a callar porque, quiz\u00e1s sin quererlo, nos entrega a un silencio blanco, inocente y, por tanto, cruel.<\/p>\n<p>&nbsp;<\/p>\n<p>Nos encontramos ante una confirmaci\u00f3n de lo que dec\u00eda Pavese a prop\u00f3sito de la escritura: no hay arte sin obsesi\u00f3n, y \u2013afortunadamente para nosotros\u2013 Marina Berdalet tiene un arte y, por tanto, una obsesi\u00f3n que ofrecernos. Quien tiene una obsesi\u00f3n tiene una b\u00fasqueda. Y Marina Berdalet quiere con feliz insistencia capturar lo que escapa a todo sistema de clasificaci\u00f3n: la transici\u00f3n entre la vida y la muerte, la esencia misma del tiempo. Ella ha entendido que el instante es lo desprovisto de direcci\u00f3n y, por tanto, de sentido. Aparentemente estos dibujos representan el tiempo de la descomposici\u00f3n. Sin embargo, y por la misma naturaleza neutra \u2013divina\u2013 del tiempo, tambi\u00e9n podr\u00eda tratarse de lo contrario \u2013del tiempo de la resurrecci\u00f3n. Marina Berdalet ha comprendido \u2013ha visto\u2013 la naturaleza de toda belleza, la indiferencia entre la vida y la muerte.[\/vc_column_text][vc_empty_space height=\u00bb25&#8243;]<blockquote class=' with_quote_icon' style=''><i class='fa fa-quote-right' style=''><\/i><h5 class='blockquote-text' style=''>Aqu\u00ed se despeja, quiz\u00e1 con decidida virulencia, la com\u00fan distinci\u00f3n entre la vida vegetal y animal. En cada una de estas flores se representa la carnalidad de cualquier existencia. A pesar de su bondad son, estrictamente, flores carn\u00edvoras. Toda vida es vida en la carne \u2013y, por tanto, en el deseo. Estas formas, entregadas a la muerte, desean desesperadamente y, sin embargo, serenamente \u2013como s\u00f3lo puede desear un cuerpo m\u00e1s all\u00e1 del Mundo, un cuerpo definitivamente bello.<\/h5><\/blockquote>[vc_empty_space height=\u00bb25&#8243;][vc_column_text]Porque hay belleza hay soledad. Las formas de estas flores animalizadas quedan abandonadas sobre un blanco sin misericordia \u2013un blanco que tanto nos recuerda al de los retratos del Avedon. La soledad del objeto es, sospechamos, lo que el Arte verdadero busca. La desnudez \u2013el desnudo\u2013 quiz\u00e1 sea el \u00fanico contenido del Arte.<\/p>\n<p>&nbsp;<\/p>\n<p>El Arte aspira, as\u00ed, a representar el alma -la imposibilidad de reconocernos en la efectividad, el \u00e9xito del cuerpo. El alma no es m\u00e1s que la soledad de la carne. Como Lucien Freud, Marina Berdalet nos expone la m\u00e1s \u00edntima verdad de la existencia, de la \u00fanica forma en que puede hacerlo quien tiene el don de la sensibilidad: ofreci\u00e9ndola como resto invisible de la materia.<\/p>\n<p>&nbsp;<\/p>\n<p>Estas formas tan carnales y atemporales nos demuestran, una vez m\u00e1s, que toda belleza \u2013toda espiritualidad\u2013 nos entrega a la soledad definitiva del cuerpo.<\/p>\n<p>&nbsp;<\/p>\n<p style=\"text-align: right;\">j j cobbo<\/p>\n<p>[\/vc_column_text][\/vc_column][\/vc_row][vc_row css_animation=\u00bb\u00bb row_type=\u00bbrow\u00bb use_row_as_full_screen_section=\u00bbno\u00bb type=\u00bbgrid\u00bb angled_section=\u00bbno\u00bb text_align=\u00bbleft\u00bb background_image_as_pattern=\u00bbwithout_pattern\u00bb z_index=\u00bb\u00bb padding_top=\u00bb75&#8243;][vc_column][vc_separator type=\u00bbnormal\u00bb color=\u00bb#000000&#8243; thickness=\u00bb3&#8243; up=\u00bb0&#8243; down=\u00bb0&#8243;][vc_empty_space height=\u00bb50&#8243;][vc_column_text]<\/p>\n<h2>Im\u00e1genes de la exposici\u00f3n<\/h2>\n<p>[\/vc_column_text][vc_separator type=\u00bbsmall\u00bb position=\u00bbleft\u00bb color=\u00bb#000000&#8243; thickness=\u00bb1&#8243; width=\u00bb50&#8243; up=\u00bb15&#8243; down=\u00bb50&#8243;][\/vc_column][\/vc_row][vc_row css_animation=\u00bb\u00bb row_type=\u00bbrow\u00bb use_row_as_full_screen_section=\u00bbno\u00bb type=\u00bbgrid\u00bb angled_section=\u00bbno\u00bb text_align=\u00bbleft\u00bb background_image_as_pattern=\u00bbwithout_pattern\u00bb z_index=\u00bb\u00bb][vc_column][vc_gallery type=\u00bbimage_grid\u00bb images=\u00bb16971,16973,16975,16977&#8243; img_size=\u00bbfull\u00bb column_number=\u00bb4&#8243; grayscale=\u00bbno\u00bb images_space=\u00bbgallery_with_space\u00bb][vc_empty_space height=\u00bb25&#8243;][\/vc_column][\/vc_row]<\/p>\n<\/div>","protected":false},"excerpt":{"rendered":"<p>[vc_row css_animation=\u00bb\u00bb row_type=\u00bbrow\u00bb use_row_as_full_screen_section=\u00bbno\u00bb type=\u00bbgrid\u00bb angled_section=\u00bbno\u00bb text_align=\u00bbleft\u00bb background_image_as_pattern=\u00bbwithout_pattern\u00bb z_index=\u00bb\u00bb][vc_column][vc_column_text] Inicio \/ Exposiciones \/ Silencios [\/vc_column_text][\/vc_column][\/vc_row][vc_row css_animation=\u00bb\u00bb row_type=\u00bbrow\u00bb use_row_as_full_screen_section=\u00bbno\u00bb type=\u00bbgrid\u00bb angled_section=\u00bbno\u00bb text_align=\u00bbleft\u00bb background_image_as_pattern=\u00bbwithout_pattern\u00bb z_index=\u00bb\u00bb padding_top=\u00bb25&#8243; padding_bottom=\u00bb0&#8243;][vc_column][vc_separator type=\u00bbnormal\u00bb color=\u00bb#000000&#8243; thickness=\u00bb1&#8243; up=\u00bb0&#8243; down=\u00bb0&#8243;][\/vc_column][\/vc_row][vc_row css_animation=\u00bb\u00bb row_type=\u00bbrow\u00bb use_row_as_full_screen_section=\u00bbno\u00bb type=\u00bbfull_width\u00bb angled_section=\u00bbno\u00bb text_align=\u00bbleft\u00bb background_image_as_pattern=\u00bbwithout_pattern\u00bb z_index=\u00bb\u00bb padding_top=\u00bb0&#8243; padding_bottom=\u00bb0&#8243; anchor=\u00bbinici\u00bb][vc_column width=\u00bb1\/2&#8243;][vc_single_image image=\u00bb16979&#8243; img_size=\u00bbfull\u00bb qode_css_animation=\u00bb\u00bb][\/vc_column][vc_column&#8230;<\/p>\n","protected":false},"author":1,"featured_media":0,"parent":17578,"menu_order":0,"comment_status":"open","ping_status":"open","template":"","meta":{"footnotes":""},"class_list":["post-17628","page","type-page","status-publish","hentry"],"_links":{"self":[{"href":"https:\/\/www.marinaberdalet.com\/es\/wp-json\/wp\/v2\/pages\/17628","targetHints":{"allow":["GET"]}}],"collection":[{"href":"https:\/\/www.marinaberdalet.com\/es\/wp-json\/wp\/v2\/pages"}],"about":[{"href":"https:\/\/www.marinaberdalet.com\/es\/wp-json\/wp\/v2\/types\/page"}],"author":[{"embeddable":true,"href":"https:\/\/www.marinaberdalet.com\/es\/wp-json\/wp\/v2\/users\/1"}],"replies":[{"embeddable":true,"href":"https:\/\/www.marinaberdalet.com\/es\/wp-json\/wp\/v2\/comments?post=17628"}],"version-history":[{"count":3,"href":"https:\/\/www.marinaberdalet.com\/es\/wp-json\/wp\/v2\/pages\/17628\/revisions"}],"predecessor-version":[{"id":17805,"href":"https:\/\/www.marinaberdalet.com\/es\/wp-json\/wp\/v2\/pages\/17628\/revisions\/17805"}],"up":[{"embeddable":true,"href":"https:\/\/www.marinaberdalet.com\/es\/wp-json\/wp\/v2\/pages\/17578"}],"wp:attachment":[{"href":"https:\/\/www.marinaberdalet.com\/es\/wp-json\/wp\/v2\/media?parent=17628"}],"curies":[{"name":"wp","href":"https:\/\/api.w.org\/{rel}","templated":true}]}}