{"id":17640,"date":"2024-03-04T19:17:46","date_gmt":"2024-03-04T17:17:46","guid":{"rendered":"https:\/\/www.marinaberdalet.com\/?page_id=17640"},"modified":"2024-03-25T17:40:17","modified_gmt":"2024-03-25T15:40:17","slug":"trazando-caminos","status":"publish","type":"page","link":"https:\/\/www.marinaberdalet.com\/es\/exposiciones\/trazando-caminos\/","title":{"rendered":"Trazando cami\u00f1os"},"content":{"rendered":"<div class=\"wpb-content-wrapper\"><p>[vc_row css_animation=\u00bb\u00bb row_type=\u00bbrow\u00bb use_row_as_full_screen_section=\u00bbno\u00bb type=\u00bbgrid\u00bb angled_section=\u00bbno\u00bb text_align=\u00bbleft\u00bb background_image_as_pattern=\u00bbwithout_pattern\u00bb z_index=\u00bb\u00bb][vc_column][vc_column_text]<\/p>\n<p style=\"text-align: right;\"><a href=\"\/es\">Inicio<\/a> \/ <a href=\"\/es\/exposiciones\">Exposiciones<\/a> \/ Trazando cami\u00f1os<\/p>\n<p>[\/vc_column_text][\/vc_column][\/vc_row][vc_row css_animation=\u00bb\u00bb row_type=\u00bbrow\u00bb use_row_as_full_screen_section=\u00bbno\u00bb type=\u00bbgrid\u00bb angled_section=\u00bbno\u00bb text_align=\u00bbleft\u00bb background_image_as_pattern=\u00bbwithout_pattern\u00bb z_index=\u00bb\u00bb padding_top=\u00bb25&#8243; padding_bottom=\u00bb0&#8243;][vc_column][vc_separator type=\u00bbnormal\u00bb color=\u00bb#000000&#8243; thickness=\u00bb1&#8243; up=\u00bb0&#8243; down=\u00bb0&#8243;][\/vc_column][\/vc_row][vc_row css_animation=\u00bb\u00bb row_type=\u00bbrow\u00bb use_row_as_full_screen_section=\u00bbno\u00bb type=\u00bbfull_width\u00bb angled_section=\u00bbno\u00bb text_align=\u00bbleft\u00bb background_image_as_pattern=\u00bbwithout_pattern\u00bb z_index=\u00bb\u00bb padding_top=\u00bb0&#8243; padding_bottom=\u00bb0&#8243; anchor=\u00bbinici\u00bb][vc_column width=\u00bb1\/2&#8243;][vc_single_image image=\u00bb17240&#8243; img_size=\u00bbfull\u00bb qode_css_animation=\u00bb\u00bb][\/vc_column][vc_column width=\u00bb1\/2&#8243;][vc_empty_space height=\u00bb50&#8243;][vc_column_text]<\/p>\n<h1>Trazando cami\u00f1os<\/h1>\n<p>[\/vc_column_text][vc_empty_space height=\u00bb25&#8243;][vc_column_text]Mercedes Cabada e Marina Berdalet<br \/>\nDel 3 al 24 de julio de 2014<br \/>\nSala de exposici\u00f3ns do Edificio Administrativo da Xunta de Galicia<br \/>\nPontevedra[\/vc_column_text][vc_empty_space height=\u00bb75&#8243;][vc_column_text]<\/p>\n<h2>Descripci\u00f3n<\/h2>\n<p>[\/vc_column_text][vc_separator type=\u00bbsmall\u00bb position=\u00bbleft\u00bb color=\u00bb#000000&#8243; thickness=\u00bb1&#8243; width=\u00bb50&#8243; up=\u00bb15&#8243; down=\u00bb30&#8243;][vc_column_text]Trazando caminos ofrece dos miradas sobre la naturaleza como imagen de los mundos a los que puede conducir un camino. Dos miradas fijadas en planos de diferente naturaleza -lienzo y papel- que captan la huella del cuerpo, el gesto y el recorrido a trav\u00e9s del trazo.<\/p>\n<p>&nbsp;<\/p>\n<p>La obra que <strong>Mercedes Cabada <\/strong>presenta en esta exposici\u00f3n surge de su experiencia en el Camino de Santiago.[\/vc_column_text][vc_empty_space height=\u00bb25&#8243;]<blockquote class=' with_quote_icon' style=''><i class='fa fa-quote-right' style=''><\/i><h5 class='blockquote-text' style=''>Hice el recorrido con un amigo que me dej\u00f3 sola. Las conversaciones deseadas ten\u00edan que pasar por mis ojos, y por la pluma. Los recuerdos se encontraron en los \u00e1rboles y en las plumas, en el sol y en las sombras. Se transformaron en el libro del camino, donde aterrizaron nuestras conversaciones con el paisaje. Tiempo despu\u00e9s, al abrirlo vi todo lo que me acompa\u00f1aba sin saberlo, dejando su huella. El paisaje se convierte en una excusa para deambular por las posibilidades del trazo en solitario e interactuar con otros materiales en b\u00fasquedas que me llevan a otras b\u00fasquedas.<\/h5><\/blockquote>[vc_empty_space height=\u00bb25&#8243;][vc_column_text]Las obras pict\u00f3ricas de <strong>Marina Berdalet<\/strong> tienen la naturaleza como eje vertebrador de un proceso creativo que va y viene entre la representaci\u00f3n de la realidad, la esencializaci\u00f3n de las estructuras naturales y los paisajes interiores. Su obra juega con el equilibrio creativo entre el vac\u00edo y el lleno, la profundidad en el plano con los elementos m\u00e1s peque\u00f1os y las variaciones del gesto corporal seg\u00fan las dimensiones de la obra.[\/vc_column_text][\/vc_column][\/vc_row][vc_row css_animation=\u00bb\u00bb row_type=\u00bbrow\u00bb use_row_as_full_screen_section=\u00bbno\u00bb type=\u00bbgrid\u00bb angled_section=\u00bbno\u00bb text_align=\u00bbleft\u00bb background_image_as_pattern=\u00bbwithout_pattern\u00bb z_index=\u00bb\u00bb padding_top=\u00bb75&#8243;][vc_column][vc_separator type=\u00bbnormal\u00bb color=\u00bb#000000&#8243; thickness=\u00bb3&#8243; up=\u00bb0&#8243; down=\u00bb0&#8243;][vc_empty_space height=\u00bb50&#8243;][vc_column_text]<\/p>\n<h2>Im\u00e1genes de la exposici\u00f3n<\/h2>\n<p>[\/vc_column_text][vc_separator type=\u00bbsmall\u00bb position=\u00bbleft\u00bb color=\u00bb#000000&#8243; thickness=\u00bb1&#8243; width=\u00bb50&#8243; up=\u00bb15&#8243; down=\u00bb50&#8243;][\/vc_column][\/vc_row][vc_row css_animation=\u00bb\u00bb row_type=\u00bbrow\u00bb use_row_as_full_screen_section=\u00bbno\u00bb type=\u00bbgrid\u00bb angled_section=\u00bbno\u00bb text_align=\u00bbleft\u00bb background_image_as_pattern=\u00bbwithout_pattern\u00bb z_index=\u00bb\u00bb][vc_column][vc_gallery type=\u00bbimage_grid\u00bb images=\u00bb17242,17244,17246,17248&#8243; img_size=\u00bbfull\u00bb column_number=\u00bb4&#8243; grayscale=\u00bbno\u00bb images_space=\u00bbgallery_with_space\u00bb][vc_empty_space height=\u00bb25&#8243;][\/vc_column][\/vc_row]<\/p>\n<\/div>","protected":false},"excerpt":{"rendered":"<p>[vc_row css_animation=\u00bb\u00bb row_type=\u00bbrow\u00bb use_row_as_full_screen_section=\u00bbno\u00bb type=\u00bbgrid\u00bb angled_section=\u00bbno\u00bb text_align=\u00bbleft\u00bb background_image_as_pattern=\u00bbwithout_pattern\u00bb z_index=\u00bb\u00bb][vc_column][vc_column_text] Inicio \/ Exposiciones \/ Trazando cami\u00f1os [\/vc_column_text][\/vc_column][\/vc_row][vc_row css_animation=\u00bb\u00bb row_type=\u00bbrow\u00bb use_row_as_full_screen_section=\u00bbno\u00bb type=\u00bbgrid\u00bb angled_section=\u00bbno\u00bb text_align=\u00bbleft\u00bb background_image_as_pattern=\u00bbwithout_pattern\u00bb z_index=\u00bb\u00bb padding_top=\u00bb25&#8243; padding_bottom=\u00bb0&#8243;][vc_column][vc_separator type=\u00bbnormal\u00bb color=\u00bb#000000&#8243; thickness=\u00bb1&#8243; up=\u00bb0&#8243; down=\u00bb0&#8243;][\/vc_column][\/vc_row][vc_row css_animation=\u00bb\u00bb row_type=\u00bbrow\u00bb use_row_as_full_screen_section=\u00bbno\u00bb type=\u00bbfull_width\u00bb angled_section=\u00bbno\u00bb text_align=\u00bbleft\u00bb background_image_as_pattern=\u00bbwithout_pattern\u00bb z_index=\u00bb\u00bb padding_top=\u00bb0&#8243; padding_bottom=\u00bb0&#8243; anchor=\u00bbinici\u00bb][vc_column width=\u00bb1\/2&#8243;][vc_single_image image=\u00bb17240&#8243; img_size=\u00bbfull\u00bb&#8230;<\/p>\n","protected":false},"author":1,"featured_media":0,"parent":17578,"menu_order":0,"comment_status":"open","ping_status":"open","template":"","meta":{"footnotes":""},"class_list":["post-17640","page","type-page","status-publish","hentry"],"_links":{"self":[{"href":"https:\/\/www.marinaberdalet.com\/es\/wp-json\/wp\/v2\/pages\/17640","targetHints":{"allow":["GET"]}}],"collection":[{"href":"https:\/\/www.marinaberdalet.com\/es\/wp-json\/wp\/v2\/pages"}],"about":[{"href":"https:\/\/www.marinaberdalet.com\/es\/wp-json\/wp\/v2\/types\/page"}],"author":[{"embeddable":true,"href":"https:\/\/www.marinaberdalet.com\/es\/wp-json\/wp\/v2\/users\/1"}],"replies":[{"embeddable":true,"href":"https:\/\/www.marinaberdalet.com\/es\/wp-json\/wp\/v2\/comments?post=17640"}],"version-history":[{"count":2,"href":"https:\/\/www.marinaberdalet.com\/es\/wp-json\/wp\/v2\/pages\/17640\/revisions"}],"predecessor-version":[{"id":17824,"href":"https:\/\/www.marinaberdalet.com\/es\/wp-json\/wp\/v2\/pages\/17640\/revisions\/17824"}],"up":[{"embeddable":true,"href":"https:\/\/www.marinaberdalet.com\/es\/wp-json\/wp\/v2\/pages\/17578"}],"wp:attachment":[{"href":"https:\/\/www.marinaberdalet.com\/es\/wp-json\/wp\/v2\/media?parent=17640"}],"curies":[{"name":"wp","href":"https:\/\/api.w.org\/{rel}","templated":true}]}}