{"id":17643,"date":"2024-02-20T19:25:27","date_gmt":"2024-02-20T17:25:27","guid":{"rendered":"https:\/\/www.marinaberdalet.com\/?page_id=17643"},"modified":"2025-06-22T19:49:02","modified_gmt":"2025-06-22T17:49:02","slug":"temenos","status":"publish","type":"page","link":"https:\/\/www.marinaberdalet.com\/es\/temenos\/","title":{"rendered":"T\u00e8menos"},"content":{"rendered":"<div class=\"wpb-content-wrapper\"><p>[vc_row css_animation=\u00bb\u00bb row_type=\u00bbrow\u00bb use_row_as_full_screen_section=\u00bbno\u00bb type=\u00bbgrid\u00bb angled_section=\u00bbno\u00bb text_align=\u00bbleft\u00bb background_image_as_pattern=\u00bbwithout_pattern\u00bb z_index=\u00bb\u00bb][vc_column][vc_column_text]<\/p>\n<p style=\"text-align: right;\"><a href=\"\/es\">Inicio<\/a> \/ T\u00e8menos<\/p>\n<p>[\/vc_column_text][\/vc_column][\/vc_row][vc_row css_animation=\u00bb\u00bb row_type=\u00bbrow\u00bb use_row_as_full_screen_section=\u00bbno\u00bb type=\u00bbgrid\u00bb angled_section=\u00bbno\u00bb text_align=\u00bbleft\u00bb background_image_as_pattern=\u00bbwithout_pattern\u00bb z_index=\u00bb\u00bb padding_top=\u00bb25&#8243; padding_bottom=\u00bb0&#8243;][vc_column][vc_separator type=\u00bbnormal\u00bb color=\u00bb#000000&#8243; thickness=\u00bb1&#8243; up=\u00bb0&#8243; down=\u00bb0&#8243;][\/vc_column][\/vc_row][vc_row css_animation=\u00bb\u00bb row_type=\u00bbrow\u00bb use_row_as_full_screen_section=\u00bbno\u00bb type=\u00bbfull_width\u00bb angled_section=\u00bbno\u00bb text_align=\u00bbleft\u00bb background_image_as_pattern=\u00bbwithout_pattern\u00bb z_index=\u00bb\u00bb padding_top=\u00bb0&#8243; padding_bottom=\u00bb0&#8243; anchor=\u00bbinici\u00bb][vc_column][vc_empty_space height=\u00bb50&#8243;][vc_column_text]<\/p>\n<h1>T\u00e8menos: un lugar donde el arte es el centro y sus posibilidades, infinitas<\/h1>\n<p>[\/vc_column_text][vc_empty_space height=\u00bb25&#8243;]<blockquote class=' with_quote_icon' style=''><i class='fa fa-quote-right' style=''><\/i><h5 class='blockquote-text' style=''>T\u00c8MENOS: Palabra que tiene su origen en las culturas cl\u00e1sicas mediterr\u00e1neas para referirse a un espacio sagrado. C.G.Jung relaciona los T\u00c8MENOS con el fascinante c\u00edrculo m\u00e1gico donde se realiza el trabajo mental. Me gusta imaginar mi T\u00c8MENOS con un lugar -f\u00edsico y mental- donde el arte es el centro y sus posibilidades, infinitas.<\/h5><\/blockquote>[\/vc_column][\/vc_row][vc_row css_animation=\u00bb\u00bb row_type=\u00bbrow\u00bb use_row_as_full_screen_section=\u00bbno\u00bb type=\u00bbfull_width\u00bb angled_section=\u00bbno\u00bb text_align=\u00bbleft\u00bb background_image_as_pattern=\u00bbwithout_pattern\u00bb z_index=\u00bb\u00bb padding_top=\u00bb75&#8243; padding_bottom=\u00bb75&#8243;][vc_column width=\u00bb1\/2&#8243;][vc_single_image image=\u00bb16228&#8243; img_size=\u00bb600&#215;650&#8243; qode_css_animation=\u00bb\u00bb][vc_empty_space height=\u00bb25&#8243;][\/vc_column][vc_column width=\u00bb1\/2&#8243;][vc_column_text]<\/p>\n<h2>\u00bfQu\u00e9 es T\u00e8menos?<\/h2>\n<p>[\/vc_column_text][vc_separator type=\u00bbsmall\u00bb position=\u00bbleft\u00bb color=\u00bb#000000&#8243; thickness=\u00bb1&#8243;][vc_empty_space height=\u00bb25&#8243;][vc_column_text]<strong>T\u00e8menos #Marina Berdalet<\/strong> no es s\u00f3lo un espacio f\u00edsico -situado en la calle Verdaguer 9, en el municipio de l&#8217;Estany (Moian\u00e8s)-, sino tambi\u00e9n la <strong>marca personal<\/strong> de Marina Berdalet: una propuesta pict\u00f3rica, educativa y de arteterapia ofrecida a un p\u00fablico diverso.<\/p>\n<p>&nbsp;<\/p>\n<p>El inter\u00e9s por una educaci\u00f3n art\u00edstica de calidad y el conocimiento de la capacidad terap\u00e9utica del arte, me ha conducido a combinar la investigaci\u00f3n art\u00edstica personal con el arteterapia y la docencia.<\/p>\n<p>&nbsp;<\/p>\n<p>Por eso T\u00c8MENOS #marinaberdalet ofrece:<\/p>\n<p>&nbsp;<\/p>\n<ul>\n<li style=\"list-style-type: none;\">\n<ul>\n<li style=\"list-style-type: none;\">\n<ul>\n<li>Talleres de arte<\/li>\n<li>Talleres de arteterapia<\/li>\n<li>Charlas y conferencias sobre arte, arteterapia y procesos creativos<\/li>\n<li>Actuaciones improvisadas de dibujo con fuego y humo acompa\u00f1adas de la m\u00fasica de clarinete de Joaquim Ab\u00f3s o el cello de Frances Bartlett<\/li>\n<li>Encargos de pintura, dise\u00f1o, ilustraci\u00f3n<\/li>\n<li>Acogida de acciones artisticas y culturales<\/li>\n<\/ul>\n<\/li>\n<\/ul>\n<\/li>\n<\/ul>\n<p>&nbsp;<\/p>\n<p><a href=\"https:\/\/www.marinaberdalet.com\/es\/contacto\/\">Quiero saber m\u00e1s sobre T\u00e8menos \u2192<\/a>[\/vc_column_text][\/vc_column][\/vc_row][vc_row css_animation=\u00bb\u00bb row_type=\u00bbrow\u00bb use_row_as_full_screen_section=\u00bbno\u00bb type=\u00bbgrid\u00bb angled_section=\u00bbno\u00bb text_align=\u00bbleft\u00bb background_image_as_pattern=\u00bbwithout_pattern\u00bb z_index=\u00bb\u00bb padding_bottom=\u00bb50&#8243;][vc_column][vc_separator type=\u00bbnormal\u00bb color=\u00bb#000000&#8243; thickness=\u00bb3&#8243; up=\u00bb0&#8243; down=\u00bb0&#8243;][vc_empty_space height=\u00bb50&#8243;][vc_column_text]<\/p>\n<h2>Las malas hierbas<\/h2>\n<p>[\/vc_column_text][vc_separator type=\u00bbsmall\u00bb position=\u00bbleft\u00bb color=\u00bb#000000&#8243; thickness=\u00bb1&#8243;][vc_empty_space height=\u00bb25&#8243;][vc_column_text]05.11.2023: 1\u00aa acci\u00f3n performativa LES MALES HERBES. Una jornada incluida en el ciclo CLIMA, organizado por el centro de arte contempor\u00e1neo CACIS. Participan junto a Marina Berdalet: Isabel Casas (bi\u00f3loga); Frances Bartlett (cello); Joaquim Ab\u00f3s (Clarinete); y la colaboraci\u00f3n del Cava Mas Clavel.[\/vc_column_text][vc_empty_space height=\u00bb50&#8243;][vc_gallery type=\u00bbimage_grid\u00bb images=\u00bb16233,16235,16237,16239&#8243; img_size=\u00bbfull\u00bb column_number=\u00bb4&#8243; grayscale=\u00bbno\u00bb images_space=\u00bbgallery_with_space\u00bb][\/vc_column][\/vc_row][vc_row css_animation=\u00bb\u00bb row_type=\u00bbrow\u00bb use_row_as_full_screen_section=\u00bbno\u00bb type=\u00bbgrid\u00bb angled_section=\u00bbno\u00bb text_align=\u00bbleft\u00bb background_image_as_pattern=\u00bbwithout_pattern\u00bb z_index=\u00bb\u00bb padding_bottom=\u00bb50&#8243;][vc_column][vc_separator type=\u00bbnormal\u00bb color=\u00bb#000000&#8243; thickness=\u00bb3&#8243; up=\u00bb0&#8243; down=\u00bb0&#8243;][vc_empty_space height=\u00bb50&#8243;][vc_column_text]<\/p>\n<h2>Caminada som\u00e1tica en l\u2019Estany. Taller conducido por Elisabet Vidal<\/h2>\n<p>[\/vc_column_text][vc_separator type=\u00bbsmall\u00bb position=\u00bbleft\u00bb color=\u00bb#000000&#8243; thickness=\u00bb1&#8243;][vc_empty_space height=\u00bb25&#8243;][vc_column_text]24.02.2024: 2a acci\u00f3n.<\/p>\n<p>Eli Vidal @VidaSom\u00e0tica: Per qu\u00e9 aprender a moverte si puedes moverte para aprender?[\/vc_column_text][vc_empty_space height=\u00bb50&#8243;][vc_gallery type=\u00bbimage_grid\u00bb images=\u00bb17930,17932&#8243; img_size=\u00bbfull\u00bb column_number=\u00bb4&#8243; grayscale=\u00bbno\u00bb images_space=\u00bbgallery_with_space\u00bb][\/vc_column][\/vc_row][vc_row css_animation=\u00bb\u00bb row_type=\u00bbrow\u00bb use_row_as_full_screen_section=\u00bbno\u00bb type=\u00bbgrid\u00bb angled_section=\u00bbno\u00bb text_align=\u00bbleft\u00bb background_image_as_pattern=\u00bbwithout_pattern\u00bb z_index=\u00bb\u00bb padding_bottom=\u00bb50&#8243;][vc_column][vc_separator type=\u00bbnormal\u00bb color=\u00bb#000000&#8243; thickness=\u00bb3&#8243; up=\u00bb0&#8243; down=\u00bb0&#8243;][vc_empty_space height=\u00bb50&#8243;][vc_column_text]<\/p>\n<h2><strong>Charla: El arte y sus aspectos terap\u00e9uticos<\/strong><\/h2>\n<p>[\/vc_column_text][vc_separator type=\u00bbsmall\u00bb position=\u00bbleft\u00bb color=\u00bb#000000&#8243; thickness=\u00bb1&#8243;][vc_empty_space height=\u00bb25&#8243;][vc_column_text]25.05.2024<\/p>\n<p>Jornada Amics de la Ciutat. Biblioteca Pilarin Bay\u00e9s, Vic[\/vc_column_text][vc_empty_space height=\u00bb50&#8243;][vc_gallery type=\u00bbimage_grid\u00bb images=\u00bb17915&#8243; img_size=\u00bbfull\u00bb column_number=\u00bb4&#8243; grayscale=\u00bbno\u00bb images_space=\u00bbgallery_with_space\u00bb][\/vc_column][\/vc_row][vc_row css_animation=\u00bb\u00bb row_type=\u00bbrow\u00bb use_row_as_full_screen_section=\u00bbno\u00bb type=\u00bbgrid\u00bb angled_section=\u00bbno\u00bb text_align=\u00bbleft\u00bb background_image_as_pattern=\u00bbwithout_pattern\u00bb z_index=\u00bb\u00bb padding_bottom=\u00bb50&#8243;][vc_column][vc_separator type=\u00bbnormal\u00bb color=\u00bb#000000&#8243; thickness=\u00bb3&#8243; up=\u00bb0&#8243; down=\u00bb0&#8243;][vc_empty_space height=\u00bb50&#8243;][vc_column_text]<\/p>\n<h2><strong>T\u00e8menos acoge el Grand Tour<\/strong><\/h2>\n<p>[\/vc_column_text][vc_separator type=\u00bbsmall\u00bb position=\u00bbleft\u00bb color=\u00bb#000000&#8243; thickness=\u00bb1&#8243;][vc_empty_space height=\u00bb25&#8243;][vc_column_text]23.08.2024 La noche del 23 al 24 de agosto un grupo de caminantes que hac\u00edan el trayecto Puigcerd\u00e0 \u2013 Barcelona pasaron la noche en el T\u00e8menos.<\/p>\n<p>Grand Tour es una ruta a pie de tres semanas y 300 km que los caminantes realizan con artistas de todas las disciplinas. Cada d\u00eda transcurren una etapa de unos 15 km con artistas que tienen proyectos y propuestas para compartir con los caminantes.<\/p>\n<p>\u00a1Todo un honor para m\u00ed acogerlos en este espacio dedicado al arte!!!<\/p>\n<p>Aqu\u00ed encontrareis unos enlaces con toda la informaci\u00f3n sobre el Grand Tour; https:\/\/naucoclea.com\/el-viatge-de-les-arts\/[\/vc_column_text][vc_empty_space height=\u00bb50&#8243;][vc_gallery type=\u00bbimage_grid\u00bb images=\u00bb17976,17978,17980,17982&#8243; img_size=\u00bbfull\u00bb column_number=\u00bb4&#8243; grayscale=\u00bbno\u00bb images_space=\u00bbgallery_with_space\u00bb][\/vc_column][\/vc_row][vc_row css_animation=\u00bb\u00bb row_type=\u00bbrow\u00bb use_row_as_full_screen_section=\u00bbno\u00bb type=\u00bbgrid\u00bb angled_section=\u00bbno\u00bb text_align=\u00bbleft\u00bb background_image_as_pattern=\u00bbwithout_pattern\u00bb z_index=\u00bb\u00bb padding_bottom=\u00bb50&#8243;][vc_column][vc_separator type=\u00bbnormal\u00bb color=\u00bb#000000&#8243; thickness=\u00bb3&#8243; up=\u00bb0&#8243; down=\u00bb0&#8243;][vc_empty_space height=\u00bb50&#8243;][vc_column_text]<\/p>\n<h2>T\u00e8menos participa en el proyecto de cocreaci\u00f3n duEts, con la Escola de l&#8217;Estany Curso 2024 \u2013 2025<\/h2>\n<p>[\/vc_column_text][vc_separator type=\u00bbsmall\u00bb position=\u00bbleft\u00bb color=\u00bb#000000&#8243; thickness=\u00bb1&#8243;][vc_empty_space height=\u00bb25&#8243;][vc_column_text]La Escola de l&#8217;Estany y la pintora Marina Berdalet han participado en el proyecto duEts liderado por la artista y activista cultural Roser Oduber. Bajo el nombre de DuEts, CACiS presenta un programa que pone el foco en la colaboraci\u00f3n como base y metodolog\u00eda clave para el desarrollo de proyectos de cocreaci\u00f3n art\u00edstica comunitaria.<\/p>\n<p>El punto de partida del proyecto se ha desarrollado en el T\u00e8menos, observando, analizando, investigando, el ecosistema que nace en un espacio natural sin la mano humana. Dibujos, cuadernos de artista, investigaciones de t\u00e9cnicas distintas para la captaci\u00f3n de texturas y desarrollos pl\u00e1sticos diversos, creaci\u00f3n de pigmentos naturales\u2026 han culminado con la realizaci\u00f3n de una exposici\u00f3n en la Sala polivalente de la Casa de Cultura. El proyecto duEts ha resultado ser un espacio de investigaci\u00f3n y descubrimiento donde el proceso de realizaci\u00f3n se ha ido haciendo poco a poco y disfrutando el d\u00eda a d\u00eda. Sab\u00edamos cu\u00e1l era el punto de partida, pero no ten\u00edamos establecido cu\u00e1l deb\u00eda ser el resultado final. El camino lo hemos ido trazando entre todos.[\/vc_column_text][vc_empty_space height=\u00bb50&#8243;][vc_gallery type=\u00bbimage_grid\u00bb images=\u00bb18138,18142,18156,18152&#8243; img_size=\u00bbfull\u00bb column_number=\u00bb4&#8243; grayscale=\u00bbno\u00bb images_space=\u00bbgallery_with_space\u00bb][\/vc_column][\/vc_row][vc_row css_animation=\u00bb\u00bb row_type=\u00bbrow\u00bb use_row_as_full_screen_section=\u00bbno\u00bb type=\u00bbgrid\u00bb angled_section=\u00bbno\u00bb text_align=\u00bbleft\u00bb background_image_as_pattern=\u00bbwithout_pattern\u00bb z_index=\u00bb\u00bb padding_bottom=\u00bb50&#8243;][vc_column][vc_separator type=\u00bbnormal\u00bb color=\u00bb#000000&#8243; thickness=\u00bb3&#8243; up=\u00bb0&#8243; down=\u00bb0&#8243;][vc_empty_space height=\u00bb50&#8243;][vc_column_text]<\/p>\n<h2>TALLA\u2019M (Encuentro Amantes de Libros de Arte en el Moian\u00e8s)<\/h2>\n<p>[\/vc_column_text][vc_separator type=\u00bbsmall\u00bb position=\u00bbleft\u00bb color=\u00bb#000000&#8243; thickness=\u00bb1&#8243;][vc_empty_space height=\u00bb25&#8243;][vc_column_text]21.6.2025<\/p>\n<p>Una matinal fant\u00e1stica de intercambio de obras, propuestas y experiencias entre editores y obradores de libros artesanos, espacios de creaci\u00f3n y artistas en los que los libros han sido los protagonistas. Organizado por la @bibliogr\u00e1fica de Ignasi L\u00f3pez y T\u00e8menos.[\/vc_column_text][vc_empty_space height=\u00bb50&#8243;][vc_gallery type=\u00bbimage_grid\u00bb images=\u00bb18167,18169,18171,18173,18175,18177&#8243; img_size=\u00bbfull\u00bb column_number=\u00bb4&#8243; grayscale=\u00bbno\u00bb images_space=\u00bbgallery_with_space\u00bb][\/vc_column][\/vc_row]<\/p>\n<\/div>","protected":false},"excerpt":{"rendered":"<p>[vc_row css_animation=\u00bb\u00bb row_type=\u00bbrow\u00bb use_row_as_full_screen_section=\u00bbno\u00bb type=\u00bbgrid\u00bb angled_section=\u00bbno\u00bb text_align=\u00bbleft\u00bb background_image_as_pattern=\u00bbwithout_pattern\u00bb z_index=\u00bb\u00bb][vc_column][vc_column_text] Inicio \/ T\u00e8menos [\/vc_column_text][\/vc_column][\/vc_row][vc_row css_animation=\u00bb\u00bb row_type=\u00bbrow\u00bb use_row_as_full_screen_section=\u00bbno\u00bb type=\u00bbgrid\u00bb angled_section=\u00bbno\u00bb text_align=\u00bbleft\u00bb background_image_as_pattern=\u00bbwithout_pattern\u00bb z_index=\u00bb\u00bb padding_top=\u00bb25&#8243; padding_bottom=\u00bb0&#8243;][vc_column][vc_separator type=\u00bbnormal\u00bb color=\u00bb#000000&#8243; thickness=\u00bb1&#8243; up=\u00bb0&#8243; down=\u00bb0&#8243;][\/vc_column][\/vc_row][vc_row css_animation=\u00bb\u00bb row_type=\u00bbrow\u00bb use_row_as_full_screen_section=\u00bbno\u00bb type=\u00bbfull_width\u00bb angled_section=\u00bbno\u00bb text_align=\u00bbleft\u00bb background_image_as_pattern=\u00bbwithout_pattern\u00bb z_index=\u00bb\u00bb padding_top=\u00bb0&#8243; padding_bottom=\u00bb0&#8243; anchor=\u00bbinici\u00bb][vc_column][vc_empty_space height=\u00bb50&#8243;][vc_column_text] T\u00e8menos: un lugar donde el&#8230;<\/p>\n","protected":false},"author":1,"featured_media":0,"parent":0,"menu_order":0,"comment_status":"open","ping_status":"open","template":"","meta":{"footnotes":""},"class_list":["post-17643","page","type-page","status-publish","hentry"],"_links":{"self":[{"href":"https:\/\/www.marinaberdalet.com\/es\/wp-json\/wp\/v2\/pages\/17643","targetHints":{"allow":["GET"]}}],"collection":[{"href":"https:\/\/www.marinaberdalet.com\/es\/wp-json\/wp\/v2\/pages"}],"about":[{"href":"https:\/\/www.marinaberdalet.com\/es\/wp-json\/wp\/v2\/types\/page"}],"author":[{"embeddable":true,"href":"https:\/\/www.marinaberdalet.com\/es\/wp-json\/wp\/v2\/users\/1"}],"replies":[{"embeddable":true,"href":"https:\/\/www.marinaberdalet.com\/es\/wp-json\/wp\/v2\/comments?post=17643"}],"version-history":[{"count":30,"href":"https:\/\/www.marinaberdalet.com\/es\/wp-json\/wp\/v2\/pages\/17643\/revisions"}],"predecessor-version":[{"id":18181,"href":"https:\/\/www.marinaberdalet.com\/es\/wp-json\/wp\/v2\/pages\/17643\/revisions\/18181"}],"wp:attachment":[{"href":"https:\/\/www.marinaberdalet.com\/es\/wp-json\/wp\/v2\/media?parent=17643"}],"curies":[{"name":"wp","href":"https:\/\/api.w.org\/{rel}","templated":true}]}}