{"id":17646,"date":"2024-02-26T10:13:40","date_gmt":"2024-02-26T08:13:40","guid":{"rendered":"https:\/\/www.marinaberdalet.com\/?page_id=17646"},"modified":"2024-03-21T20:33:10","modified_gmt":"2024-03-21T18:33:10","slug":"colada","status":"publish","type":"page","link":"https:\/\/www.marinaberdalet.com\/es\/colada\/","title":{"rendered":"Colada"},"content":{"rendered":"<div class=\"wpb-content-wrapper\"><p>[vc_row css_animation=\u00bb\u00bb row_type=\u00bbrow\u00bb use_row_as_full_screen_section=\u00bbno\u00bb type=\u00bbgrid\u00bb angled_section=\u00bbno\u00bb text_align=\u00bbleft\u00bb background_image_as_pattern=\u00bbwithout_pattern\u00bb z_index=\u00bb\u00bb][vc_column][vc_column_text]<\/p>\n<p style=\"text-align: right;\"><a href=\"\/es\">Inicio<\/a> \/ Colada<\/p>\n<p>[\/vc_column_text][\/vc_column][\/vc_row][vc_row css_animation=\u00bb\u00bb row_type=\u00bbrow\u00bb use_row_as_full_screen_section=\u00bbno\u00bb type=\u00bbgrid\u00bb angled_section=\u00bbno\u00bb text_align=\u00bbleft\u00bb background_image_as_pattern=\u00bbwithout_pattern\u00bb z_index=\u00bb\u00bb padding_top=\u00bb25&#8243; padding_bottom=\u00bb0&#8243;][vc_column][vc_separator type=\u00bbnormal\u00bb color=\u00bb#000000&#8243; thickness=\u00bb1&#8243; up=\u00bb0&#8243; down=\u00bb0&#8243;][\/vc_column][\/vc_row][vc_row css_animation=\u00bb\u00bb row_type=\u00bbrow\u00bb use_row_as_full_screen_section=\u00bbno\u00bb type=\u00bbfull_width\u00bb angled_section=\u00bbno\u00bb text_align=\u00bbleft\u00bb background_image_as_pattern=\u00bbwithout_pattern\u00bb z_index=\u00bb\u00bb padding_top=\u00bb0&#8243; padding_bottom=\u00bb0&#8243; anchor=\u00bbinici\u00bb][vc_column][vc_empty_space height=\u00bb50&#8243;][vc_column_text]<\/p>\n<h1>Colada<\/h1>\n<p>[\/vc_column_text][vc_empty_space height=\u00bb25&#8243;][vc_column_text]De forma espor\u00e1dica y por encargo, el retrato, la ilustraci\u00f3n y el dise\u00f1o han estado relativamente presentes en mi trayectoria profesional. Presento una muestra en una secci\u00f3n aparte, bautizada como \u201ccolada\u201d.[\/vc_column_text][vc_empty_space height=\u00bb75&#8243;][vc_row_inner row_type=\u00bbrow\u00bb type=\u00bbfull_width\u00bb text_align=\u00bbleft\u00bb css_animation=\u00bb\u00bb][vc_column_inner width=\u00bb1\/2&#8243;][vc_single_image image=\u00bb16330&#8243; img_size=\u00bb600&#215;650&#8243; onclick=\u00bbcustom_link\u00bb qode_css_animation=\u00bb\u00bb qode_hover_animation=\u00bbzoom_in\u00bb link=\u00bb\/es\/colada\/retratos\/\u00bb][vc_empty_space height=\u00bb25&#8243;][vc_column_text]<\/p>\n<h2>Retratos<\/h2>\n<p>[\/vc_column_text][vc_separator type=\u00bbsmall\u00bb position=\u00bbleft\u00bb color=\u00bb#000000&#8243; thickness=\u00bb1&#8243;][vc_column_text]Me gusta pintar y dibujar retratos. No intento solamente representar un rostro que posee dos ojos, una nariz y una boca. Con el retrato tambi\u00e9n pretendo capturar la voz y la respiraci\u00f3n de la persona observada: su manera de hablar, el movimiento de las manos que acompa\u00f1an el ritmo de su cuerpo cuando se expresa, siente, piensa, vive&#8230; Me gusta captar con la materia pict\u00f3rica aquello que la hace especial y \u00fanico.<\/p>\n<p>&nbsp;<\/p>\n<p>\u2192 <a href=\"\/es\/colada\/retratos\/\">Ver los Retratos<\/a>[\/vc_column_text][vc_empty_space height=\u00bb75&#8243;][\/vc_column_inner][vc_column_inner width=\u00bb1\/2&#8243;][vc_single_image image=\u00bb16910&#8243; img_size=\u00bb600&#215;650&#8243; onclick=\u00bbcustom_link\u00bb qode_css_animation=\u00bb\u00bb qode_hover_animation=\u00bbzoom_in\u00bb link=\u00bb\/es\/colada\/diseno-e-ilustracion\/\u00bb][vc_empty_space height=\u00bb25&#8243;][vc_column_text]<\/p>\n<h2>Dise\u00f1o e ilustraci\u00f3n<\/h2>\n<p>[\/vc_column_text][vc_separator type=\u00bbsmall\u00bb position=\u00bbleft\u00bb color=\u00bb#000000&#8243; thickness=\u00bb1&#8243;][vc_column_text]Desde 1988 he realizado peque\u00f1as incursiones en el campo de la ilustraci\u00f3n y el dise\u00f1o. En esta secci\u00f3n presento una selecci\u00f3n de mis propios dise\u00f1os (logotipos, carteles, barajas, etiquetas de vino, cuentos ilustrados y maquetaciones&#8230;), y tambi\u00e9n incluyo dibujos que posteriormente han sido aplicado a portadas de libros, revistas, merchandising. , etc&#8230;<\/p>\n<p>&nbsp;<\/p>\n<p>\u2192 <a href=\"\/es\/colada\/diseno-e-ilustracion\/\">Ver los dise\u00f1os e ilustraciones<\/a>[\/vc_column_text][vc_empty_space height=\u00bb75&#8243;][\/vc_column_inner][\/vc_row_inner][\/vc_column][\/vc_row]<\/p>\n<\/div>","protected":false},"excerpt":{"rendered":"<p>[vc_row css_animation=\u00bb\u00bb row_type=\u00bbrow\u00bb use_row_as_full_screen_section=\u00bbno\u00bb type=\u00bbgrid\u00bb angled_section=\u00bbno\u00bb text_align=\u00bbleft\u00bb background_image_as_pattern=\u00bbwithout_pattern\u00bb z_index=\u00bb\u00bb][vc_column][vc_column_text] Inicio \/ Colada [\/vc_column_text][\/vc_column][\/vc_row][vc_row css_animation=\u00bb\u00bb row_type=\u00bbrow\u00bb use_row_as_full_screen_section=\u00bbno\u00bb type=\u00bbgrid\u00bb angled_section=\u00bbno\u00bb text_align=\u00bbleft\u00bb background_image_as_pattern=\u00bbwithout_pattern\u00bb z_index=\u00bb\u00bb padding_top=\u00bb25&#8243; padding_bottom=\u00bb0&#8243;][vc_column][vc_separator type=\u00bbnormal\u00bb color=\u00bb#000000&#8243; thickness=\u00bb1&#8243; up=\u00bb0&#8243; down=\u00bb0&#8243;][\/vc_column][\/vc_row][vc_row css_animation=\u00bb\u00bb row_type=\u00bbrow\u00bb use_row_as_full_screen_section=\u00bbno\u00bb type=\u00bbfull_width\u00bb angled_section=\u00bbno\u00bb text_align=\u00bbleft\u00bb background_image_as_pattern=\u00bbwithout_pattern\u00bb z_index=\u00bb\u00bb padding_top=\u00bb0&#8243; padding_bottom=\u00bb0&#8243; anchor=\u00bbinici\u00bb][vc_column][vc_empty_space height=\u00bb50&#8243;][vc_column_text] Colada [\/vc_column_text][vc_empty_space height=\u00bb25&#8243;][vc_column_text]De forma espor\u00e1dica&#8230;<\/p>\n","protected":false},"author":1,"featured_media":0,"parent":0,"menu_order":0,"comment_status":"open","ping_status":"open","template":"","meta":{"footnotes":""},"class_list":["post-17646","page","type-page","status-publish","hentry"],"_links":{"self":[{"href":"https:\/\/www.marinaberdalet.com\/es\/wp-json\/wp\/v2\/pages\/17646","targetHints":{"allow":["GET"]}}],"collection":[{"href":"https:\/\/www.marinaberdalet.com\/es\/wp-json\/wp\/v2\/pages"}],"about":[{"href":"https:\/\/www.marinaberdalet.com\/es\/wp-json\/wp\/v2\/types\/page"}],"author":[{"embeddable":true,"href":"https:\/\/www.marinaberdalet.com\/es\/wp-json\/wp\/v2\/users\/1"}],"replies":[{"embeddable":true,"href":"https:\/\/www.marinaberdalet.com\/es\/wp-json\/wp\/v2\/comments?post=17646"}],"version-history":[{"count":7,"href":"https:\/\/www.marinaberdalet.com\/es\/wp-json\/wp\/v2\/pages\/17646\/revisions"}],"predecessor-version":[{"id":17850,"href":"https:\/\/www.marinaberdalet.com\/es\/wp-json\/wp\/v2\/pages\/17646\/revisions\/17850"}],"wp:attachment":[{"href":"https:\/\/www.marinaberdalet.com\/es\/wp-json\/wp\/v2\/media?parent=17646"}],"curies":[{"name":"wp","href":"https:\/\/api.w.org\/{rel}","templated":true}]}}